{"id":3,"date":"2021-11-08T05:20:44","date_gmt":"2021-11-08T04:20:44","guid":{"rendered":"https:\/\/www.eurofacto.com\/?page_id=3"},"modified":"2024-07-04T20:52:53","modified_gmt":"2024-07-04T18:52:53","slug":"confidentialite","status":"publish","type":"page","link":"https:\/\/www.eurofacto.com\/en\/confidentialite\/","title":{"rendered":"Privacy policy"},"content":{"rendered":"<div class=\"wp-block-stackable-divider stk-block-divider stk-block stk-5a89710\" data-block-id=\"5a89710\"><style>.stk-5a89710{margin-bottom:60px !important}.stk-5a89710 hr.stk-block-divider__hr{background:var(--theme-palette-color-5,#ffffff) !important}<\/style><hr class=\"stk-block-divider__hr\"\/><\/div>\n\n\n\n<div class=\"wp-block-stackable-columns stk-block-columns stk-block stk-0f788c7\" data-block-id=\"0f788c7\"><style>.stk-0f788c7{margin-top:0px !important}<\/style><div class=\"stk-row stk-inner-blocks stk-block-content stk-content-align stk-0f788c7-column\">\n<div class=\"wp-block-stackable-column stk-block-column stk-column stk-block stk-3ef86e4\" data-block-id=\"3ef86e4\"><div class=\"stk-column-wrapper stk-block-column__content stk-container stk-3ef86e4-container stk--no-background stk--no-padding\"><div class=\"stk-block-content stk-inner-blocks\">\n<div class=\"wp-block-stackable-heading stk-block-heading stk-block stk-5d223e9\" data-block-id=\"5d223e9\"><style>.stk-5d223e9 .stk-block-heading__text{font-size:25px !important}@media screen and (max-width:999px){.stk-5d223e9 .stk-block-heading__text{font-size:25px !important}}<\/style><h5 class=\"stk-block-heading__text has-text-align-center\"><span style=\"color: var(--theme-palette-color-4, #333f48);background: linear-gradient(to bottom, transparent 50%, var(--stk-global-color-37635, #e2eef9) 50%)\" class=\"stk-highlight\">Privacy policy<\/span><\/h5><\/div>\n<\/div><\/div><\/div>\n<\/div><\/div>\n\n\n\n<hr class=\"wp-block-separator has-text-color has-background has-palette-color-4-background-color has-palette-color-4-color is-style-dots\"\/>\n\n\n\n<div class=\"wp-block-stackable-heading stk-block-heading stk-block stk-f93c218\" data-block-id=\"f93c218\"><style>.stk-f93c218 .stk-block-heading__text{font-size:22px !important}@media screen and (max-width:999px){.stk-f93c218 .stk-block-heading__text{font-size:22px !important}}<\/style><h5 class=\"stk-block-heading__text\">1 \u2013 Intellectual property and counterfeits<\/h5><\/div>\n\n\n\n<div class=\"wp-block-stackable-text stk-block-text stk-block stk-46d1fb5\" data-block-id=\"46d1fb5\"><p class=\"stk-block-text__text\">Eurofacto SASU is the owner of the intellectual property rights and holds the rights of use on all the elements accessible on the website, in particular the texts, images, graphics, logos, videos, architecture, icons and sounds.<\/p><\/div>\n\n\n\n<div class=\"wp-block-stackable-text stk-block-text stk-block stk-1ded1ee\" data-block-id=\"1ded1ee\"><p class=\"stk-block-text__text\">Any reproduction, representation, modification, publication, adaptation of all or part of the elements of the site, whatever the means or process used, is prohibited, without prior written authorization from Eurofacto.<\/p><\/div>\n\n\n\n<div class=\"wp-block-stackable-text stk-block-text stk-block stk-68a1060\" data-block-id=\"68a1060\"><p class=\"stk-block-text__text\">Any unauthorized use of the site or any element it contains will be considered as constituting an infringement and prosecuted in accordance with the provisions of articles\u00a0<a rel=\"noreferrer noopener\" href=\"https:\/\/www.legifrance.gouv.fr\/affichCodeArticle.do?idArticle=LEGIARTI000032655082&amp;cidTexte=LEGITEXT000006069414&amp;dateTexte=20160605\" target=\"_blank\">L. 335-2 and following of the Intellectual Property Code<\/a>.<\/p><\/div>\n\n\n\n<hr class=\"wp-block-separator has-text-color has-background has-palette-color-5-background-color has-palette-color-5-color\"\/>\n\n\n\n<div class=\"wp-block-stackable-heading stk-block-heading stk-block stk-2fd2df1\" data-block-id=\"2fd2df1\"><style>.stk-2fd2df1 .stk-block-heading__text{font-size:22px !important}@media screen and (max-width:999px){.stk-2fd2df1 .stk-block-heading__text{font-size:22px !important}}<\/style><h5 class=\"stk-block-heading__text\">2 \u2013 Limitation of Liability<\/h5><\/div>\n\n\n\n<div class=\"wp-block-stackable-text stk-block-text stk-block stk-c40919d\" data-block-id=\"c40919d\"><p class=\"stk-block-text__text\">Eurofacto cannot be held responsible for direct and indirect damage caused to the user's equipment when accessing the site www.eurofacto.com.<\/p><\/div>\n\n\n\n<div class=\"wp-block-stackable-text stk-block-text stk-block stk-82db79b\" data-block-id=\"82db79b\"><p class=\"stk-block-text__text\">Eurofacto declines all responsibility for the use that may be made of the information and content present on www.eurofacto.com.<\/p><\/div>\n\n\n\n<div class=\"wp-block-stackable-text stk-block-text stk-block stk-8dfb96f\" data-block-id=\"8dfb96f\"><p class=\"stk-block-text__text\">Eurofacto undertakes to secure the site www.eurofacto.com as well as possible, however its responsibility cannot be called into question if undesirable data is imported and installed on its site without its knowledge.<\/p><\/div>\n\n\n\n<div class=\"wp-block-stackable-text stk-block-text stk-block stk-b2c4d40\" data-block-id=\"b2c4d40\"><p class=\"stk-block-text__text\">Interactive areas (contact form or comments) are available to users. Eurofacto reserves the right to delete, without prior notice, any content posted in this area that would contravene the legislation applicable in France, in particular the provisions relating to data protection.<\/p><\/div>\n\n\n\n<div class=\"wp-block-stackable-text stk-block-text stk-block stk-5c3db43\" data-block-id=\"5c3db43\"><p class=\"stk-block-text__text\">Where applicable, Eurofacto also reserves the right to question the user's civil and\/or criminal liability, particularly in the event of a racist, abusive, defamatory or pornographic message, regardless of the medium used (text , photography \u2026).<\/p><\/div>\n\n\n\n<hr class=\"wp-block-separator has-text-color has-background has-palette-color-5-background-color has-palette-color-5-color\"\/>\n\n\n\n<div class=\"wp-block-stackable-heading stk-block-heading stk-block stk-849c1fc\" data-block-id=\"849c1fc\"><style>.stk-849c1fc .stk-block-heading__text{font-size:22px !important}@media screen and (max-width:999px){.stk-849c1fc .stk-block-heading__text{font-size:22px !important}}<\/style><h5 class=\"stk-block-heading__text\">3 \u2013 Personal data management<\/h5><\/div>\n\n\n\n<div class=\"wp-block-stackable-text stk-block-text stk-block stk-5070b5a\" data-block-id=\"5070b5a\"><p class=\"stk-block-text__text\">Eurofacto gives particular importance to compliance with privacy protection rules. All the processing of personal data implemented within the framework of the accessible services complies with the local regulations applicable to the protection of personal data and in particular the provisions of the law \"Informatique et Libert\u00e9s\" of January 6, 1978 as amended and the General Regulations on Data Protection (EU Regulation 2016\/679) or \"GDPR\".<\/p><\/div>\n\n\n\n<div class=\"wp-block-stackable-text stk-block-text stk-block stk-eb40006\" data-block-id=\"eb40006\"><p class=\"stk-block-text__text\">Eurofacto does not collect more personal data than that provided by the user himself during his communication with our services: written or telephone contact with our customer service, filling in the contact form, creation of a customer account. <br>These data (surname, first name, address, email address, password, telephone number) are kept and used exclusively for the customer relationship (request for quote, order, after-sales service, etc.) and requested service by the user.<br>Under no circumstances are these data likely to be made available to a third party. <\/p><\/div>\n\n\n\n<div class=\"wp-block-stackable-text stk-block-text stk-block stk-afc9003\" data-block-id=\"afc9003\"><p class=\"stk-block-text__text\">Storage of data: these are kept for a period that does not exceed the period necessary for the purposes for which they are collected and processed, in accordance with the applicable national and European regulations.<br>Most data (e.g. information from your customer account and order history) is kept as long as you are an \"active\" customer and for a period of 3 years from your last activity, or until the exercise of your rights as you request.<\/p><\/div>\n\n\n\n<div class=\"wp-block-stackable-text stk-block-text stk-block stk-5293726\" data-block-id=\"5293726\"><p class=\"stk-block-text__text\">Data protection: we collect certain browsing data (IP address, connection and browsing data) to enable us to ensure the security of our services and to detect, avoid or trace any attempt at malicious intent or intrusion computer or any violation of our Terms of Service.<\/p><\/div>\n\n\n\n<div class=\"wp-block-stackable-text stk-block-text stk-block stk-d8131fa\" data-block-id=\"d8131fa\"><p class=\"stk-block-text__text\">In accordance with the provisions of&nbsp;<a rel=\"noreferrer noopener\" href=\"https:\/\/www.legifrance.gouv.fr\/affichTexte.do?cidTexte=JORFTEXT000000886460\" target=\"_blank\">law 78-17 of January 6, 1978 as amended<\/a>, the user of the site www.eurofacto.com has the right to access, modify and delete the information collected. To exercise this right, you can send your request to the email address hello@eurofacto.com.<\/p><\/div>\n\n\n\n<hr class=\"wp-block-separator has-text-color has-background has-palette-color-5-background-color has-palette-color-5-color\"\/>\n\n\n\n<div class=\"wp-block-stackable-heading stk-block-heading stk-block stk-adf5665\" data-block-id=\"adf5665\"><style>.stk-adf5665 .stk-block-heading__text{font-size:22px !important}@media screen and (max-width:999px){.stk-adf5665 .stk-block-heading__text{font-size:22px !important}}<\/style><h5 class=\"stk-block-heading__text\">4 \u2013 Hypertext links and cookies<\/h5><\/div>\n\n\n\n<div class=\"wp-block-stackable-text stk-block-text stk-block stk-1cd3a4d\" data-block-id=\"1cd3a4d\"><p class=\"stk-block-text__text\">The website www.eurofacto.com contains hypertext links to other websites and disclaims all liability regarding these external links or links created by other sites to www.eurofacto.com.<\/p><\/div>\n\n\n\n<div class=\"wp-block-stackable-text stk-block-text stk-block stk-4750f00\" data-block-id=\"4750f00\"><p class=\"stk-block-text__text\">Browsing on the site www.eurofacto.com is likely to cause the installation of cookie(s) on the user's computer.<\/p><\/div>\n\n\n\n<div class=\"wp-block-stackable-text stk-block-text stk-block stk-a0dd074\" data-block-id=\"a0dd074\"><p class=\"stk-block-text__text\">A \"cookie\" is a small file that records information relating to a user's navigation on a site. The data thus obtained makes it possible to obtain attendance measurements, for example.<\/p><\/div>\n\n\n\n<div class=\"wp-block-stackable-text stk-block-text stk-block stk-73669c1\" data-block-id=\"73669c1\"><p class=\"stk-block-text__text\">You get the choice whether&nbsp;<strong>to accept or refuse the cookies<\/strong>&nbsp;by changing your browser settings. No cookies will be placed without your consent.<\/p><\/div>\n\n\n\n<div class=\"wp-block-stackable-text stk-block-text stk-block stk-4a14da2\" data-block-id=\"4a14da2\"><p class=\"stk-block-text__text\">Cookies are saved for a maximum of 13 months.<\/p><\/div>\n\n\n\n<hr class=\"wp-block-separator has-text-color has-background has-palette-color-5-background-color has-palette-color-5-color\"\/>\n\n\n\n<div class=\"wp-block-stackable-heading stk-block-heading stk-block stk-1d57fef\" data-block-id=\"1d57fef\"><style>.stk-1d57fef .stk-block-heading__text{font-size:22px !important}@media screen and (max-width:999px){.stk-1d57fef .stk-block-heading__text{font-size:22px !important}}<\/style><h5 class=\"stk-block-heading__text\">5 \u2013 Applicable law and attribution of jurisdiction<\/h5><\/div>\n\n\n\n<div class=\"wp-block-stackable-text stk-block-text stk-block stk-0c60f18\" data-block-id=\"0c60f18\"><p class=\"stk-block-text__text\">In accordance with the applicable regulations on the protection of personal data, you may, at any time, exercise your rights of access, rectification, deletion of data concerning you as well as your rights of limitation and opposition to the processing and the portability of your personal data. In addition, you have the legal right to define directives relating to the fate of your personal data post mortem. These rights can be exercised by email to the address hello@eurofacto.com, or by post to the address: Eurofacto \u2013 84 rue Crevel Duval \u2013 92500 Rueil-Malmaison \u2013 France. Please accompany your request with the elements necessary for your identification (surname, first name, e-mail, customer reference) as well as any other information necessary to confirm your identity. For certain specific services, it is possible to exercise your rights directly online (management of newsletters, management of your customer account, management of your reservations and quotes, etc.). You also have a right of appeal to the Commission Nationale de l'Informatique et des Libert\u00e9s in the event of a violation of the applicable regulations on the protection of Personal Data by consulting the website at https:\/\/www.cnil. fr\/fr\/.<\/p><\/div>\n\n\n\n<div class=\"wp-block-stackable-text stk-block-text stk-block stk-6c4cb9d\" data-block-id=\"6c4cb9d\"><p class=\"stk-block-text__text\">Any dispute in connection with the use of the website www.eurofacto.com is subject to French law. Except in cases where the law does not allow it, exclusive jurisdiction is given to the competent courts of Nanterre.<\/p><\/div>\n\n\n\n<div class=\"wp-block-stackable-divider stk-block-divider stk-block stk-c91c588\" data-block-id=\"c91c588\"><style>.stk-c91c588{margin-bottom:80px !important}.stk-c91c588 hr.stk-block-divider__hr{background:var(--theme-palette-color-5,#ffffff) !important}<\/style><hr class=\"stk-block-divider__hr\"\/><\/div>","protected":false},"excerpt":{"rendered":"<p>Politique de confidentialit\u00e9 1 &#8211; Propri\u00e9t\u00e9 intellectuelle et contrefa\u00e7ons Eurofacto SASU&nbsp;est propri\u00e9taire des droits de propri\u00e9t\u00e9 intellectuelle et d\u00e9tient les droits d\u2019usage sur tous les \u00e9l\u00e9ments accessibles sur le site internet, notamment les textes, images, graphismes, logos, vid\u00e9os, architecture, ic\u00f4nes et sons. Toute reproduction, repr\u00e9sentation, modification, publication, adaptation de tout ou partie des \u00e9l\u00e9ments du [&hellip;]<\/p>\n","protected":false},"author":1,"featured_media":0,"parent":0,"menu_order":0,"comment_status":"closed","ping_status":"closed","template":"","meta":{"_uag_custom_page_level_css":"","footnotes":""},"class_list":["post-3","page","type-page","status-publish","hentry"],"blocksy_meta":{"page_title_panel":"","has_hero_section":"disabled","90a7b08cd4de93f8621f36988132eb4f":"","hero_section":"type-1","hero_elements":[{"id":"custom_title","enabled":true,"heading_tag":"h1","title":"Home"},{"id":"custom_description","enabled":true,"description_visibility":{"desktop":true,"tablet":true,"mobile":false}},{"id":"custom_meta","enabled":false,"meta_elements":[{"id":"author","enabled":true,"label":"Par","has_author_avatar":"yes","avatar_size":25},{"id":"post_date","enabled":true,"label":"Sur","date_format_source":"default","date_format":"M j, Y"},{"id":"updated_date","enabled":false,"label":"Sur","date_format_source":"default","date_format":"M j, Y"},{"id":"categories","enabled":false,"label":"Dans","style":"simple"},{"id":"comments","enabled":true}],"page_meta_elements":{"joined":true,"articles_count":true,"comments":true}},{"id":"breadcrumbs","enabled":false}],"dd71d4ce994d9c355967afdf9a08bff1":"","hero_alignment1":"CT_CSS_SKIP_RULE","hero_margin":40,"hero_alignment2":"center","hero_vertical_alignment":"center","c83f429c5509206f6f8c522df4304c5f":"","hero_structure":"narrow","cab828afcbd394208374a78639b66ba5":"","page_title_bg_type":"featured_image","custom_hero_background":{"attachment_id":null},"parallax":{"desktop":false,"tablet":false,"mobile":false},"1b387e1c8a64b8ad0cb2a324fc0b9448":"","hero_height":"250px","pageTitleFont":{"family":"Default","variation":"Default","size":"30px","line-height":"CT_CSS_SKIP_RULE","letter-spacing":"CT_CSS_SKIP_RULE","text-transform":"CT_CSS_SKIP_RULE","text-decoration":"CT_CSS_SKIP_RULE"},"pageTitleFontColor":{"default":{"color":"CT_CSS_SKIP_RULEDEFAULT"}},"pageMetaFont":{"family":"Default","variation":"n6","size":"12px","line-height":"1.3","letter-spacing":"CT_CSS_SKIP_RULE","text-transform":"uppercase","text-decoration":"CT_CSS_SKIP_RULE"},"pageMetaFontColor":{"default":{"color":"CT_CSS_SKIP_RULEDEFAULT"},"hover":{"color":"CT_CSS_SKIP_RULEDEFAULT"}},"page_meta_button_type_font_colors":{"default":{"color":"CT_CSS_SKIP_RULEDEFAULT"},"hover":{"color":"CT_CSS_SKIP_RULEDEFAULT"}},"page_meta_button_type_background_colors":{"default":{"color":"CT_CSS_SKIP_RULEDEFAULT"},"hover":{"color":"CT_CSS_SKIP_RULEDEFAULT"}},"pageExcerptFont":{"family":"Default","variation":"Default","size":"CT_CSS_SKIP_RULE","line-height":"CT_CSS_SKIP_RULE","letter-spacing":"CT_CSS_SKIP_RULE","text-transform":"CT_CSS_SKIP_RULE","text-decoration":"CT_CSS_SKIP_RULE"},"pageExcerptColor":{"default":{"color":"CT_CSS_SKIP_RULEDEFAULT"}},"breadcrumbsFont":{"family":"Default","variation":"Default","size":"CT_CSS_SKIP_RULE","line-height":"CT_CSS_SKIP_RULE","letter-spacing":"CT_CSS_SKIP_RULE","text-transform":"CT_CSS_SKIP_RULE","text-decoration":"CT_CSS_SKIP_RULE"},"breadcrumbsFontColor":{"default":{"color":"CT_CSS_SKIP_RULEDEFAULT"},"initial":{"color":"CT_CSS_SKIP_RULEDEFAULT"},"hover":{"color":"CT_CSS_SKIP_RULEDEFAULT"}},"pageTitleOverlay":{"background_type":"color","background_pattern":"type-1","background_image":{"attachment_id":null,"x":0,"y":0},"gradient":"linear-gradient(135deg,rgba(6,147,227,1) 0%,rgb(155,81,224) 100%)","background_repeat":"repeat","background_size":"auto","background_attachment":"scroll","patternColor":{"default":{"color":"#e5e7ea"}},"overlayColor":{"default":{"color":"CT_CSS_SKIP_RULE"}},"backgroundColor":{"default":{"color":"CT_CSS_SKIP_RULE"}}},"pageTitleBackground":{"background_type":"color","background_pattern":"type-1","background_image":{"attachment_id":null,"x":0,"y":0},"gradient":"linear-gradient(135deg,rgba(6,147,227,1) 0%,rgb(155,81,224) 100%)","background_repeat":"repeat","background_size":"auto","background_attachment":"scroll","patternColor":{"default":{"color":"#e5e7ea"}},"overlayColor":{"default":{"color":"CT_CSS_SKIP_RULE"}},"backgroundColor":{"default":{"color":"var(--theme-palette-color-6)"}}},"pageTitlePadding":{"top":"50px","bottom":"50px","left":"auto","right":"auto","linked":true},"8727905fb28aa3947d279353158e3811":"","page_structure_type":"type-3","46a43bedb7df803fda1c8c22a9a5be2f":"","content_style_source":"inherit","content_style":"wide","vertical_spacing_source":"inherit","content_area_spacing":"both","background":{"background_type":"color","background_pattern":"type-1","background_image":{"attachment_id":null,"x":0,"y":0},"gradient":"linear-gradient(135deg,rgba(6,147,227,1) 0%,rgb(155,81,224) 100%)","background_repeat":"repeat","background_size":"auto","background_attachment":"scroll","patternColor":{"default":{"color":"#e5e7ea"}},"overlayColor":{"default":{"color":"CT_CSS_SKIP_RULE"}},"backgroundColor":{"default":{"color":"CT_CSS_SKIP_RULE"}}},"content_background":{"background_type":"color","background_pattern":"type-1","background_image":{"attachment_id":null,"x":0,"y":0},"gradient":"linear-gradient(135deg,rgba(6,147,227,1) 0%,rgb(155,81,224) 100%)","background_repeat":"repeat","background_size":"auto","background_attachment":"scroll","patternColor":{"default":{"color":"#e5e7ea"}},"overlayColor":{"default":{"color":"CT_CSS_SKIP_RULE"}},"backgroundColor":{"default":{"color":"var(--theme-palette-color-8)"}}},"content_boxed_shadow":{"inherit":false,"blur":18,"spread":-6,"v_offset":12,"h_offset":0,"inset":false,"enable":true,"color":{"color":"rgba(34, 56, 101, 0.04)"}},"boxed_content_spacing":{"desktop":{"top":"40px","bottom":"40px","left":"40px","right":"40px","linked":true},"tablet":{"top":"35px","bottom":"35px","left":"35px","right":"35px","linked":true},"mobile":{"top":"20px","bottom":"20px","left":"20px","right":"20px","linked":true}},"content_boxed_radius":{"top":"3px","bottom":"3px","left":"3px","right":"3px","linked":true},"d3aa5148232e6801ae6dabf56f781a32":"","disable_featured_image":"no","disable_share_box":"no","disable_header":"no","disable_footer":"no","styles_descriptor":{"styles":{"desktop":"","tablet":"","mobile":""},"google_fonts":[],"version":6},"0443b16eb7f177c3ad8632f4030357cf":"","a31b3b6818d9693f9ff39163ac57a1c0":"","8468e2001b6555fdbeaa061dca166a0b":"","23dd6cacec5e82ac260637e3117941dc":"","cdcf300b56f9e1827cb7d8a690400e38":"","e27bbafa1768ba163d6dd2df9a11fcb2":"","dc492ac98343bf041fc436e64a3598a5":"","5027a60532dba8da0b85562761116807":""},"uagb_featured_image_src":{"full":false,"thumbnail":false,"medium":false,"medium_large":false,"large":false,"1536x1536":false,"2048x2048":false,"trp-custom-language-flag":false,"woocommerce_archive_thumbnail":false,"woocommerce_thumbnail":false,"woocommerce_single":false,"woocommerce_gallery_thumbnail":false},"uagb_author_info":{"display_name":"Antoine Ninat","author_link":"https:\/\/www.eurofacto.com\/en\/author\/cf777e91124bc755\/"},"uagb_comment_info":0,"uagb_excerpt":"Politique de confidentialit\u00e9 1 &#8211; Propri\u00e9t\u00e9 intellectuelle et contrefa\u00e7ons Eurofacto SASU&nbsp;est propri\u00e9taire des droits de propri\u00e9t\u00e9 intellectuelle et d\u00e9tient les droits d\u2019usage sur tous les \u00e9l\u00e9ments accessibles sur le site internet, notamment les textes, images, graphismes, logos, vid\u00e9os, architecture, ic\u00f4nes et sons. Toute reproduction, repr\u00e9sentation, modification, publication, adaptation de tout ou partie des \u00e9l\u00e9ments du&hellip;","_links":{"self":[{"href":"https:\/\/www.eurofacto.com\/en\/wp-json\/wp\/v2\/pages\/3","targetHints":{"allow":["GET"]}}],"collection":[{"href":"https:\/\/www.eurofacto.com\/en\/wp-json\/wp\/v2\/pages"}],"about":[{"href":"https:\/\/www.eurofacto.com\/en\/wp-json\/wp\/v2\/types\/page"}],"author":[{"embeddable":true,"href":"https:\/\/www.eurofacto.com\/en\/wp-json\/wp\/v2\/users\/1"}],"replies":[{"embeddable":true,"href":"https:\/\/www.eurofacto.com\/en\/wp-json\/wp\/v2\/comments?post=3"}],"version-history":[{"count":0,"href":"https:\/\/www.eurofacto.com\/en\/wp-json\/wp\/v2\/pages\/3\/revisions"}],"wp:attachment":[{"href":"https:\/\/www.eurofacto.com\/en\/wp-json\/wp\/v2\/media?parent=3"}],"curies":[{"name":"wp","href":"https:\/\/api.w.org\/{rel}","templated":true}]}}