{"id":585,"date":"2021-11-30T13:52:52","date_gmt":"2021-11-30T13:52:52","guid":{"rendered":"https:\/\/demo.creativethemes.com\/blocksy\/petsy\/?page_id=67"},"modified":"2024-07-04T20:52:53","modified_gmt":"2024-07-04T18:52:53","slug":"mon-compte","status":"publish","type":"page","link":"https:\/\/www.eurofacto.com\/en\/mon-compte\/","title":{"rendered":"My account"},"content":{"rendered":"<div class=\"woocommerce ct-woo-unauthorized\"><\/div>\n\n\n\n<div class=\"wp-block-stackable-divider stk-block-divider stk-block stk-cba2b2d\" data-block-id=\"cba2b2d\"><hr class=\"stk-block-divider__hr\"\/><\/div>\n\n\n\n<div class=\"wp-block-stackable-text stk-block-text stk-block stk-7d45ab4\" data-block-id=\"7d45ab4\"><p class=\"stk-block-text__text\">You want to <strong>resell Eurofacto's products<\/strong> and do not have an account yet?<br><a href=\"https:\/\/www.eurofacto.com\/en\/devenir-revendeur\/\" data-type=\"page\" data-id=\"797\">Click here<\/a> in order to create your account. It will be activated once we receive your data.<\/p><\/div>\n\n\n\n<div class=\"wp-block-stackable-divider stk-block-divider stk-block stk-7eee661\" data-block-id=\"7eee661\"><style>.stk-7eee661{margin-bottom:100px !important}.stk-7eee661 hr.stk-block-divider__hr{background:var(--theme-palette-color-5,#ffffff) !important}<\/style><hr class=\"stk-block-divider__hr\"\/><\/div>","protected":false},"excerpt":{"rendered":"<p>Vous souhaitez revendre les produits Eurofacto et ne disposez pas encore d&rsquo;espace personnel ?Cliquez ici afin de cr\u00e9er votre compte. Celui-ci sera activ\u00e9 d\u00e8s r\u00e9ception de vos \u00e9l\u00e9ments.<\/p>","protected":false},"author":1,"featured_media":0,"parent":0,"menu_order":0,"comment_status":"closed","ping_status":"closed","template":"","meta":{"_uag_custom_page_level_css":"","footnotes":""},"class_list":["post-585","page","type-page","status-publish","hentry"],"blocksy_meta":{"styles_descriptor":{"styles":{"desktop":"","tablet":"","mobile":""},"google_fonts":[],"version":6},"page_title_panel":"","has_hero_section":"disabled","c6ac037905120e91ffc3ccdad57c4e1a":"","hero_section":"type-1","hero_elements":[{"id":"custom_title","enabled":true,"heading_tag":"h1","title":"Home"},{"id":"custom_description","enabled":true,"description_visibility":{"desktop":true,"tablet":true,"mobile":false}},{"id":"custom_meta","enabled":false,"meta_elements":[{"id":"author","enabled":true,"label":"Par","has_author_avatar":"yes","avatar_size":25},{"id":"post_date","enabled":true,"label":"Sur","date_format_source":"default","date_format":"M j, Y"},{"id":"updated_date","enabled":false,"label":"Sur","date_format_source":"default","date_format":"M j, Y"},{"id":"categories","enabled":false,"label":"Dans","style":"simple"},{"id":"comments","enabled":true}],"page_meta_elements":{"joined":true,"articles_count":true,"comments":true}},{"id":"breadcrumbs","enabled":false}],"0bc76a47c57a8ae90da2bf18a2dba294":"","hero_alignment1":"CT_CSS_SKIP_RULE","hero_margin":40,"hero_alignment2":"center","hero_vertical_alignment":"center","6c08614a810f97f8191efeb039b7c274":"","hero_structure":"narrow","e4dc5b6618e59f946f5e94078ef2009a":"","page_title_bg_type":"featured_image","custom_hero_background":{"attachment_id":null},"parallax":{"desktop":false,"tablet":false,"mobile":false},"9b89a02478b43359b4503ba4737b86de":"","hero_height":"250px","pageTitleFont":{"family":"Default","variation":"Default","size":"30px","line-height":"CT_CSS_SKIP_RULE","letter-spacing":"CT_CSS_SKIP_RULE","text-transform":"CT_CSS_SKIP_RULE","text-decoration":"CT_CSS_SKIP_RULE"},"pageTitleFontColor":{"default":{"color":"CT_CSS_SKIP_RULEDEFAULT"}},"pageMetaFont":{"family":"Default","variation":"n6","size":"12px","line-height":"1.3","letter-spacing":"CT_CSS_SKIP_RULE","text-transform":"uppercase","text-decoration":"CT_CSS_SKIP_RULE"},"pageMetaFontColor":{"default":{"color":"CT_CSS_SKIP_RULEDEFAULT"},"hover":{"color":"CT_CSS_SKIP_RULEDEFAULT"}},"page_meta_button_type_font_colors":{"default":{"color":"CT_CSS_SKIP_RULEDEFAULT"},"hover":{"color":"CT_CSS_SKIP_RULEDEFAULT"}},"page_meta_button_type_background_colors":{"default":{"color":"CT_CSS_SKIP_RULEDEFAULT"},"hover":{"color":"CT_CSS_SKIP_RULEDEFAULT"}},"pageExcerptFont":{"family":"Default","variation":"Default","size":"CT_CSS_SKIP_RULE","line-height":"CT_CSS_SKIP_RULE","letter-spacing":"CT_CSS_SKIP_RULE","text-transform":"CT_CSS_SKIP_RULE","text-decoration":"CT_CSS_SKIP_RULE"},"pageExcerptColor":{"default":{"color":"CT_CSS_SKIP_RULEDEFAULT"}},"breadcrumbsFont":{"family":"Default","variation":"Default","size":"CT_CSS_SKIP_RULE","line-height":"CT_CSS_SKIP_RULE","letter-spacing":"CT_CSS_SKIP_RULE","text-transform":"CT_CSS_SKIP_RULE","text-decoration":"CT_CSS_SKIP_RULE"},"breadcrumbsFontColor":{"default":{"color":"CT_CSS_SKIP_RULEDEFAULT"},"initial":{"color":"CT_CSS_SKIP_RULEDEFAULT"},"hover":{"color":"CT_CSS_SKIP_RULEDEFAULT"}},"pageTitleOverlay":{"background_type":"color","background_pattern":"type-1","background_image":{"attachment_id":null,"x":0,"y":0},"gradient":"linear-gradient(135deg,rgba(6,147,227,1) 0%,rgb(155,81,224) 100%)","background_repeat":"repeat","background_size":"auto","background_attachment":"scroll","patternColor":{"default":{"color":"#e5e7ea"}},"overlayColor":{"default":{"color":"CT_CSS_SKIP_RULE"}},"backgroundColor":{"default":{"color":"CT_CSS_SKIP_RULE"}}},"pageTitleBackground":{"background_type":"color","background_pattern":"type-1","background_image":{"attachment_id":null,"x":0,"y":0},"gradient":"linear-gradient(135deg,rgba(6,147,227,1) 0%,rgb(155,81,224) 100%)","background_repeat":"repeat","background_size":"auto","background_attachment":"scroll","patternColor":{"default":{"color":"#e5e7ea"}},"overlayColor":{"default":{"color":"CT_CSS_SKIP_RULE"}},"backgroundColor":{"default":{"color":"var(--theme-palette-color-6)"}}},"pageTitlePadding":{"top":"50px","bottom":"50px","left":"auto","right":"auto","linked":true},"d16891a98f7c3981ed7c7884a6279595":"","page_structure_type":"type-4","6098243b393e550da1fed925c80bd24b":"","content_style_source":"inherit","content_style":"wide","vertical_spacing_source":"custom","content_area_spacing":"none","background":{"background_type":"color","background_pattern":"type-1","background_image":{"attachment_id":null,"x":0,"y":0},"gradient":"linear-gradient(135deg,rgba(6,147,227,1) 0%,rgb(155,81,224) 100%)","background_repeat":"repeat","background_size":"auto","background_attachment":"scroll","patternColor":{"default":{"color":"#e5e7ea"}},"overlayColor":{"default":{"color":"CT_CSS_SKIP_RULE"}},"backgroundColor":{"default":{"color":"CT_CSS_SKIP_RULE"}}},"content_background":{"background_type":"color","background_pattern":"type-1","background_image":{"attachment_id":null,"x":0,"y":0},"gradient":"linear-gradient(135deg,rgba(6,147,227,1) 0%,rgb(155,81,224) 100%)","background_repeat":"repeat","background_size":"auto","background_attachment":"scroll","patternColor":{"default":{"color":"#e5e7ea"}},"overlayColor":{"default":{"color":"CT_CSS_SKIP_RULE"}},"backgroundColor":{"default":{"color":"var(--theme-palette-color-8)"}}},"content_boxed_shadow":{"inherit":false,"blur":18,"spread":-6,"v_offset":12,"h_offset":0,"inset":false,"enable":true,"color":{"color":"rgba(34, 56, 101, 0.04)"}},"boxed_content_spacing":{"desktop":{"top":"40px","bottom":"40px","left":"40px","right":"40px","linked":true},"tablet":{"top":"35px","bottom":"35px","left":"35px","right":"35px","linked":true},"mobile":{"top":"20px","bottom":"20px","left":"20px","right":"20px","linked":true}},"content_boxed_radius":{"top":"3px","bottom":"3px","left":"3px","right":"3px","linked":true},"72fbe912e0a593345f79bee850ba0df9":"","disable_featured_image":"no","disable_share_box":"no","disable_header":"no","disable_footer":"no","6ebb30327a7d0707ad16f94aa03f2118":"","332f90912f494782640ebbaf732e253c":"","49fd8213431646719ed59516d70a547b":"","f91dbb7429deab85aa6708cbf35317b2":"","7afc2e19926e55b9945cd1dfd835973e":"","98d7e06b38ed29d2b8abd369b5813fb3":"","621eced676424e8785e1bf983ec26a31":"","4bdc691619f726eb1eafca7f99a89fad":""},"uagb_featured_image_src":{"full":false,"thumbnail":false,"medium":false,"medium_large":false,"large":false,"1536x1536":false,"2048x2048":false,"trp-custom-language-flag":false,"woocommerce_archive_thumbnail":false,"woocommerce_thumbnail":false,"woocommerce_single":false,"woocommerce_gallery_thumbnail":false},"uagb_author_info":{"display_name":"Antoine Ninat","author_link":"https:\/\/www.eurofacto.com\/en\/author\/cf777e91124bc755\/"},"uagb_comment_info":0,"uagb_excerpt":"Vous souhaitez revendre les produits Eurofacto et ne disposez pas encore d&rsquo;espace personnel ?Cliquez ici afin de cr\u00e9er votre compte. Celui-ci sera activ\u00e9 d\u00e8s r\u00e9ception de vos \u00e9l\u00e9ments.","_links":{"self":[{"href":"https:\/\/www.eurofacto.com\/en\/wp-json\/wp\/v2\/pages\/585","targetHints":{"allow":["GET"]}}],"collection":[{"href":"https:\/\/www.eurofacto.com\/en\/wp-json\/wp\/v2\/pages"}],"about":[{"href":"https:\/\/www.eurofacto.com\/en\/wp-json\/wp\/v2\/types\/page"}],"author":[{"embeddable":true,"href":"https:\/\/www.eurofacto.com\/en\/wp-json\/wp\/v2\/users\/1"}],"replies":[{"embeddable":true,"href":"https:\/\/www.eurofacto.com\/en\/wp-json\/wp\/v2\/comments?post=585"}],"version-history":[{"count":0,"href":"https:\/\/www.eurofacto.com\/en\/wp-json\/wp\/v2\/pages\/585\/revisions"}],"wp:attachment":[{"href":"https:\/\/www.eurofacto.com\/en\/wp-json\/wp\/v2\/media?parent=585"}],"curies":[{"name":"wp","href":"https:\/\/api.w.org\/{rel}","templated":true}]}}