{"id":68,"date":"2022-01-23T13:48:50","date_gmt":"2022-01-23T12:48:50","guid":{"rendered":"https:\/\/www.eurofacto.com\/?page_id=68"},"modified":"2024-11-26T14:18:48","modified_gmt":"2024-11-26T13:18:48","slug":"mentions-legales","status":"publish","type":"page","link":"https:\/\/www.eurofacto.com\/en\/mentions-legales\/","title":{"rendered":"Disclaimer"},"content":{"rendered":"<div class=\"wp-block-stackable-divider stk-block-divider stk-block stk-a03dc69\" data-block-id=\"a03dc69\"><style>.stk-a03dc69 hr.stk-block-divider__hr{background:var(u002du002dtheme-palette-color-5, #ffffff) !important;height:1px !important;}.stk-a03dc69 {margin-bottom:60px !important;}<\/style><hr class=\"stk-block-divider__hr\"\/><\/div>\n\n\n\n<div class=\"wp-block-stackable-columns stk-block-columns stk-block stk-0f788c7\" data-block-id=\"0f788c7\"><style>.stk-0f788c7 {margin-top:0px !important;}<\/style><div class=\"stk-row stk-inner-blocks stk-block-content stk-content-align stk-0f788c7-column\">\n<div class=\"wp-block-stackable-column stk-block-column stk-column stk-block stk-3ef86e4\" data-v=\"4\" data-block-id=\"3ef86e4\"><div class=\"stk-column-wrapper stk-block-column__content stk-container stk-3ef86e4-container stk--no-background stk--no-padding\"><div class=\"stk-block-content stk-inner-blocks stk-3ef86e4-inner-blocks\">\n<div class=\"wp-block-stackable-heading stk-block-heading stk-block-heading--v2 stk-block stk-5d223e9\" id=\"span-style-color-var-palette-color-4-333-f-48-background-linear-gradient-to-bottom-transparent-50-var-stk-global-color-37635-e-2-eef-9-50-class-stk-highlight-bienvenue-chez-eurofacto-span\" data-block-id=\"5d223e9\"><style>.stk-5d223e9 .stk-block-heading__text{font-size:25px !important;}@media screen and (max-width:999px){.stk-5d223e9 .stk-block-heading__text{font-size:25px !important;}}<\/style><h5 class=\"stk-block-heading__text has-text-align-center stk-block-heading--use-theme-margins\"><span style=\"color: var(--theme-palette-color-4, #333f48);background: linear-gradient(to bottom, transparent 50%, var(--stk-global-color-37635, #e2eef9) 50%)\" class=\"stk-highlight\">Welcome to Eurofacto!<\/span><\/h5><\/div>\n<\/div><\/div><\/div>\n<\/div><\/div>\n\n\n\n<hr class=\"wp-block-separator has-text-color has-palette-color-4-color has-css-opacity has-palette-color-4-background-color has-background is-style-dots\"\/>\n\n\n\n<div class=\"wp-block-stackable-text stk-block-text stk-block stk-deddb32\" data-block-id=\"deddb32\"><p class=\"stk-block-text__text\">In accordance with&nbsp;<a rel=\"noreferrer noopener\" href=\"https:\/\/www.legifrance.gouv.fr\/affichTexte.do?cidTexte=JORFTEXT000000801164#LEGIARTI000042038977\" target=\"_blank\">article 6 of Law No. 2004-575 of June 21, 2004<\/a>&nbsp;for the confidence in the digital economy, it is specified to users of the website&nbsp;<strong>https:\/\/www.eurofacto.com\/<\/strong>, hereinafter referred to as \"the website\", the identity of the various stakeholders in the context of its implementation and monitoring.<\/p><\/div>\n\n\n\n<div class=\"wp-block-stackable-text stk-block-text stk-block stk-bdc1735\" data-block-id=\"bdc1735\"><p class=\"stk-block-text__text\">This website is published by <strong>EUROFACTO<\/strong>, soci\u00e9t\u00e9 par actions simplifi\u00e9e unipersonnelle au capital social de 30.000 euros, immatricul\u00e9e au Registre du Commerce et des Soci\u00e9t\u00e9s de Vannes sous le num\u00e9ro 904786381, et dont le si\u00e8ge social est situ\u00e9 \u00e0 PA Doaren Molac, 56610 Arradon.<\/p><\/div>\n\n\n\n<div class=\"wp-block-stackable-text stk-block-text stk-block stk-258e66c\" data-block-id=\"258e66c\"><p class=\"stk-block-text__text translation-block\"><strong>VAT ID no.: <\/strong>: FR07904786381<\/p><\/div>\n\n\n\n<div class=\"wp-block-stackable-text stk-block-text stk-block stk-6132c72\" data-block-id=\"6132c72\"><p class=\"stk-block-text__text\"><strong>Contact:<\/strong> hello@eurofacto.com<\/p><\/div>\n\n\n\n<div class=\"wp-block-stackable-text stk-block-text stk-block stk-d0b05b2\" data-block-id=\"d0b05b2\"><p class=\"stk-block-text__text\"><strong>Publication Director:&nbsp;<\/strong>Antoine Ninat<\/p><\/div>\n\n\n\n<div class=\"wp-block-stackable-text stk-block-text stk-block stk-7b20daf\" data-block-id=\"7b20daf\"><p class=\"stk-block-text__text\"><strong>Website and data hosting by:<\/strong>&nbsp;o2switch SARL &#8211; 222 bd Gustave Flaubert, 63000 Clermont-Ferrand<\/p><\/div>\n\n\n\n<div class=\"wp-block-stackable-text stk-block-text stk-block stk-e7692af\" data-block-id=\"e7692af\"><p class=\"stk-block-text__text\"><strong>Unsplash pictures credits:<\/strong> <a rel=\"noreferrer noopener\" href=\"https:\/\/unsplash.com\/@dreamcatchlight?\" target=\"_blank\">Diana Akhmetianov<\/a><a href=\"https:\/\/unsplash.com\/@dreamcatchlight?\" target=\"_blank\" rel=\"noopener noreferrer nofollow\">a<\/a>, <a rel=\"noreferrer noopener\" href=\"https:\/\/unsplash.com\/@anniespratt?\" target=\"_blank\">Annie Spratt<\/a>, <a rel=\"noreferrer noopener\" href=\"https:\/\/unsplash.com\/@lory8888?\" target=\"_blank\">Lory \u2665<\/a>, <a rel=\"noreferrer noopener\" href=\"https:\/\/unsplash.com\/@nicobaby?\" target=\"_blank\">Nico<\/a>, <a rel=\"noreferrer noopener\" href=\"https:\/\/unsplash.com\/@robert_coelho?\" target=\"_blank\">Robert Coelho<\/a>, <a rel=\"noreferrer noopener\" href=\"https:\/\/unsplash.com\/@thomasbormans?\" target=\"_blank\">Thomas Bormans<\/a>, <a rel=\"noreferrer noopener\" href=\"https:\/\/unsplash.com\/@stilclassics?\" target=\"_blank\">STIL<\/a>, <a rel=\"noreferrer noopener\" href=\"https:\/\/unsplash.com\/@freddygmedia?\" target=\"_blank\">Freddy G<\/a>, <a href=\"https:\/\/unsplash.com\/photos\/0JFveX0c778\" target=\"_blank\" rel=\"noopener noreferrer nofollow\"><\/a><a rel=\"noreferrer noopener\" href=\"https:\/\/unsplash.com\/@andyc?\" target=\"_blank\">Andy Chilton<\/a>, <a rel=\"noreferrer noopener\" href=\"https:\/\/unsplash.com\/@joszczepanska?\" target=\"_blank\">Jo Szczepanska<\/a>, <a rel=\"noreferrer noopener\" href=\"https:\/\/unsplash.com\/@nathanrjliving?\" target=\"_blank\">Nathan Oakley<\/a>, <a rel=\"noreferrer noopener\" href=\"https:\/\/unsplash.com\/@soyd?\" target=\"_blank\">Dorian Hurst<\/a>, <a rel=\"noreferrer noopener\" href=\"https:\/\/unsplash.com\/@jupp?\" target=\"_blank\">Jonathan Kemper<\/a>, <a rel=\"noreferrer noopener\" href=\"https:\/\/unsplash.com\/@hermez777?\" target=\"_blank\">Hermes Rivera<\/a>, <a rel=\"noreferrer noopener\" href=\"https:\/\/unsplash.com\/@jeriden94?\" target=\"_blank\">Jeriden Villegas<\/a>, <a rel=\"noreferrer noopener\" href=\"https:\/\/unsplash.com\/@copperandwild?\" target=\"_blank\">Dee @ Copper and Wild<\/a>, <a rel=\"noreferrer noopener\" href=\"https:\/\/unsplash.com\/@katemacate?\" target=\"_blank\">Kate Macate<\/a>, <a rel=\"noreferrer noopener\" href=\"https:\/\/unsplash.com\/@randyfath?\" target=\"_blank\">Randy Fath<\/a>, <a rel=\"noreferrer noopener\" href=\"https:\/\/unsplash.com\/@pictoria1999?\" target=\"_blank\">Victoria Rodriguez<\/a>, <a rel=\"noreferrer noopener\" href=\"https:\/\/unsplash.com\/@vonshnauzer?utm_source=unsplash&amp;utm_medium=referral&amp;utm_content=creditCopyText\" target=\"_blank\">Egor <\/a><a rel=\"noreferrer noopener\" href=\"https:\/\/unsplash.com\/@vonshnauzer?\" target=\"_blank\">Myznik<\/a>, <a rel=\"noreferrer noopener\" href=\"https:\/\/unsplash.com\/@tamarabellis?\" target=\"_blank\">Tamara Bellis<\/a>, <a rel=\"noreferrer noopener\" href=\"https:\/\/unsplash.com\/@drugwatcher?\" target=\"_blank\">Derek Finch<\/a>, <a rel=\"noreferrer noopener\" href=\"https:\/\/unsplash.com\/@sincerelymedia?\" target=\"_blank\">Sincerely Media<\/a>, <a rel=\"noreferrer noopener\" href=\"https:\/\/unsplash.com\/@contentpixie?\" target=\"_blank\">Content Pixie<\/a>, <a rel=\"noreferrer noopener\" href=\"https:\/\/unsplash.com\/@kevinmccutcheon?utm_source=unsplash&amp;utm_medium=referral&amp;utm_content=creditCopyText\" target=\"_blank\">Kevin McCutcheon<\/a>, <a rel=\"noreferrer noopener\" href=\"https:\/\/unsplash.com\/@namroud?utm_source=unsplash&amp;utm_medium=referral&amp;utm_content=creditCopyText\" target=\"_blank\">Namroud Gorguis<\/a>, <a rel=\"noreferrer noopener\" href=\"https:\/\/unsplash.com\/@emanuela?utm_source=unsplash&amp;utm_medium=referral&amp;utm_content=creditCopyText\" target=\"_blank\">Emanuela Picone<\/a>, <a rel=\"noreferrer noopener\" href=\"https:\/\/unsplash.com\/@justinschwartfigure?utm_source=unsplash&amp;utm_medium=referral&amp;utm_content=creditCopyText\" target=\"_blank\">Justin Schwartfigure<\/a>, <a rel=\"noreferrer noopener\" href=\"https:\/\/unsplash.com\/@wizwow?utm_source=unsplash&amp;utm_medium=referral&amp;utm_content=creditCopyText\" target=\"_blank\">Donald Giannatti<\/a>, <a rel=\"noreferrer noopener\" href=\"https:\/\/unsplash.com\/@natejohnston?utm_source=unsplash&amp;utm_medium=referral&amp;utm_content=creditCopyText\" target=\"_blank\">Nate Johnston<\/a>, <a href=\"https:\/\/unsplash.com\/es\/@bulochka?utm_source=unsplash&amp;utm_medium=referral&amp;utm_content=creditCopyText\" target=\"_blank\" rel=\"noreferrer noopener\">Christine Isakzhanova<\/a><\/p><\/div>\n\n\n\n<div class=\"wp-block-stackable-text stk-block-text stk-block stk-9c73bfb\" data-block-id=\"9c73bfb\"><p class=\"stk-block-text__text\"><strong>Cr\u00e9dits design <a href=\"https:\/\/www.vecteezy.com\/\" data-type=\"link\" data-id=\"https:\/\/www.vecteezy.com\/\" target=\"_blank\" rel=\"noopener noreferrer nofollow\">Vecteezy<\/a> :<\/strong> <a rel=\"noreferrer noopener\" href=\"https:\/\/www.vecteezy.com\/members\/sceneit\" target=\"_blank\">sceneit<\/a>, <a rel=\"noreferrer noopener\" href=\"https:\/\/www.vecteezy.com\/members\/raftel\" target=\"_blank\">Raftel Design<\/a>, <a rel=\"noreferrer noopener\" href=\"https:\/\/www.vecteezy.com\/members\/pumashoeme\" target=\"_blank\">pumashoeme<\/a>, <a rel=\"noreferrer noopener\" href=\"https:\/\/www.vecteezy.com\/members\/visionheldup\" target=\"_blank\">visionheldup<\/a>, <a rel=\"noreferrer noopener\" href=\"https:\/\/www.vecteezy.com\/members\/jeksonjs\" target=\"_blank\">JaksonGraphics<\/a>, <a rel=\"noreferrer noopener\" href=\"https:\/\/www.vecteezy.com\/members\/orangereebok\" target=\"_blank\">orangereebok<\/a>, <a rel=\"noreferrer noopener\" href=\"https:\/\/www.vecteezy.com\/members\/ayaankabir\" target=\"_blank\">ayaankabir<\/a>, <a rel=\"noreferrer noopener\" href=\"https:\/\/www.vecteezy.com\/members\/adidad8\" target=\"_blank\">adidad8<\/a>, <a rel=\"noreferrer noopener\" href=\"https:\/\/www.vecteezy.com\/members\/gbys\" target=\"_blank\">Gabriella Sutanto<\/a>, <a href=\"https:\/\/www.vecteezy.com\/members\/gankogroup\" data-type=\"link\" data-id=\"https:\/\/www.vecteezy.com\/members\/gankogroup\" target=\"_blank\" rel=\"noopener noreferrer nofollow\">Oleg Gapeenko<\/a><\/p><\/div>\n\n\n\n<div class=\"wp-block-stackable-divider stk-block-divider stk-block stk-e8a01fb\" data-block-id=\"e8a01fb\"><style>.stk-e8a01fb hr.stk-block-divider__hr{background:var(u002du002dtheme-palette-color-5, #ffffff) !important;}.stk-e8a01fb {margin-bottom:80px !important;}<\/style><hr class=\"stk-block-divider__hr\"\/><\/div>","protected":false},"excerpt":{"rendered":"<p>Bienvenue chez Eurofacto ! En vertu de&nbsp;l&rsquo;article 6 de la loi n\u00b0 2004-575 du 21 juin 2004&nbsp;pour la confiance dans l&rsquo;\u00e9conomie num\u00e9rique, il est pr\u00e9cis\u00e9 aux utilisateurs du site internet&nbsp;https:\/\/www.eurofacto.com\/,&nbsp;ci-apr\u00e8s d\u00e9nomm\u00e9 \u00ab\u00a0le site\u00a0\u00bb, l&rsquo;identit\u00e9 des diff\u00e9rents intervenants dans le cadre de sa r\u00e9alisation et de son suivi. Le site est \u00e9dit\u00e9 par la soci\u00e9t\u00e9 EUROFACTO, [&hellip;]<\/p>\n","protected":false},"author":1,"featured_media":0,"parent":0,"menu_order":0,"comment_status":"closed","ping_status":"closed","template":"","meta":{"_uag_custom_page_level_css":"","footnotes":""},"class_list":["post-68","page","type-page","status-publish","hentry"],"blocksy_meta":{"page_title_panel":"","has_hero_section":"disabled","e8d743ba41cc83ddd46ec66d7d8c9ea2":"","hero_section":"type-1","hero_elements":[{"id":"custom_title","enabled":true,"heading_tag":"h1","title":"Home"},{"id":"custom_description","enabled":true,"description_visibility":{"desktop":true,"tablet":true,"mobile":false}},{"id":"custom_meta","enabled":false,"meta_elements":[{"id":"author","enabled":true,"label":"Par","has_author_avatar":"yes","avatar_size":25},{"id":"post_date","enabled":true,"label":"Sur","date_format_source":"default","date_format":"M j, Y"},{"id":"updated_date","enabled":false,"label":"Sur","date_format_source":"default","date_format":"M j, Y"},{"id":"categories","enabled":false,"label":"Dans","style":"simple"},{"id":"comments","enabled":true}],"page_meta_elements":{"joined":true,"articles_count":true,"comments":true}},{"id":"breadcrumbs","enabled":false}],"790ef40a0da6e4257937ea86944b281b":"","hero_alignment1":"CT_CSS_SKIP_RULE","hero_margin":40,"hero_alignment2":"center","hero_vertical_alignment":"center","1d2d1e117a17baa854d8f9e175098a4e":"","hero_structure":"narrow","b1b5162f493862a0d93b53a074afe866":"","page_title_bg_type":"featured_image","custom_hero_background":{"attachment_id":null},"parallax":{"desktop":false,"tablet":false,"mobile":false},"70c2da2e7080c67dab79a0bdafc59518":"","hero_height":"250px","pageTitleFont":{"family":"Default","variation":"Default","size":"30px","line-height":"CT_CSS_SKIP_RULE","letter-spacing":"CT_CSS_SKIP_RULE","text-transform":"CT_CSS_SKIP_RULE","text-decoration":"CT_CSS_SKIP_RULE"},"pageTitleFontColor":{"default":{"color":"CT_CSS_SKIP_RULEDEFAULT"}},"pageMetaFont":{"family":"Default","variation":"n6","size":"12px","line-height":"1.3","letter-spacing":"CT_CSS_SKIP_RULE","text-transform":"uppercase","text-decoration":"CT_CSS_SKIP_RULE"},"pageMetaFontColor":{"default":{"color":"CT_CSS_SKIP_RULEDEFAULT"},"hover":{"color":"CT_CSS_SKIP_RULEDEFAULT"}},"page_meta_button_type_font_colors":{"default":{"color":"CT_CSS_SKIP_RULEDEFAULT"},"hover":{"color":"CT_CSS_SKIP_RULEDEFAULT"}},"page_meta_button_type_background_colors":{"default":{"color":"CT_CSS_SKIP_RULEDEFAULT"},"hover":{"color":"CT_CSS_SKIP_RULEDEFAULT"}},"pageExcerptFont":{"family":"Default","variation":"Default","size":"CT_CSS_SKIP_RULE","line-height":"CT_CSS_SKIP_RULE","letter-spacing":"CT_CSS_SKIP_RULE","text-transform":"CT_CSS_SKIP_RULE","text-decoration":"CT_CSS_SKIP_RULE"},"pageExcerptColor":{"default":{"color":"CT_CSS_SKIP_RULEDEFAULT"}},"breadcrumbsFont":{"family":"Default","variation":"Default","size":"CT_CSS_SKIP_RULE","line-height":"CT_CSS_SKIP_RULE","letter-spacing":"CT_CSS_SKIP_RULE","text-transform":"CT_CSS_SKIP_RULE","text-decoration":"CT_CSS_SKIP_RULE"},"breadcrumbsFontColor":{"default":{"color":"CT_CSS_SKIP_RULEDEFAULT"},"initial":{"color":"CT_CSS_SKIP_RULEDEFAULT"},"hover":{"color":"CT_CSS_SKIP_RULEDEFAULT"}},"pageTitleOverlay":{"background_type":"color","background_pattern":"type-1","background_image":{"attachment_id":null,"x":0,"y":0},"gradient":"linear-gradient(135deg,rgba(6,147,227,1) 0%,rgb(155,81,224) 100%)","background_repeat":"repeat","background_size":"auto","background_attachment":"scroll","patternColor":{"default":{"color":"#e5e7ea"}},"overlayColor":{"default":{"color":"CT_CSS_SKIP_RULE"}},"backgroundColor":{"default":{"color":"CT_CSS_SKIP_RULE"}}},"pageTitleBackground":{"background_type":"color","background_pattern":"type-1","background_image":{"attachment_id":null,"x":0,"y":0},"gradient":"linear-gradient(135deg,rgba(6,147,227,1) 0%,rgb(155,81,224) 100%)","background_repeat":"repeat","background_size":"auto","background_attachment":"scroll","patternColor":{"default":{"color":"#e5e7ea"}},"overlayColor":{"default":{"color":"CT_CSS_SKIP_RULE"}},"backgroundColor":{"default":{"color":"var(--theme-palette-color-6)"}}},"pageTitlePadding":{"top":"50px","bottom":"50px","left":"auto","right":"auto","linked":true},"179252c501059cb476a61bf93afeb78c":"","page_structure_type":"type-3","dde14fb8043d800d120a429df8ad9d69":"","content_style_source":"inherit","content_style":"wide","vertical_spacing_source":"inherit","content_area_spacing":"both","background":{"background_type":"color","background_pattern":"type-1","background_image":{"attachment_id":null,"x":0,"y":0},"gradient":"linear-gradient(135deg,rgba(6,147,227,1) 0%,rgb(155,81,224) 100%)","background_repeat":"repeat","background_size":"auto","background_attachment":"scroll","patternColor":{"default":{"color":"#e5e7ea"}},"overlayColor":{"default":{"color":"CT_CSS_SKIP_RULE"}},"backgroundColor":{"default":{"color":"CT_CSS_SKIP_RULE"}}},"content_background":{"background_type":"color","background_pattern":"type-1","background_image":{"attachment_id":null,"x":0,"y":0},"gradient":"linear-gradient(135deg,rgba(6,147,227,1) 0%,rgb(155,81,224) 100%)","background_repeat":"repeat","background_size":"auto","background_attachment":"scroll","patternColor":{"default":{"color":"#e5e7ea"}},"overlayColor":{"default":{"color":"CT_CSS_SKIP_RULE"}},"backgroundColor":{"default":{"color":"var(--theme-palette-color-8)"}}},"content_boxed_shadow":{"inherit":false,"blur":18,"spread":-6,"v_offset":12,"h_offset":0,"inset":false,"enable":true,"color":{"color":"rgba(34, 56, 101, 0.04)"}},"boxed_content_spacing":{"desktop":{"top":"40px","bottom":"40px","left":"40px","right":"40px","linked":true},"tablet":{"top":"35px","bottom":"35px","left":"35px","right":"35px","linked":true},"mobile":{"top":"20px","bottom":"20px","left":"20px","right":"20px","linked":true}},"content_boxed_radius":{"top":"3px","bottom":"3px","left":"3px","right":"3px","linked":true},"20560ed1b75507d4bc40705aef8119ca":"","disable_featured_image":"no","disable_share_box":"no","disable_header":"no","disable_footer":"no","styles_descriptor":{"styles":{"desktop":"","tablet":"","mobile":""},"google_fonts":[],"version":6},"2a847eef19b6872debf1c20d2de96251":"","71551f9d4c256013d1d14cb737b7c4f6":"","e4e01f0b95b5edb5385d5fd5d6356720":"","04a07ff9ee06039933a799ede05443ee":"","6c5b9014eaf2c89a92c93155c3700412":"","f9826a870c3b1495e3bec0d3db3f38fb":"","063f6554cc7ff6fe0ebbb479e9db98bf":"","7d5a9c7cbcbf7bf44b675fa4877560a4":""},"uagb_featured_image_src":{"full":false,"thumbnail":false,"medium":false,"medium_large":false,"large":false,"1536x1536":false,"2048x2048":false,"trp-custom-language-flag":false,"woocommerce_archive_thumbnail":false,"woocommerce_thumbnail":false,"woocommerce_single":false,"woocommerce_gallery_thumbnail":false},"uagb_author_info":{"display_name":"Antoine Ninat","author_link":"https:\/\/www.eurofacto.com\/en\/author\/cf777e91124bc755\/"},"uagb_comment_info":0,"uagb_excerpt":"Bienvenue chez Eurofacto ! En vertu de&nbsp;l&rsquo;article 6 de la loi n\u00b0 2004-575 du 21 juin 2004&nbsp;pour la confiance dans l&rsquo;\u00e9conomie num\u00e9rique, il est pr\u00e9cis\u00e9 aux utilisateurs du site internet&nbsp;https:\/\/www.eurofacto.com\/,&nbsp;ci-apr\u00e8s d\u00e9nomm\u00e9 \u00ab\u00a0le site\u00a0\u00bb, l&rsquo;identit\u00e9 des diff\u00e9rents intervenants dans le cadre de sa r\u00e9alisation et de son suivi. Le site est \u00e9dit\u00e9 par la soci\u00e9t\u00e9 EUROFACTO,&hellip;","_links":{"self":[{"href":"https:\/\/www.eurofacto.com\/en\/wp-json\/wp\/v2\/pages\/68","targetHints":{"allow":["GET"]}}],"collection":[{"href":"https:\/\/www.eurofacto.com\/en\/wp-json\/wp\/v2\/pages"}],"about":[{"href":"https:\/\/www.eurofacto.com\/en\/wp-json\/wp\/v2\/types\/page"}],"author":[{"embeddable":true,"href":"https:\/\/www.eurofacto.com\/en\/wp-json\/wp\/v2\/users\/1"}],"replies":[{"embeddable":true,"href":"https:\/\/www.eurofacto.com\/en\/wp-json\/wp\/v2\/comments?post=68"}],"version-history":[{"count":2,"href":"https:\/\/www.eurofacto.com\/en\/wp-json\/wp\/v2\/pages\/68\/revisions"}],"predecessor-version":[{"id":5594,"href":"https:\/\/www.eurofacto.com\/en\/wp-json\/wp\/v2\/pages\/68\/revisions\/5594"}],"wp:attachment":[{"href":"https:\/\/www.eurofacto.com\/en\/wp-json\/wp\/v2\/media?parent=68"}],"curies":[{"name":"wp","href":"https:\/\/api.w.org\/{rel}","templated":true}]}}