{"id":1403,"date":"2022-02-04T15:55:21","date_gmt":"2022-02-04T14:55:21","guid":{"rendered":"https:\/\/www.eurofacto.com\/?post_type=product&#038;p=1403"},"modified":"2026-03-18T14:49:45","modified_gmt":"2026-03-18T13:49:45","slug":"pot-a-popcorn-petit","status":"publish","type":"product","link":"https:\/\/www.eurofacto.com\/en\/product\/pot-a-popcorn-petit\/","title":{"rendered":"Popcorn bucket (small)"},"content":{"rendered":"<p><a href=\"https:\/\/www.eurofacto.com\/wp-content\/uploads\/2022\/02\/Gabarit-popcorn-petit-bord-droit.pdf\">Gabarit d&rsquo;impression (bords droits)<\/a><\/p>\n<p><a href=\"https:\/\/www.eurofacto.com\/wp-content\/uploads\/2022\/02\/Gabarit-popcorn-petit-bord-rond.pdf\">Gabarit d&rsquo;impression (bords crant\u00e9s)<\/a><\/p>\n<p>&nbsp;<\/p>\n<p>A158<\/p>","protected":false},"excerpt":{"rendered":"<p>White cardboard bucket printed on 1 side (outside)<br \/>\nCarton 230 g\/m2 avec rev\u00eatement de protection anti-graisse<br \/>\nCompatible avec le contact alimentaire<\/p>\n<p>Contenance max. env. 1L (petit mod\u00e8le)<br \/>\nExiste \u00e9galement en mod\u00e8les moyen (1,5L) et grand (3L)<br \/>\nProduct delivered flat, can be assembled in 1 step <span style=\"font-style: var(--fontStyle, inherit); font-weight: var(--fontWeight); letter-spacing: var(--letterSpacing); text-transform: var(--textTransform);\">&#8211; Popcorn non fourni<\/span><\/p>","protected":false},"featured_media":2150,"template":"","meta":{"_uag_custom_page_level_css":""},"product_brand":[],"product_cat":[30,31],"product_tag":[],"class_list":{"0":"post-1403","1":"product","2":"type-product","3":"status-publish","4":"has-post-thumbnail","6":"product_cat-gastronomie","7":"product_cat-packaging","9":"first","10":"instock","11":"shipping-taxable","12":"product-type-variable"},"uagb_featured_image_src":{"full":["https:\/\/www.eurofacto.com\/wp-content\/uploads\/2022\/02\/popcorn_petit_ex2.jpg",1000,1000,false],"thumbnail":["https:\/\/www.eurofacto.com\/wp-content\/uploads\/2022\/02\/popcorn_petit_ex2-150x150.jpg",150,150,true],"medium":["https:\/\/www.eurofacto.com\/wp-content\/uploads\/2022\/02\/popcorn_petit_ex2-300x300.jpg",300,300,true],"medium_large":["https:\/\/www.eurofacto.com\/wp-content\/uploads\/2022\/02\/popcorn_petit_ex2-768x768.jpg",768,768,true],"large":["https:\/\/www.eurofacto.com\/wp-content\/uploads\/2022\/02\/popcorn_petit_ex2.jpg",1000,1000,false],"1536x1536":["https:\/\/www.eurofacto.com\/wp-content\/uploads\/2022\/02\/popcorn_petit_ex2.jpg",1000,1000,false],"2048x2048":["https:\/\/www.eurofacto.com\/wp-content\/uploads\/2022\/02\/popcorn_petit_ex2.jpg",1000,1000,false],"trp-custom-language-flag":["https:\/\/www.eurofacto.com\/wp-content\/uploads\/2022\/02\/popcorn_petit_ex2.jpg",12,12,false],"woocommerce_archive_thumbnail":["https:\/\/www.eurofacto.com\/wp-content\/uploads\/2022\/02\/popcorn_petit_ex2-300x300.jpg",300,300,true],"woocommerce_thumbnail":["https:\/\/www.eurofacto.com\/wp-content\/uploads\/2022\/02\/popcorn_petit_ex2-300x300.jpg",300,300,true],"woocommerce_single":["https:\/\/www.eurofacto.com\/wp-content\/uploads\/2022\/02\/popcorn_petit_ex2-600x600.jpg",600,600,true],"woocommerce_gallery_thumbnail":["https:\/\/www.eurofacto.com\/wp-content\/uploads\/2022\/02\/popcorn_petit_ex2-100x100.jpg",100,100,true]},"uagb_author_info":{"display_name":"Antoine Ninat","author_link":"https:\/5ac1d44055f195d1\/5ac1d44055f195d1www.eurofacto.com\/5ac1d44055f195d1en\/5ac1d44055f195d1author\/5ac1d44055f195d1"},"uagb_comment_info":0,"uagb_excerpt":"Pot en carton blanc imprim\u00e9e sur 1 face (ext\u00e9rieur) Carton 230 g\/m2 avec rev\u00eatement de protection anti-graisse Compatible avec le contact alimentaire Contenance max. env. 1L (petit mod\u00e8le) Existe \u00e9galement en mod\u00e8les moyen (1,5L) et grand (3L) Produit livr\u00e9 \u00e0 plat, se monte en 1 geste - Popcorn non fourni","_links":{"self":[{"href":"https:\/\/www.eurofacto.com\/en\/wp-json\/wp\/v2\/product\/1403","targetHints":{"allow":["GET"]}}],"collection":[{"href":"https:\/\/www.eurofacto.com\/en\/wp-json\/wp\/v2\/product"}],"about":[{"href":"https:\/\/www.eurofacto.com\/en\/wp-json\/wp\/v2\/types\/product"}],"wp:featuredmedia":[{"embeddable":true,"href":"https:\/\/www.eurofacto.com\/en\/wp-json\/wp\/v2\/media\/2150"}],"wp:attachment":[{"href":"https:\/\/www.eurofacto.com\/en\/wp-json\/wp\/v2\/media?parent=1403"}],"wp:term":[{"taxonomy":"product_brand","embeddable":true,"href":"https:\/\/www.eurofacto.com\/en\/wp-json\/wp\/v2\/product_brand?post=1403"},{"taxonomy":"product_cat","embeddable":true,"href":"https:\/\/www.eurofacto.com\/en\/wp-json\/wp\/v2\/product_cat?post=1403"},{"taxonomy":"product_tag","embeddable":true,"href":"https:\/\/www.eurofacto.com\/en\/wp-json\/wp\/v2\/product_tag?post=1403"}],"curies":[{"name":"wp","href":"https:\/\/api.w.org\/{rel}","templated":true}]}}