{"id":1499,"date":"2022-02-09T16:00:52","date_gmt":"2022-02-09T15:00:52","guid":{"rendered":"https:\/\/www.eurofacto.com\/?post_type=product&#038;p=1499"},"modified":"2024-08-26T17:24:56","modified_gmt":"2024-08-26T15:24:56","slug":"chapeau-pointu-en-carton","status":"publish","type":"product","link":"https:\/\/www.eurofacto.com\/en\/product\/chapeau-pointu-en-carton\/","title":{"rendered":"Paper party hat"},"content":{"rendered":"<p><a href=\"https:\/\/www.eurofacto.com\/wp-content\/uploads\/2022\/02\/Gabarit-chapeau-pointu-bord-droit.pdf\">Printing template (straight edge)<\/a><\/p>\n<p><a href=\"https:\/\/www.eurofacto.com\/wp-content\/uploads\/2022\/02\/Gabarit-chapeau-pointu-bord-crante.pdf\">Printing template (round edge)<\/a><\/p>\n<p>&nbsp;<\/p>\n<p>A147<\/p>","protected":false},"excerpt":{"rendered":"<p>230gsm paper printed on 1 side (outside)<br \/>\nTied with simple white knotted elastic<\/p>\n<p>Product delivered flat, easy to mount using a simple notch<\/p>","protected":false},"featured_media":1851,"template":"","meta":{"_uag_custom_page_level_css":""},"product_brand":[],"product_cat":[34,33],"product_tag":[],"class_list":{"0":"post-1499","1":"product","2":"type-product","3":"status-publish","4":"has-post-thumbnail","6":"product_cat-fete","7":"product_cat-loisirs","9":"first","10":"instock","11":"shipping-taxable","12":"product-type-variable"},"uagb_featured_image_src":{"full":["https:\/\/www.eurofacto.com\/wp-content\/uploads\/2022\/02\/chapeau_pointu_ex1_1000px.jpg",1000,1000,false],"thumbnail":["https:\/\/www.eurofacto.com\/wp-content\/uploads\/2022\/02\/chapeau_pointu_ex1_1000px-150x150.jpg",150,150,true],"medium":["https:\/\/www.eurofacto.com\/wp-content\/uploads\/2022\/02\/chapeau_pointu_ex1_1000px-300x300.jpg",300,300,true],"medium_large":["https:\/\/www.eurofacto.com\/wp-content\/uploads\/2022\/02\/chapeau_pointu_ex1_1000px-768x768.jpg",768,768,true],"large":["https:\/\/www.eurofacto.com\/wp-content\/uploads\/2022\/02\/chapeau_pointu_ex1_1000px.jpg",1000,1000,false],"1536x1536":["https:\/\/www.eurofacto.com\/wp-content\/uploads\/2022\/02\/chapeau_pointu_ex1_1000px.jpg",1000,1000,false],"2048x2048":["https:\/\/www.eurofacto.com\/wp-content\/uploads\/2022\/02\/chapeau_pointu_ex1_1000px.jpg",1000,1000,false],"trp-custom-language-flag":["https:\/\/www.eurofacto.com\/wp-content\/uploads\/2022\/02\/chapeau_pointu_ex1_1000px.jpg",12,12,false],"woocommerce_archive_thumbnail":["https:\/\/www.eurofacto.com\/wp-content\/uploads\/2022\/02\/chapeau_pointu_ex1_1000px-300x300.jpg",300,300,true],"woocommerce_thumbnail":["https:\/\/www.eurofacto.com\/wp-content\/uploads\/2022\/02\/chapeau_pointu_ex1_1000px-300x300.jpg",300,300,true],"woocommerce_single":["https:\/\/www.eurofacto.com\/wp-content\/uploads\/2022\/02\/chapeau_pointu_ex1_1000px-600x600.jpg",600,600,true],"woocommerce_gallery_thumbnail":["https:\/\/www.eurofacto.com\/wp-content\/uploads\/2022\/02\/chapeau_pointu_ex1_1000px-100x100.jpg",100,100,true]},"uagb_author_info":{"display_name":"Antoine Ninat","author_link":"https:\/5ac1d44055f195d1\/5ac1d44055f195d1www.eurofacto.com\/5ac1d44055f195d1en\/5ac1d44055f195d1author\/5ac1d44055f195d1"},"uagb_comment_info":0,"uagb_excerpt":"Corps en carton 230 g\/m\u00b2 imprim\u00e9 sur 1 face (ext\u00e9rieur) Attache par \u00e9lastique blanc simple nou\u00e9 Produit livr\u00e9 \u00e0 plat, se monte facilement \u00e0 l'aide d'une simple encoche","_links":{"self":[{"href":"https:\/\/www.eurofacto.com\/en\/wp-json\/wp\/v2\/product\/1499","targetHints":{"allow":["GET"]}}],"collection":[{"href":"https:\/\/www.eurofacto.com\/en\/wp-json\/wp\/v2\/product"}],"about":[{"href":"https:\/\/www.eurofacto.com\/en\/wp-json\/wp\/v2\/types\/product"}],"wp:featuredmedia":[{"embeddable":true,"href":"https:\/\/www.eurofacto.com\/en\/wp-json\/wp\/v2\/media\/1851"}],"wp:attachment":[{"href":"https:\/\/www.eurofacto.com\/en\/wp-json\/wp\/v2\/media?parent=1499"}],"wp:term":[{"taxonomy":"product_brand","embeddable":true,"href":"https:\/\/www.eurofacto.com\/en\/wp-json\/wp\/v2\/product_brand?post=1499"},{"taxonomy":"product_cat","embeddable":true,"href":"https:\/\/www.eurofacto.com\/en\/wp-json\/wp\/v2\/product_cat?post=1499"},{"taxonomy":"product_tag","embeddable":true,"href":"https:\/\/www.eurofacto.com\/en\/wp-json\/wp\/v2\/product_tag?post=1499"}],"curies":[{"name":"wp","href":"https:\/\/api.w.org\/{rel}","templated":true}]}}