{"id":1501,"date":"2022-02-09T16:14:50","date_gmt":"2022-02-09T15:14:50","guid":{"rendered":"https:\/\/www.eurofacto.com\/?post_type=product&#038;p=1501"},"modified":"2025-04-15T11:11:01","modified_gmt":"2025-04-15T09:11:01","slug":"petit-moulin-a-vent-en-papier","status":"publish","type":"product","link":"https:\/\/www.eurofacto.com\/en\/product\/petit-moulin-a-vent-en-papier\/","title":{"rendered":"Small paper windmill"},"content":{"rendered":"<p><a href=\"https:\/\/www.eurofacto.com\/wp-content\/uploads\/2022\/02\/Gabarit-moulin-petit.pdf\">Printing template<\/a><\/p>\n<p>&nbsp;<\/p>\n<p>A146<\/p>","protected":false},"excerpt":{"rendered":"<p>Corps en papier glac\u00e9 200 g\/m\u00b2, avec rosette frontale en forme de rond, de fleur ou de coeur. Tige en papier roul\u00e9 (sans plastique) de 32cm emball\u00e9e s\u00e9par\u00e9ment.<\/p>\n<p>Imprim\u00e9 sur les 2 faces (+ rosette), ce produit est livr\u00e9 \u00e0 plat et non assembl\u00e9 (montage simple \u00e0 r\u00e9aliser par un adulte).<br \/>\nVersion 4 pans de 18cm de diam\u00e8tre.<\/p>","protected":false},"featured_media":1912,"template":"","meta":{"_uag_custom_page_level_css":""},"product_brand":[],"product_cat":[35,33],"product_tag":[],"class_list":{"0":"post-1501","1":"product","2":"type-product","3":"status-publish","4":"has-post-thumbnail","6":"product_cat-jeux","7":"product_cat-loisirs","9":"first","10":"instock","11":"shipping-taxable","12":"product-type-variable"},"uagb_featured_image_src":{"full":["https:\/\/www.eurofacto.com\/wp-content\/uploads\/2022\/02\/moulin_papier_petit_ex5.jpg",1000,1000,false],"thumbnail":["https:\/\/www.eurofacto.com\/wp-content\/uploads\/2022\/02\/moulin_papier_petit_ex5-150x150.jpg",150,150,true],"medium":["https:\/\/www.eurofacto.com\/wp-content\/uploads\/2022\/02\/moulin_papier_petit_ex5-300x300.jpg",300,300,true],"medium_large":["https:\/\/www.eurofacto.com\/wp-content\/uploads\/2022\/02\/moulin_papier_petit_ex5-768x768.jpg",768,768,true],"large":["https:\/\/www.eurofacto.com\/wp-content\/uploads\/2022\/02\/moulin_papier_petit_ex5.jpg",1000,1000,false],"1536x1536":["https:\/\/www.eurofacto.com\/wp-content\/uploads\/2022\/02\/moulin_papier_petit_ex5.jpg",1000,1000,false],"2048x2048":["https:\/\/www.eurofacto.com\/wp-content\/uploads\/2022\/02\/moulin_papier_petit_ex5.jpg",1000,1000,false],"trp-custom-language-flag":["https:\/\/www.eurofacto.com\/wp-content\/uploads\/2022\/02\/moulin_papier_petit_ex5.jpg",12,12,false],"woocommerce_archive_thumbnail":["https:\/\/www.eurofacto.com\/wp-content\/uploads\/2022\/02\/moulin_papier_petit_ex5-300x300.jpg",300,300,true],"woocommerce_thumbnail":["https:\/\/www.eurofacto.com\/wp-content\/uploads\/2022\/02\/moulin_papier_petit_ex5-300x300.jpg",300,300,true],"woocommerce_single":["https:\/\/www.eurofacto.com\/wp-content\/uploads\/2022\/02\/moulin_papier_petit_ex5-600x600.jpg",600,600,true],"woocommerce_gallery_thumbnail":["https:\/\/www.eurofacto.com\/wp-content\/uploads\/2022\/02\/moulin_papier_petit_ex5-100x100.jpg",100,100,true]},"uagb_author_info":{"display_name":"Antoine Ninat","author_link":"https:\/5ac1d44055f195d1\/5ac1d44055f195d1www.eurofacto.com\/5ac1d44055f195d1en\/5ac1d44055f195d1author\/5ac1d44055f195d1"},"uagb_comment_info":0,"uagb_excerpt":"Corps en papier glac\u00e9 200 g\/m\u00b2, avec rosette frontale en forme de rond, de fleur ou de coeur. Tige en papier roul\u00e9 (sans plastique) de 32cm emball\u00e9e s\u00e9par\u00e9ment. Imprim\u00e9 sur les 2 faces (+ rosette), ce produit est livr\u00e9 \u00e0 plat et non assembl\u00e9 (montage simple \u00e0 r\u00e9aliser par un adulte). Version 4 pans de&hellip;","_links":{"self":[{"href":"https:\/\/www.eurofacto.com\/en\/wp-json\/wp\/v2\/product\/1501","targetHints":{"allow":["GET"]}}],"collection":[{"href":"https:\/\/www.eurofacto.com\/en\/wp-json\/wp\/v2\/product"}],"about":[{"href":"https:\/\/www.eurofacto.com\/en\/wp-json\/wp\/v2\/types\/product"}],"wp:featuredmedia":[{"embeddable":true,"href":"https:\/\/www.eurofacto.com\/en\/wp-json\/wp\/v2\/media\/1912"}],"wp:attachment":[{"href":"https:\/\/www.eurofacto.com\/en\/wp-json\/wp\/v2\/media?parent=1501"}],"wp:term":[{"taxonomy":"product_brand","embeddable":true,"href":"https:\/\/www.eurofacto.com\/en\/wp-json\/wp\/v2\/product_brand?post=1501"},{"taxonomy":"product_cat","embeddable":true,"href":"https:\/\/www.eurofacto.com\/en\/wp-json\/wp\/v2\/product_cat?post=1501"},{"taxonomy":"product_tag","embeddable":true,"href":"https:\/\/www.eurofacto.com\/en\/wp-json\/wp\/v2\/product_tag?post=1501"}],"curies":[{"name":"wp","href":"https:\/\/api.w.org\/{rel}","templated":true}]}}