{"id":1505,"date":"2022-02-10T11:33:28","date_gmt":"2022-02-10T10:33:28","guid":{"rendered":"https:\/\/www.eurofacto.com\/?post_type=product&#038;p=1505"},"modified":"2024-07-04T20:52:51","modified_gmt":"2024-07-04T18:52:51","slug":"moulin-a-vent-6-ailes","status":"publish","type":"product","link":"https:\/\/www.eurofacto.com\/en\/product\/moulin-a-vent-6-ailes\/","title":{"rendered":"6 blades windmill"},"content":{"rendered":"<p>&nbsp;<\/p>\n<p>&nbsp;<\/p>\n<p>A144<\/p>","protected":false},"excerpt":{"rendered":"<p>Corps en papier glac\u00e9 200 g\/m\u00b2, avec rosette frontale en forme de rond, de fleur ou de c\u0153ur. Tige en papier roul\u00e9 (sans plastique) de 32cm emball\u00e9e s\u00e9par\u00e9ment.<\/p>\n<p>Imprim\u00e9 sur les 2 faces (+ recto de la rosette)<br \/>\nArticle livr\u00e9 non mont\u00e9 (assemblage facile \u00e0 r\u00e9aliser par un adulte)<\/p>\n<p>Mod\u00e8le moyen \u00e0 6 pans de 21cm de diam\u00e8tre<\/p>","protected":false},"featured_media":1920,"template":"","meta":{"_uag_custom_page_level_css":""},"product_brand":[],"product_cat":[35,33],"product_tag":[],"class_list":{"0":"post-1505","1":"product","2":"type-product","3":"status-publish","4":"has-post-thumbnail","6":"product_cat-jeux","7":"product_cat-loisirs","9":"first","10":"instock","11":"shipping-taxable","12":"product-type-variable"},"uagb_featured_image_src":{"full":["https:\/\/www.eurofacto.com\/wp-content\/uploads\/2022\/02\/moulin_6_ailes_ex7.jpg",1000,1000,false],"thumbnail":["https:\/\/www.eurofacto.com\/wp-content\/uploads\/2022\/02\/moulin_6_ailes_ex7-150x150.jpg",150,150,true],"medium":["https:\/\/www.eurofacto.com\/wp-content\/uploads\/2022\/02\/moulin_6_ailes_ex7-300x300.jpg",300,300,true],"medium_large":["https:\/\/www.eurofacto.com\/wp-content\/uploads\/2022\/02\/moulin_6_ailes_ex7-768x768.jpg",768,768,true],"large":["https:\/\/www.eurofacto.com\/wp-content\/uploads\/2022\/02\/moulin_6_ailes_ex7.jpg",1000,1000,false],"1536x1536":["https:\/\/www.eurofacto.com\/wp-content\/uploads\/2022\/02\/moulin_6_ailes_ex7.jpg",1000,1000,false],"2048x2048":["https:\/\/www.eurofacto.com\/wp-content\/uploads\/2022\/02\/moulin_6_ailes_ex7.jpg",1000,1000,false],"trp-custom-language-flag":["https:\/\/www.eurofacto.com\/wp-content\/uploads\/2022\/02\/moulin_6_ailes_ex7.jpg",12,12,false],"woocommerce_archive_thumbnail":["https:\/\/www.eurofacto.com\/wp-content\/uploads\/2022\/02\/moulin_6_ailes_ex7-300x300.jpg",300,300,true],"woocommerce_thumbnail":["https:\/\/www.eurofacto.com\/wp-content\/uploads\/2022\/02\/moulin_6_ailes_ex7-300x300.jpg",300,300,true],"woocommerce_single":["https:\/\/www.eurofacto.com\/wp-content\/uploads\/2022\/02\/moulin_6_ailes_ex7-600x600.jpg",600,600,true],"woocommerce_gallery_thumbnail":["https:\/\/www.eurofacto.com\/wp-content\/uploads\/2022\/02\/moulin_6_ailes_ex7-100x100.jpg",100,100,true]},"uagb_author_info":{"display_name":"Antoine Ninat","author_link":"https:\/5ac1d44055f195d1\/5ac1d44055f195d1www.eurofacto.com\/5ac1d44055f195d1en\/5ac1d44055f195d1author\/5ac1d44055f195d1"},"uagb_comment_info":0,"uagb_excerpt":"Corps en papier glac\u00e9 200 g\/m\u00b2, avec rosette frontale en forme de rond, de fleur ou de c\u0153ur. Tige en papier roul\u00e9 (sans plastique) de 32cm emball\u00e9e s\u00e9par\u00e9ment. Imprim\u00e9 sur les 2 faces (+ recto de la rosette) Article livr\u00e9 non mont\u00e9 (assemblage facile \u00e0 r\u00e9aliser par un adulte) Mod\u00e8le moyen \u00e0 6 pans de&hellip;","_links":{"self":[{"href":"https:\/\/www.eurofacto.com\/en\/wp-json\/wp\/v2\/product\/1505","targetHints":{"allow":["GET"]}}],"collection":[{"href":"https:\/\/www.eurofacto.com\/en\/wp-json\/wp\/v2\/product"}],"about":[{"href":"https:\/\/www.eurofacto.com\/en\/wp-json\/wp\/v2\/types\/product"}],"wp:featuredmedia":[{"embeddable":true,"href":"https:\/\/www.eurofacto.com\/en\/wp-json\/wp\/v2\/media\/1920"}],"wp:attachment":[{"href":"https:\/\/www.eurofacto.com\/en\/wp-json\/wp\/v2\/media?parent=1505"}],"wp:term":[{"taxonomy":"product_brand","embeddable":true,"href":"https:\/\/www.eurofacto.com\/en\/wp-json\/wp\/v2\/product_brand?post=1505"},{"taxonomy":"product_cat","embeddable":true,"href":"https:\/\/www.eurofacto.com\/en\/wp-json\/wp\/v2\/product_cat?post=1505"},{"taxonomy":"product_tag","embeddable":true,"href":"https:\/\/www.eurofacto.com\/en\/wp-json\/wp\/v2\/product_tag?post=1505"}],"curies":[{"name":"wp","href":"https:\/\/api.w.org\/{rel}","templated":true}]}}