{"id":1507,"date":"2022-02-10T15:10:33","date_gmt":"2022-02-10T14:10:33","guid":{"rendered":"https:\/\/www.eurofacto.com\/?post_type=product&#038;p=1507"},"modified":"2026-01-12T22:24:55","modified_gmt":"2026-01-12T21:24:55","slug":"petit-drapeau-en-papier-supporter","status":"publish","type":"product","link":"https:\/\/www.eurofacto.com\/en\/product\/petit-drapeau-en-papier-supporter\/","title":{"rendered":"Small paper flag 20x15cm"},"content":{"rendered":"<p><a href=\"https:\/\/www.eurofacto.com\/wp-content\/uploads\/2022\/02\/Gabarit-drapeau-20x15cm-FR.pdf\">Printing template<\/a><\/p>\n<p>&nbsp;<\/p>\n<p>A143<\/p>","protected":false},"excerpt":{"rendered":"<p>Voile en papier couch\u00e9 brillant 150 g\/m\u00b2<\/p>\n<p>Impression recto\/verso par d\u00e9faut<br \/>\nBoth sides can be different<\/p>\n<p>Biodegradable wooden stick (39cm long)<\/p>","protected":false},"featured_media":4671,"template":"","meta":{"_uag_custom_page_level_css":""},"product_brand":[],"product_cat":[29,27],"product_tag":[],"class_list":{"0":"post-1507","1":"product","2":"type-product","3":"status-publish","4":"has-post-thumbnail","6":"product_cat-evenementiel","7":"product_cat-outdoor","9":"first","10":"instock","11":"featured","12":"shipping-taxable","13":"product-type-variable"},"uagb_featured_image_src":{"full":["https:\/\/www.eurofacto.com\/wp-content\/uploads\/2022\/02\/drapeau_papier_20x15_ex7.jpg",1000,1000,false],"thumbnail":["https:\/\/www.eurofacto.com\/wp-content\/uploads\/2022\/02\/drapeau_papier_20x15_ex7-150x150.jpg",150,150,true],"medium":["https:\/\/www.eurofacto.com\/wp-content\/uploads\/2022\/02\/drapeau_papier_20x15_ex7-300x300.jpg",300,300,true],"medium_large":["https:\/\/www.eurofacto.com\/wp-content\/uploads\/2022\/02\/drapeau_papier_20x15_ex7-768x768.jpg",768,768,true],"large":["https:\/\/www.eurofacto.com\/wp-content\/uploads\/2022\/02\/drapeau_papier_20x15_ex7.jpg",1000,1000,false],"1536x1536":["https:\/\/www.eurofacto.com\/wp-content\/uploads\/2022\/02\/drapeau_papier_20x15_ex7.jpg",1000,1000,false],"2048x2048":["https:\/\/www.eurofacto.com\/wp-content\/uploads\/2022\/02\/drapeau_papier_20x15_ex7.jpg",1000,1000,false],"trp-custom-language-flag":["https:\/\/www.eurofacto.com\/wp-content\/uploads\/2022\/02\/drapeau_papier_20x15_ex7-12x12.jpg",12,12,true],"woocommerce_archive_thumbnail":["https:\/\/www.eurofacto.com\/wp-content\/uploads\/2022\/02\/drapeau_papier_20x15_ex7-300x300.jpg",300,300,true],"woocommerce_thumbnail":["https:\/\/www.eurofacto.com\/wp-content\/uploads\/2022\/02\/drapeau_papier_20x15_ex7-300x300.jpg",300,300,true],"woocommerce_single":["https:\/\/www.eurofacto.com\/wp-content\/uploads\/2022\/02\/drapeau_papier_20x15_ex7-600x600.jpg",600,600,true],"woocommerce_gallery_thumbnail":["https:\/\/www.eurofacto.com\/wp-content\/uploads\/2022\/02\/drapeau_papier_20x15_ex7-100x100.jpg",100,100,true]},"uagb_author_info":{"display_name":"Antoine Ninat","author_link":"https:\/5ac1d44055f195d1\/5ac1d44055f195d1www.eurofacto.com\/5ac1d44055f195d1en\/5ac1d44055f195d1author\/5ac1d44055f195d1"},"uagb_comment_info":0,"uagb_excerpt":"Voile en papier couch\u00e9 brillant 150 g\/m\u00b2 Impression recto\/verso par d\u00e9faut Les deux faces peuvent \u00eatre diff\u00e9rentes Hampe biod\u00e9gradable en bois (39cm)","_links":{"self":[{"href":"https:\/\/www.eurofacto.com\/en\/wp-json\/wp\/v2\/product\/1507","targetHints":{"allow":["GET"]}}],"collection":[{"href":"https:\/\/www.eurofacto.com\/en\/wp-json\/wp\/v2\/product"}],"about":[{"href":"https:\/\/www.eurofacto.com\/en\/wp-json\/wp\/v2\/types\/product"}],"wp:featuredmedia":[{"embeddable":true,"href":"https:\/\/www.eurofacto.com\/en\/wp-json\/wp\/v2\/media\/4671"}],"wp:attachment":[{"href":"https:\/\/www.eurofacto.com\/en\/wp-json\/wp\/v2\/media?parent=1507"}],"wp:term":[{"taxonomy":"product_brand","embeddable":true,"href":"https:\/\/www.eurofacto.com\/en\/wp-json\/wp\/v2\/product_brand?post=1507"},{"taxonomy":"product_cat","embeddable":true,"href":"https:\/\/www.eurofacto.com\/en\/wp-json\/wp\/v2\/product_cat?post=1507"},{"taxonomy":"product_tag","embeddable":true,"href":"https:\/\/www.eurofacto.com\/en\/wp-json\/wp\/v2\/product_tag?post=1507"}],"curies":[{"name":"wp","href":"https:\/\/api.w.org\/{rel}","templated":true}]}}