{"id":1517,"date":"2022-02-10T15:51:34","date_gmt":"2022-02-10T14:51:34","guid":{"rendered":"https:\/\/www.eurofacto.com\/?post_type=product&#038;p=1517"},"modified":"2026-01-12T22:26:35","modified_gmt":"2026-01-12T21:26:35","slug":"petit-drapeau-france","status":"publish","type":"product","link":"https:\/\/www.eurofacto.com\/en\/product\/petit-drapeau-france\/","title":{"rendered":"France small paper flag"},"content":{"rendered":"<p>&nbsp;<\/p>\n<p>&nbsp;<\/p>\n<p>A138<\/p>","protected":false},"excerpt":{"rendered":"<p>Voile en papier couch\u00e9 brillant 150 g\/m\u00b2<br \/>\nAu choix : hampe biod\u00e9gradable en bois (39cm) ou en papier roul\u00e9 (32cm)<\/p>\n<p>Voile au format unique 24x12cm<br \/>\nPr\u00e9-imprim\u00e9e recto\/verso aux couleurs de la France<\/p>","protected":false},"featured_media":2197,"template":"","meta":{"_uag_custom_page_level_css":""},"product_brand":[],"product_cat":[29,27],"product_tag":[],"class_list":{"0":"post-1517","1":"product","2":"type-product","3":"status-publish","4":"has-post-thumbnail","6":"product_cat-evenementiel","7":"product_cat-outdoor","9":"first","10":"instock","11":"shipping-taxable","12":"product-type-variable"},"uagb_featured_image_src":{"full":["https:\/\/www.eurofacto.com\/wp-content\/uploads\/2022\/02\/drapeau_papier_pays_FR_papier_1000px.jpg",1000,1000,false],"thumbnail":["https:\/\/www.eurofacto.com\/wp-content\/uploads\/2022\/02\/drapeau_papier_pays_FR_papier_1000px-150x150.jpg",150,150,true],"medium":["https:\/\/www.eurofacto.com\/wp-content\/uploads\/2022\/02\/drapeau_papier_pays_FR_papier_1000px-300x300.jpg",300,300,true],"medium_large":["https:\/\/www.eurofacto.com\/wp-content\/uploads\/2022\/02\/drapeau_papier_pays_FR_papier_1000px-768x768.jpg",768,768,true],"large":["https:\/\/www.eurofacto.com\/wp-content\/uploads\/2022\/02\/drapeau_papier_pays_FR_papier_1000px.jpg",1000,1000,false],"1536x1536":["https:\/\/www.eurofacto.com\/wp-content\/uploads\/2022\/02\/drapeau_papier_pays_FR_papier_1000px.jpg",1000,1000,false],"2048x2048":["https:\/\/www.eurofacto.com\/wp-content\/uploads\/2022\/02\/drapeau_papier_pays_FR_papier_1000px.jpg",1000,1000,false],"trp-custom-language-flag":["https:\/\/www.eurofacto.com\/wp-content\/uploads\/2022\/02\/drapeau_papier_pays_FR_papier_1000px.jpg",12,12,false],"woocommerce_archive_thumbnail":["https:\/\/www.eurofacto.com\/wp-content\/uploads\/2022\/02\/drapeau_papier_pays_FR_papier_1000px-300x300.jpg",300,300,true],"woocommerce_thumbnail":["https:\/\/www.eurofacto.com\/wp-content\/uploads\/2022\/02\/drapeau_papier_pays_FR_papier_1000px-300x300.jpg",300,300,true],"woocommerce_single":["https:\/\/www.eurofacto.com\/wp-content\/uploads\/2022\/02\/drapeau_papier_pays_FR_papier_1000px-600x600.jpg",600,600,true],"woocommerce_gallery_thumbnail":["https:\/\/www.eurofacto.com\/wp-content\/uploads\/2022\/02\/drapeau_papier_pays_FR_papier_1000px-100x100.jpg",100,100,true]},"uagb_author_info":{"display_name":"Antoine Ninat","author_link":"https:\/5ac1d44055f195d1\/5ac1d44055f195d1www.eurofacto.com\/5ac1d44055f195d1en\/5ac1d44055f195d1author\/5ac1d44055f195d1"},"uagb_comment_info":0,"uagb_excerpt":"Voile en papier couch\u00e9 brillant 150 g\/m\u00b2 Au choix : hampe biod\u00e9gradable en bois (39cm) ou en papier roul\u00e9 (32cm) Voile au format unique 24x12cm Pr\u00e9-imprim\u00e9e recto\/verso aux couleurs de la France","_links":{"self":[{"href":"https:\/\/www.eurofacto.com\/en\/wp-json\/wp\/v2\/product\/1517","targetHints":{"allow":["GET"]}}],"collection":[{"href":"https:\/\/www.eurofacto.com\/en\/wp-json\/wp\/v2\/product"}],"about":[{"href":"https:\/\/www.eurofacto.com\/en\/wp-json\/wp\/v2\/types\/product"}],"wp:featuredmedia":[{"embeddable":true,"href":"https:\/\/www.eurofacto.com\/en\/wp-json\/wp\/v2\/media\/2197"}],"wp:attachment":[{"href":"https:\/\/www.eurofacto.com\/en\/wp-json\/wp\/v2\/media?parent=1517"}],"wp:term":[{"taxonomy":"product_brand","embeddable":true,"href":"https:\/\/www.eurofacto.com\/en\/wp-json\/wp\/v2\/product_brand?post=1517"},{"taxonomy":"product_cat","embeddable":true,"href":"https:\/\/www.eurofacto.com\/en\/wp-json\/wp\/v2\/product_cat?post=1517"},{"taxonomy":"product_tag","embeddable":true,"href":"https:\/\/www.eurofacto.com\/en\/wp-json\/wp\/v2\/product_tag?post=1517"}],"curies":[{"name":"wp","href":"https:\/\/api.w.org\/{rel}","templated":true}]}}