{"id":1526,"date":"2022-02-10T16:53:43","date_gmt":"2022-02-10T15:53:43","guid":{"rendered":"https:\/\/www.eurofacto.com\/?post_type=product&#038;p=1526"},"modified":"2024-07-04T20:52:51","modified_gmt":"2024-07-04T18:52:51","slug":"pique-alimentaire-drapeau-suisse","status":"publish","type":"product","link":"https:\/\/www.eurofacto.com\/en\/product\/pique-alimentaire-drapeau-suisse\/","title":{"rendered":"Food country flag \/ Switzerland"},"content":{"rendered":"<p>A134<\/p>","protected":false},"excerpt":{"rendered":"<p>Small 40x25mm paper flag glued around a 70mm long wooden toothpick<br \/>\n135gsm gloss paper printed on both sides<\/p>\n<p>Automated production line according to the EU hygiene standards for products intended for food contact<\/p>","protected":false},"featured_media":1867,"template":"","meta":{"_uag_custom_page_level_css":""},"product_brand":[],"product_cat":[30,31],"product_tag":[],"class_list":{"0":"post-1526","1":"product","2":"type-product","3":"status-publish","4":"has-post-thumbnail","6":"product_cat-gastronomie","7":"product_cat-packaging","9":"first","10":"instock","11":"shipping-taxable","12":"product-type-variable"},"uagb_featured_image_src":{"full":["https:\/\/www.eurofacto.com\/wp-content\/uploads\/2022\/02\/pique_drapeau_suisse.jpg",1000,1000,false],"thumbnail":["https:\/\/www.eurofacto.com\/wp-content\/uploads\/2022\/02\/pique_drapeau_suisse-150x150.jpg",150,150,true],"medium":["https:\/\/www.eurofacto.com\/wp-content\/uploads\/2022\/02\/pique_drapeau_suisse-300x300.jpg",300,300,true],"medium_large":["https:\/\/www.eurofacto.com\/wp-content\/uploads\/2022\/02\/pique_drapeau_suisse-768x768.jpg",768,768,true],"large":["https:\/\/www.eurofacto.com\/wp-content\/uploads\/2022\/02\/pique_drapeau_suisse.jpg",1000,1000,false],"1536x1536":["https:\/\/www.eurofacto.com\/wp-content\/uploads\/2022\/02\/pique_drapeau_suisse.jpg",1000,1000,false],"2048x2048":["https:\/\/www.eurofacto.com\/wp-content\/uploads\/2022\/02\/pique_drapeau_suisse.jpg",1000,1000,false],"trp-custom-language-flag":["https:\/\/www.eurofacto.com\/wp-content\/uploads\/2022\/02\/pique_drapeau_suisse.jpg",12,12,false],"woocommerce_archive_thumbnail":["https:\/\/www.eurofacto.com\/wp-content\/uploads\/2022\/02\/pique_drapeau_suisse-300x300.jpg",300,300,true],"woocommerce_thumbnail":["https:\/\/www.eurofacto.com\/wp-content\/uploads\/2022\/02\/pique_drapeau_suisse-300x300.jpg",300,300,true],"woocommerce_single":["https:\/\/www.eurofacto.com\/wp-content\/uploads\/2022\/02\/pique_drapeau_suisse-600x600.jpg",600,600,true],"woocommerce_gallery_thumbnail":["https:\/\/www.eurofacto.com\/wp-content\/uploads\/2022\/02\/pique_drapeau_suisse-100x100.jpg",100,100,true]},"uagb_author_info":{"display_name":"Antoine Ninat","author_link":"https:\/5ac1d44055f195d1\/5ac1d44055f195d1www.eurofacto.com\/5ac1d44055f195d1en\/5ac1d44055f195d1author\/5ac1d44055f195d1"},"uagb_comment_info":0,"uagb_excerpt":"Petit drapeau 40x25mm coll\u00e9 autour d'un cure-dent en bois de 70mm de long Papier glac\u00e9 135 g\/m\u00b2 imprim\u00e9 recto\/verso Cha\u00eene de production automatis\u00e9e selon les normes d'hygi\u00e8ne en vigueur pour les produits destin\u00e9s au contact alimentaire","_links":{"self":[{"href":"https:\/\/www.eurofacto.com\/en\/wp-json\/wp\/v2\/product\/1526","targetHints":{"allow":["GET"]}}],"collection":[{"href":"https:\/\/www.eurofacto.com\/en\/wp-json\/wp\/v2\/product"}],"about":[{"href":"https:\/\/www.eurofacto.com\/en\/wp-json\/wp\/v2\/types\/product"}],"wp:featuredmedia":[{"embeddable":true,"href":"https:\/\/www.eurofacto.com\/en\/wp-json\/wp\/v2\/media\/1867"}],"wp:attachment":[{"href":"https:\/\/www.eurofacto.com\/en\/wp-json\/wp\/v2\/media?parent=1526"}],"wp:term":[{"taxonomy":"product_brand","embeddable":true,"href":"https:\/\/www.eurofacto.com\/en\/wp-json\/wp\/v2\/product_brand?post=1526"},{"taxonomy":"product_cat","embeddable":true,"href":"https:\/\/www.eurofacto.com\/en\/wp-json\/wp\/v2\/product_cat?post=1526"},{"taxonomy":"product_tag","embeddable":true,"href":"https:\/\/www.eurofacto.com\/en\/wp-json\/wp\/v2\/product_tag?post=1526"}],"curies":[{"name":"wp","href":"https:\/\/api.w.org\/{rel}","templated":true}]}}