{"id":1536,"date":"2022-02-10T17:32:01","date_gmt":"2022-02-10T16:32:01","guid":{"rendered":"https:\/\/www.eurofacto.com\/?post_type=product&#038;p=1536"},"modified":"2024-09-06T15:06:50","modified_gmt":"2024-09-06T13:06:50","slug":"masque-en-carton-enfant","status":"publish","type":"product","link":"https:\/\/www.eurofacto.com\/en\/product\/masque-en-carton-enfant\/","title":{"rendered":"Paper mask (child)"},"content":{"rendered":"<p><a href=\"https:\/\/www.eurofacto.com\/wp-content\/uploads\/2022\/02\/Gabarit-et-formes-Petit-masque-1.pdf\">T\u00e9l\u00e9charger les formes standards de d\u00e9coupe (petit masque)<\/a><\/p>\n<p>&nbsp;<\/p>\n<p>A129<\/p>","protected":false},"excerpt":{"rendered":"<p>Masque en papier cartonn\u00e9 270 g\/m\u00b2<br \/>\nFourni avec une attache \u00e9lastique simple pr\u00e9-nou\u00e9e<\/p>\n<p>Impression offset de l&rsquo;int\u00e9gralit\u00e9 d&rsquo;une face<br \/>\nPuis d\u00e9coupe selon de nombreuses formes standards disponibles<\/p>\n<p><strong>En option<\/strong>, cr\u00e9ation d&rsquo;une forme <strong>sur-mesure<\/strong> (please contact us)<\/p>","protected":false},"featured_media":1899,"template":"","meta":{"_uag_custom_page_level_css":""},"product_brand":[],"product_cat":[34,33],"product_tag":[],"class_list":{"0":"post-1536","1":"product","2":"type-product","3":"status-publish","4":"has-post-thumbnail","6":"product_cat-fete","7":"product_cat-loisirs","9":"first","10":"instock","11":"shipping-taxable","12":"product-type-variable"},"uagb_featured_image_src":{"full":["https:\/\/www.eurofacto.com\/wp-content\/uploads\/2022\/02\/masque_carton_enfant_ex1.jpg",1000,1000,false],"thumbnail":["https:\/\/www.eurofacto.com\/wp-content\/uploads\/2022\/02\/masque_carton_enfant_ex1-150x150.jpg",150,150,true],"medium":["https:\/\/www.eurofacto.com\/wp-content\/uploads\/2022\/02\/masque_carton_enfant_ex1-300x300.jpg",300,300,true],"medium_large":["https:\/\/www.eurofacto.com\/wp-content\/uploads\/2022\/02\/masque_carton_enfant_ex1-768x768.jpg",768,768,true],"large":["https:\/\/www.eurofacto.com\/wp-content\/uploads\/2022\/02\/masque_carton_enfant_ex1.jpg",1000,1000,false],"1536x1536":["https:\/\/www.eurofacto.com\/wp-content\/uploads\/2022\/02\/masque_carton_enfant_ex1.jpg",1000,1000,false],"2048x2048":["https:\/\/www.eurofacto.com\/wp-content\/uploads\/2022\/02\/masque_carton_enfant_ex1.jpg",1000,1000,false],"trp-custom-language-flag":["https:\/\/www.eurofacto.com\/wp-content\/uploads\/2022\/02\/masque_carton_enfant_ex1.jpg",12,12,false],"woocommerce_archive_thumbnail":["https:\/\/www.eurofacto.com\/wp-content\/uploads\/2022\/02\/masque_carton_enfant_ex1-300x300.jpg",300,300,true],"woocommerce_thumbnail":["https:\/\/www.eurofacto.com\/wp-content\/uploads\/2022\/02\/masque_carton_enfant_ex1-300x300.jpg",300,300,true],"woocommerce_single":["https:\/\/www.eurofacto.com\/wp-content\/uploads\/2022\/02\/masque_carton_enfant_ex1-600x600.jpg",600,600,true],"woocommerce_gallery_thumbnail":["https:\/\/www.eurofacto.com\/wp-content\/uploads\/2022\/02\/masque_carton_enfant_ex1-100x100.jpg",100,100,true]},"uagb_author_info":{"display_name":"Antoine Ninat","author_link":"https:\/5ac1d44055f195d1\/5ac1d44055f195d1www.eurofacto.com\/5ac1d44055f195d1en\/5ac1d44055f195d1author\/5ac1d44055f195d1"},"uagb_comment_info":0,"uagb_excerpt":"Masque en papier cartonn\u00e9 270 g\/m\u00b2 Fourni avec une attache \u00e9lastique simple pr\u00e9-nou\u00e9e Impression offset de l'int\u00e9gralit\u00e9 d'une face Puis d\u00e9coupe selon de nombreuses formes standards disponibles En option, cr\u00e9ation d'une forme sur-mesure (nous consulter)","_links":{"self":[{"href":"https:\/\/www.eurofacto.com\/en\/wp-json\/wp\/v2\/product\/1536","targetHints":{"allow":["GET"]}}],"collection":[{"href":"https:\/\/www.eurofacto.com\/en\/wp-json\/wp\/v2\/product"}],"about":[{"href":"https:\/\/www.eurofacto.com\/en\/wp-json\/wp\/v2\/types\/product"}],"wp:featuredmedia":[{"embeddable":true,"href":"https:\/\/www.eurofacto.com\/en\/wp-json\/wp\/v2\/media\/1899"}],"wp:attachment":[{"href":"https:\/\/www.eurofacto.com\/en\/wp-json\/wp\/v2\/media?parent=1536"}],"wp:term":[{"taxonomy":"product_brand","embeddable":true,"href":"https:\/\/www.eurofacto.com\/en\/wp-json\/wp\/v2\/product_brand?post=1536"},{"taxonomy":"product_cat","embeddable":true,"href":"https:\/\/www.eurofacto.com\/en\/wp-json\/wp\/v2\/product_cat?post=1536"},{"taxonomy":"product_tag","embeddable":true,"href":"https:\/\/www.eurofacto.com\/en\/wp-json\/wp\/v2\/product_tag?post=1536"}],"curies":[{"name":"wp","href":"https:\/\/api.w.org\/{rel}","templated":true}]}}