{"id":1554,"date":"2022-02-11T15:55:10","date_gmt":"2022-02-11T14:55:10","guid":{"rendered":"https:\/\/www.eurofacto.com\/?post_type=product&#038;p=1554"},"modified":"2026-01-15T10:53:01","modified_gmt":"2026-01-15T09:53:01","slug":"cuillere-a-miel","status":"publish","type":"product","link":"https:\/\/www.eurofacto.com\/en\/product\/cuillere-a-miel\/","title":{"rendered":"Honey spoon"},"content":{"rendered":"<p><a href=\"https:\/\/www.eurofacto.com\/wp-content\/uploads\/2022\/02\/Gabarit-cuillere-a-miel-fab.pdf\">Gabarit d&rsquo;impression (cuill\u00e8re \u00e0 miel 13cm)<\/a><\/p>\n<p>&nbsp;<\/p>\n<p>A122<\/p>","protected":false},"excerpt":{"rendered":"<p>Solid and natural beech wood, FSC certified<br \/>\nClassic and durable model, mid-size<\/p>\n<p>Length 13cm<br \/>\nHandwash only<\/p>\n<p>On request, other sizes may be available<\/p>","protected":false},"featured_media":5076,"template":"","meta":{"_uag_custom_page_level_css":""},"product_brand":[],"product_cat":[23,22],"product_tag":[],"class_list":{"0":"post-1554","1":"product","2":"type-product","3":"status-publish","4":"has-post-thumbnail","6":"product_cat-arts-de-la-table","7":"product_cat-maison","9":"first","10":"instock","11":"shipping-taxable","12":"product-type-variable"},"uagb_featured_image_src":{"full":["https:\/\/www.eurofacto.com\/wp-content\/uploads\/2022\/02\/cuillere_miel_bois_ex1_1000px-1.jpg",1000,1000,false],"thumbnail":["https:\/\/www.eurofacto.com\/wp-content\/uploads\/2022\/02\/cuillere_miel_bois_ex1_1000px-1-150x150.jpg",150,150,true],"medium":["https:\/\/www.eurofacto.com\/wp-content\/uploads\/2022\/02\/cuillere_miel_bois_ex1_1000px-1-300x300.jpg",300,300,true],"medium_large":["https:\/\/www.eurofacto.com\/wp-content\/uploads\/2022\/02\/cuillere_miel_bois_ex1_1000px-1-768x768.jpg",768,768,true],"large":["https:\/\/www.eurofacto.com\/wp-content\/uploads\/2022\/02\/cuillere_miel_bois_ex1_1000px-1.jpg",1000,1000,false],"1536x1536":["https:\/\/www.eurofacto.com\/wp-content\/uploads\/2022\/02\/cuillere_miel_bois_ex1_1000px-1.jpg",1000,1000,false],"2048x2048":["https:\/\/www.eurofacto.com\/wp-content\/uploads\/2022\/02\/cuillere_miel_bois_ex1_1000px-1.jpg",1000,1000,false],"trp-custom-language-flag":["https:\/\/www.eurofacto.com\/wp-content\/uploads\/2022\/02\/cuillere_miel_bois_ex1_1000px-1-12x12.jpg",12,12,true],"woocommerce_archive_thumbnail":["https:\/\/www.eurofacto.com\/wp-content\/uploads\/2022\/02\/cuillere_miel_bois_ex1_1000px-1-300x300.jpg",300,300,true],"woocommerce_thumbnail":["https:\/\/www.eurofacto.com\/wp-content\/uploads\/2022\/02\/cuillere_miel_bois_ex1_1000px-1-300x300.jpg",300,300,true],"woocommerce_single":["https:\/\/www.eurofacto.com\/wp-content\/uploads\/2022\/02\/cuillere_miel_bois_ex1_1000px-1-600x600.jpg",600,600,true],"woocommerce_gallery_thumbnail":["https:\/\/www.eurofacto.com\/wp-content\/uploads\/2022\/02\/cuillere_miel_bois_ex1_1000px-1-100x100.jpg",100,100,true]},"uagb_author_info":{"display_name":"Antoine Ninat","author_link":"https:\/5ac1d44055f195d1\/5ac1d44055f195d1www.eurofacto.com\/5ac1d44055f195d1en\/5ac1d44055f195d1author\/5ac1d44055f195d1"},"uagb_comment_info":0,"uagb_excerpt":"Corps en bois de h\u00eatre massif et naturel, certifi\u00e9 FSC Mod\u00e8le classique et durable, de format interm\u00e9diaire Longueur 13cm Entretien manuel recommand\u00e9 Sur demande, d'autres formats peuvent \u00eatre disponibles","_links":{"self":[{"href":"https:\/\/www.eurofacto.com\/en\/wp-json\/wp\/v2\/product\/1554","targetHints":{"allow":["GET"]}}],"collection":[{"href":"https:\/\/www.eurofacto.com\/en\/wp-json\/wp\/v2\/product"}],"about":[{"href":"https:\/\/www.eurofacto.com\/en\/wp-json\/wp\/v2\/types\/product"}],"wp:featuredmedia":[{"embeddable":true,"href":"https:\/\/www.eurofacto.com\/en\/wp-json\/wp\/v2\/media\/5076"}],"wp:attachment":[{"href":"https:\/\/www.eurofacto.com\/en\/wp-json\/wp\/v2\/media?parent=1554"}],"wp:term":[{"taxonomy":"product_brand","embeddable":true,"href":"https:\/\/www.eurofacto.com\/en\/wp-json\/wp\/v2\/product_brand?post=1554"},{"taxonomy":"product_cat","embeddable":true,"href":"https:\/\/www.eurofacto.com\/en\/wp-json\/wp\/v2\/product_cat?post=1554"},{"taxonomy":"product_tag","embeddable":true,"href":"https:\/\/www.eurofacto.com\/en\/wp-json\/wp\/v2\/product_tag?post=1554"}],"curies":[{"name":"wp","href":"https:\/\/api.w.org\/{rel}","templated":true}]}}