{"id":1565,"date":"2022-02-11T18:29:10","date_gmt":"2022-02-11T17:29:10","guid":{"rendered":"https:\/\/www.eurofacto.com\/?post_type=product&#038;p=1565"},"modified":"2026-04-02T18:38:43","modified_gmt":"2026-04-02T16:38:43","slug":"cuillere-en-bois-ronde","status":"publish","type":"product","link":"https:\/\/www.eurofacto.com\/en\/product\/cuillere-en-bois-ronde\/","title":{"rendered":"Round wooden spoon"},"content":{"rendered":"<p>A164<\/p>","protected":false},"excerpt":{"rendered":"<p>Corps en bois de h\u00eatre massif et naturel<br \/>\nMat\u00e9riau certifi\u00e9 FSC &#8211; Entretien manuel recommand\u00e9<\/p>\n<p>Cuill\u00e8re classique de 30cm par d\u00e9faut<br \/>\nEn option (nous consulter) : formats 20, 25, 35, 40 ou 45 cm de long<\/p>\n<p>Disponible sur stock (2-3 semaines) ou en fabrication (5 semaines)<\/p>","protected":false},"featured_media":4869,"template":"","meta":{"_uag_custom_page_level_css":""},"product_brand":[],"product_cat":[24,22],"product_tag":[],"class_list":{"0":"post-1565","1":"product","2":"type-product","3":"status-publish","4":"has-post-thumbnail","6":"product_cat-cuisine","7":"product_cat-maison","9":"first","10":"instock","11":"shipping-taxable","12":"product-type-variable"},"uagb_featured_image_src":{"full":["https:\/\/www.eurofacto.com\/wp-content\/uploads\/2022\/02\/cuillere_bois_ronde_ex7.jpg",1000,1000,false],"thumbnail":["https:\/\/www.eurofacto.com\/wp-content\/uploads\/2022\/02\/cuillere_bois_ronde_ex7-150x150.jpg",150,150,true],"medium":["https:\/\/www.eurofacto.com\/wp-content\/uploads\/2022\/02\/cuillere_bois_ronde_ex7-300x300.jpg",300,300,true],"medium_large":["https:\/\/www.eurofacto.com\/wp-content\/uploads\/2022\/02\/cuillere_bois_ronde_ex7-768x768.jpg",768,768,true],"large":["https:\/\/www.eurofacto.com\/wp-content\/uploads\/2022\/02\/cuillere_bois_ronde_ex7.jpg",1000,1000,false],"1536x1536":["https:\/\/www.eurofacto.com\/wp-content\/uploads\/2022\/02\/cuillere_bois_ronde_ex7.jpg",1000,1000,false],"2048x2048":["https:\/\/www.eurofacto.com\/wp-content\/uploads\/2022\/02\/cuillere_bois_ronde_ex7.jpg",1000,1000,false],"trp-custom-language-flag":["https:\/\/www.eurofacto.com\/wp-content\/uploads\/2022\/02\/cuillere_bois_ronde_ex7-12x12.jpg",12,12,true],"woocommerce_archive_thumbnail":["https:\/\/www.eurofacto.com\/wp-content\/uploads\/2022\/02\/cuillere_bois_ronde_ex7-300x300.jpg",300,300,true],"woocommerce_thumbnail":["https:\/\/www.eurofacto.com\/wp-content\/uploads\/2022\/02\/cuillere_bois_ronde_ex7-300x300.jpg",300,300,true],"woocommerce_single":["https:\/\/www.eurofacto.com\/wp-content\/uploads\/2022\/02\/cuillere_bois_ronde_ex7-600x600.jpg",600,600,true],"woocommerce_gallery_thumbnail":["https:\/\/www.eurofacto.com\/wp-content\/uploads\/2022\/02\/cuillere_bois_ronde_ex7-100x100.jpg",100,100,true]},"uagb_author_info":{"display_name":"Antoine Ninat","author_link":"https:\/5ac1d44055f195d1\/5ac1d44055f195d1www.eurofacto.com\/5ac1d44055f195d1en\/5ac1d44055f195d1author\/5ac1d44055f195d1"},"uagb_comment_info":0,"uagb_excerpt":"Corps en bois de h\u00eatre massif et naturel Mat\u00e9riau certifi\u00e9 FSC - Entretien manuel recommand\u00e9 Cuill\u00e8re classique de 30cm par d\u00e9faut En option (nous consulter) : formats 20, 25, 35, 40 ou 45 cm de long Disponible sur stock (2-3 semaines) ou en fabrication (5 semaines)","_links":{"self":[{"href":"https:\/\/www.eurofacto.com\/en\/wp-json\/wp\/v2\/product\/1565","targetHints":{"allow":["GET"]}}],"collection":[{"href":"https:\/\/www.eurofacto.com\/en\/wp-json\/wp\/v2\/product"}],"about":[{"href":"https:\/\/www.eurofacto.com\/en\/wp-json\/wp\/v2\/types\/product"}],"wp:featuredmedia":[{"embeddable":true,"href":"https:\/\/www.eurofacto.com\/en\/wp-json\/wp\/v2\/media\/4869"}],"wp:attachment":[{"href":"https:\/\/www.eurofacto.com\/en\/wp-json\/wp\/v2\/media?parent=1565"}],"wp:term":[{"taxonomy":"product_brand","embeddable":true,"href":"https:\/\/www.eurofacto.com\/en\/wp-json\/wp\/v2\/product_brand?post=1565"},{"taxonomy":"product_cat","embeddable":true,"href":"https:\/\/www.eurofacto.com\/en\/wp-json\/wp\/v2\/product_cat?post=1565"},{"taxonomy":"product_tag","embeddable":true,"href":"https:\/\/www.eurofacto.com\/en\/wp-json\/wp\/v2\/product_tag?post=1565"}],"curies":[{"name":"wp","href":"https:\/\/api.w.org\/{rel}","templated":true}]}}