{"id":1570,"date":"2022-02-11T18:57:18","date_gmt":"2022-02-11T17:57:18","guid":{"rendered":"https:\/\/www.eurofacto.com\/?post_type=product&#038;p=1570"},"modified":"2026-04-02T18:39:21","modified_gmt":"2026-04-02T16:39:21","slug":"spatule-en-bois-plate","status":"publish","type":"product","link":"https:\/\/www.eurofacto.com\/en\/product\/spatule-en-bois-plate\/","title":{"rendered":"Wooden spatula"},"content":{"rendered":"<p>&nbsp;<\/p>\n<p>&nbsp;<\/p>\n<p>A166<\/p>","protected":false},"excerpt":{"rendered":"<p>Bois de h\u00eatre massif et naturel, certifi\u00e9 FSC<br \/>\nMat\u00e9riau sensible \u00e0 l&rsquo;humidit\u00e9 &#8211; entretien manuel recommand\u00e9<\/p>\n<p>Classic flat beveled toe shape<br \/>\nOptionally available with a hanging hole at the end of the handle<\/p>\n<p>Disponible sur stock (2-3 semaines) ou en fabrication (5 semaines)<\/p>","protected":false},"featured_media":1954,"template":"","meta":{"_uag_custom_page_level_css":""},"product_brand":[],"product_cat":[24,22],"product_tag":[],"class_list":{"0":"post-1570","1":"product","2":"type-product","3":"status-publish","4":"has-post-thumbnail","6":"product_cat-cuisine","7":"product_cat-maison","9":"first","10":"instock","11":"shipping-taxable","12":"product-type-variable"},"uagb_featured_image_src":{"full":["https:\/\/www.eurofacto.com\/wp-content\/uploads\/2022\/02\/spatule_droite_bois_ex1_1000px.jpg",1000,1000,false],"thumbnail":["https:\/\/www.eurofacto.com\/wp-content\/uploads\/2022\/02\/spatule_droite_bois_ex1_1000px-150x150.jpg",150,150,true],"medium":["https:\/\/www.eurofacto.com\/wp-content\/uploads\/2022\/02\/spatule_droite_bois_ex1_1000px-300x300.jpg",300,300,true],"medium_large":["https:\/\/www.eurofacto.com\/wp-content\/uploads\/2022\/02\/spatule_droite_bois_ex1_1000px-768x768.jpg",768,768,true],"large":["https:\/\/www.eurofacto.com\/wp-content\/uploads\/2022\/02\/spatule_droite_bois_ex1_1000px.jpg",1000,1000,false],"1536x1536":["https:\/\/www.eurofacto.com\/wp-content\/uploads\/2022\/02\/spatule_droite_bois_ex1_1000px.jpg",1000,1000,false],"2048x2048":["https:\/\/www.eurofacto.com\/wp-content\/uploads\/2022\/02\/spatule_droite_bois_ex1_1000px.jpg",1000,1000,false],"trp-custom-language-flag":["https:\/\/www.eurofacto.com\/wp-content\/uploads\/2022\/02\/spatule_droite_bois_ex1_1000px.jpg",12,12,false],"woocommerce_archive_thumbnail":["https:\/\/www.eurofacto.com\/wp-content\/uploads\/2022\/02\/spatule_droite_bois_ex1_1000px-300x300.jpg",300,300,true],"woocommerce_thumbnail":["https:\/\/www.eurofacto.com\/wp-content\/uploads\/2022\/02\/spatule_droite_bois_ex1_1000px-300x300.jpg",300,300,true],"woocommerce_single":["https:\/\/www.eurofacto.com\/wp-content\/uploads\/2022\/02\/spatule_droite_bois_ex1_1000px-600x600.jpg",600,600,true],"woocommerce_gallery_thumbnail":["https:\/\/www.eurofacto.com\/wp-content\/uploads\/2022\/02\/spatule_droite_bois_ex1_1000px-100x100.jpg",100,100,true]},"uagb_author_info":{"display_name":"Antoine Ninat","author_link":"https:\/5ac1d44055f195d1\/5ac1d44055f195d1www.eurofacto.com\/5ac1d44055f195d1en\/5ac1d44055f195d1author\/5ac1d44055f195d1"},"uagb_comment_info":0,"uagb_excerpt":"Bois de h\u00eatre massif et naturel, certifi\u00e9 FSC Mat\u00e9riau sensible \u00e0 l'humidit\u00e9 - entretien manuel recommand\u00e9 Forme classique plate \u00e0 bout biseaut\u00e9 En option, disponible avec un trou d'accroche au bout du manche Disponible sur stock (2-3 semaines) ou en fabrication (5 semaines)","_links":{"self":[{"href":"https:\/\/www.eurofacto.com\/en\/wp-json\/wp\/v2\/product\/1570","targetHints":{"allow":["GET"]}}],"collection":[{"href":"https:\/\/www.eurofacto.com\/en\/wp-json\/wp\/v2\/product"}],"about":[{"href":"https:\/\/www.eurofacto.com\/en\/wp-json\/wp\/v2\/types\/product"}],"wp:featuredmedia":[{"embeddable":true,"href":"https:\/\/www.eurofacto.com\/en\/wp-json\/wp\/v2\/media\/1954"}],"wp:attachment":[{"href":"https:\/\/www.eurofacto.com\/en\/wp-json\/wp\/v2\/media?parent=1570"}],"wp:term":[{"taxonomy":"product_brand","embeddable":true,"href":"https:\/\/www.eurofacto.com\/en\/wp-json\/wp\/v2\/product_brand?post=1570"},{"taxonomy":"product_cat","embeddable":true,"href":"https:\/\/www.eurofacto.com\/en\/wp-json\/wp\/v2\/product_cat?post=1570"},{"taxonomy":"product_tag","embeddable":true,"href":"https:\/\/www.eurofacto.com\/en\/wp-json\/wp\/v2\/product_tag?post=1570"}],"curies":[{"name":"wp","href":"https:\/\/api.w.org\/{rel}","templated":true}]}}