{"id":1583,"date":"2022-02-14T12:08:02","date_gmt":"2022-02-14T11:08:02","guid":{"rendered":"https:\/\/www.eurofacto.com\/?post_type=product&#038;p=1583"},"modified":"2024-07-25T12:51:25","modified_gmt":"2024-07-25T10:51:25","slug":"petite-cuillere-mini-11cm","status":"publish","type":"product","link":"https:\/\/www.eurofacto.com\/en\/product\/petite-cuillere-mini-11cm\/","title":{"rendered":"Small plastic spoon 11cm"},"content":{"rendered":"<p><a href=\"https:\/\/www.eurofacto.com\/wp-content\/uploads\/2022\/02\/Gabarit-petite-cuillere-11cm.pdf\">Gabarit d&rsquo;impression (petite cuill\u00e8re 11cm)<\/a><\/p>\n<p>&nbsp;<\/p>\n<p>A172<\/p>","protected":false},"excerpt":{"rendered":"<p>Plastic material (SAN) compatible with food contact<br \/>\nThick body, coloured and shiny, edgeless<\/p>\n<p>Printing on the handle<\/p>","protected":false},"featured_media":2279,"template":"","meta":{"_uag_custom_page_level_css":""},"product_brand":[],"product_cat":[23,22],"product_tag":[],"class_list":{"0":"post-1583","1":"product","2":"type-product","3":"status-publish","4":"has-post-thumbnail","6":"product_cat-arts-de-la-table","7":"product_cat-maison","9":"first","10":"instock","11":"shipping-taxable","12":"product-type-variable"},"uagb_featured_image_src":{"full":["https:\/\/www.eurofacto.com\/wp-content\/uploads\/2022\/02\/petite_cuillere_11cm_ex4.jpg",1000,1000,false],"thumbnail":["https:\/\/www.eurofacto.com\/wp-content\/uploads\/2022\/02\/petite_cuillere_11cm_ex4-150x150.jpg",150,150,true],"medium":["https:\/\/www.eurofacto.com\/wp-content\/uploads\/2022\/02\/petite_cuillere_11cm_ex4-300x300.jpg",300,300,true],"medium_large":["https:\/\/www.eurofacto.com\/wp-content\/uploads\/2022\/02\/petite_cuillere_11cm_ex4-768x768.jpg",768,768,true],"large":["https:\/\/www.eurofacto.com\/wp-content\/uploads\/2022\/02\/petite_cuillere_11cm_ex4.jpg",1000,1000,false],"1536x1536":["https:\/\/www.eurofacto.com\/wp-content\/uploads\/2022\/02\/petite_cuillere_11cm_ex4.jpg",1000,1000,false],"2048x2048":["https:\/\/www.eurofacto.com\/wp-content\/uploads\/2022\/02\/petite_cuillere_11cm_ex4.jpg",1000,1000,false],"trp-custom-language-flag":["https:\/\/www.eurofacto.com\/wp-content\/uploads\/2022\/02\/petite_cuillere_11cm_ex4.jpg",12,12,false],"woocommerce_archive_thumbnail":["https:\/\/www.eurofacto.com\/wp-content\/uploads\/2022\/02\/petite_cuillere_11cm_ex4-300x300.jpg",300,300,true],"woocommerce_thumbnail":["https:\/\/www.eurofacto.com\/wp-content\/uploads\/2022\/02\/petite_cuillere_11cm_ex4-300x300.jpg",300,300,true],"woocommerce_single":["https:\/\/www.eurofacto.com\/wp-content\/uploads\/2022\/02\/petite_cuillere_11cm_ex4-600x600.jpg",600,600,true],"woocommerce_gallery_thumbnail":["https:\/\/www.eurofacto.com\/wp-content\/uploads\/2022\/02\/petite_cuillere_11cm_ex4-100x100.jpg",100,100,true]},"uagb_author_info":{"display_name":"Antoine Ninat","author_link":"https:\/5ac1d44055f195d1\/5ac1d44055f195d1www.eurofacto.com\/5ac1d44055f195d1en\/5ac1d44055f195d1author\/5ac1d44055f195d1"},"uagb_comment_info":0,"uagb_excerpt":"Corps en plastique (SAN) compatible contact alimentaire Corps \u00e9pais, color\u00e9 et brillant, sans ar\u00eate Impression sur le manche","_links":{"self":[{"href":"https:\/\/www.eurofacto.com\/en\/wp-json\/wp\/v2\/product\/1583","targetHints":{"allow":["GET"]}}],"collection":[{"href":"https:\/\/www.eurofacto.com\/en\/wp-json\/wp\/v2\/product"}],"about":[{"href":"https:\/\/www.eurofacto.com\/en\/wp-json\/wp\/v2\/types\/product"}],"wp:featuredmedia":[{"embeddable":true,"href":"https:\/\/www.eurofacto.com\/en\/wp-json\/wp\/v2\/media\/2279"}],"wp:attachment":[{"href":"https:\/\/www.eurofacto.com\/en\/wp-json\/wp\/v2\/media?parent=1583"}],"wp:term":[{"taxonomy":"product_brand","embeddable":true,"href":"https:\/\/www.eurofacto.com\/en\/wp-json\/wp\/v2\/product_brand?post=1583"},{"taxonomy":"product_cat","embeddable":true,"href":"https:\/\/www.eurofacto.com\/en\/wp-json\/wp\/v2\/product_cat?post=1583"},{"taxonomy":"product_tag","embeddable":true,"href":"https:\/\/www.eurofacto.com\/en\/wp-json\/wp\/v2\/product_tag?post=1583"}],"curies":[{"name":"wp","href":"https:\/\/api.w.org\/{rel}","templated":true}]}}