{"id":1595,"date":"2022-02-14T16:14:52","date_gmt":"2022-02-14T15:14:52","guid":{"rendered":"https:\/\/www.eurofacto.com\/?post_type=product&#038;p=1595"},"modified":"2025-10-01T10:01:22","modified_gmt":"2025-10-01T08:01:22","slug":"econome-droit","status":"publish","type":"product","link":"https:\/\/www.eurofacto.com\/en\/product\/econome-droit\/","title":{"rendered":"Classic peeler"},"content":{"rendered":"<p>&nbsp;<\/p>\n<p>&nbsp;<\/p>\n<p>&nbsp;<\/p>\n<p>A178<\/p>","protected":false},"excerpt":{"rendered":"<p>Strong body made of thick plastic (PP)<br \/>\nSuitable for right-handers and left-handers<\/p>\n<p>Lame droite amovible en acier inoxydable<br \/>\nDisponible \u00e9galement en version dentel\u00e9e ou julienne<\/p>","protected":false},"featured_media":2295,"template":"","meta":{"_uag_custom_page_level_css":""},"product_brand":[],"product_cat":[24,22],"product_tag":[],"class_list":{"0":"post-1595","1":"product","2":"type-product","3":"status-publish","4":"has-post-thumbnail","6":"product_cat-cuisine","7":"product_cat-maison","9":"first","10":"instock","11":"shipping-taxable","12":"product-type-variable"},"uagb_featured_image_src":{"full":["https:\/\/www.eurofacto.com\/wp-content\/uploads\/2022\/02\/econome_vertical_ex2.jpg",1000,1000,false],"thumbnail":["https:\/\/www.eurofacto.com\/wp-content\/uploads\/2022\/02\/econome_vertical_ex2-150x150.jpg",150,150,true],"medium":["https:\/\/www.eurofacto.com\/wp-content\/uploads\/2022\/02\/econome_vertical_ex2-300x300.jpg",300,300,true],"medium_large":["https:\/\/www.eurofacto.com\/wp-content\/uploads\/2022\/02\/econome_vertical_ex2-768x768.jpg",768,768,true],"large":["https:\/\/www.eurofacto.com\/wp-content\/uploads\/2022\/02\/econome_vertical_ex2.jpg",1000,1000,false],"1536x1536":["https:\/\/www.eurofacto.com\/wp-content\/uploads\/2022\/02\/econome_vertical_ex2.jpg",1000,1000,false],"2048x2048":["https:\/\/www.eurofacto.com\/wp-content\/uploads\/2022\/02\/econome_vertical_ex2.jpg",1000,1000,false],"trp-custom-language-flag":["https:\/\/www.eurofacto.com\/wp-content\/uploads\/2022\/02\/econome_vertical_ex2.jpg",12,12,false],"woocommerce_archive_thumbnail":["https:\/\/www.eurofacto.com\/wp-content\/uploads\/2022\/02\/econome_vertical_ex2-300x300.jpg",300,300,true],"woocommerce_thumbnail":["https:\/\/www.eurofacto.com\/wp-content\/uploads\/2022\/02\/econome_vertical_ex2-300x300.jpg",300,300,true],"woocommerce_single":["https:\/\/www.eurofacto.com\/wp-content\/uploads\/2022\/02\/econome_vertical_ex2-600x600.jpg",600,600,true],"woocommerce_gallery_thumbnail":["https:\/\/www.eurofacto.com\/wp-content\/uploads\/2022\/02\/econome_vertical_ex2-100x100.jpg",100,100,true]},"uagb_author_info":{"display_name":"Antoine Ninat","author_link":"https:\/5ac1d44055f195d1\/5ac1d44055f195d1www.eurofacto.com\/5ac1d44055f195d1en\/5ac1d44055f195d1author\/5ac1d44055f195d1"},"uagb_comment_info":0,"uagb_excerpt":"Corps robuste en plastique (PP) \u00e9pais Convient aux droitiers et aux gauchers Lame droite amovible en acier inoxydable Disponible \u00e9galement en version dentel\u00e9e ou julienne","_links":{"self":[{"href":"https:\/\/www.eurofacto.com\/en\/wp-json\/wp\/v2\/product\/1595","targetHints":{"allow":["GET"]}}],"collection":[{"href":"https:\/\/www.eurofacto.com\/en\/wp-json\/wp\/v2\/product"}],"about":[{"href":"https:\/\/www.eurofacto.com\/en\/wp-json\/wp\/v2\/types\/product"}],"wp:featuredmedia":[{"embeddable":true,"href":"https:\/\/www.eurofacto.com\/en\/wp-json\/wp\/v2\/media\/2295"}],"wp:attachment":[{"href":"https:\/\/www.eurofacto.com\/en\/wp-json\/wp\/v2\/media?parent=1595"}],"wp:term":[{"taxonomy":"product_brand","embeddable":true,"href":"https:\/\/www.eurofacto.com\/en\/wp-json\/wp\/v2\/product_brand?post=1595"},{"taxonomy":"product_cat","embeddable":true,"href":"https:\/\/www.eurofacto.com\/en\/wp-json\/wp\/v2\/product_cat?post=1595"},{"taxonomy":"product_tag","embeddable":true,"href":"https:\/\/www.eurofacto.com\/en\/wp-json\/wp\/v2\/product_tag?post=1595"}],"curies":[{"name":"wp","href":"https:\/\/api.w.org\/{rel}","templated":true}]}}