{"id":1605,"date":"2022-02-14T16:51:30","date_gmt":"2022-02-14T15:51:30","guid":{"rendered":"https:\/\/www.eurofacto.com\/?post_type=product&#038;p=1605"},"modified":"2024-11-15T14:19:53","modified_gmt":"2024-11-15T13:19:53","slug":"petit-couteau-de-cuisine-leger","status":"publish","type":"product","link":"https:\/\/www.eurofacto.com\/en\/product\/petit-couteau-de-cuisine-leger\/","title":{"rendered":"Small light kitchen knife"},"content":{"rendered":"<p>A183<\/p>","protected":false},"excerpt":{"rendered":"<p>High quality Solingen blade in stainless steel, straight and 6cm long<br \/>\nColoured plastic (PP) handle<\/p>\n<p>Knife supplied with its protective blade safety cover<br \/>\nOptional: packed by 2 units on paper card<\/p>","protected":false},"featured_media":2312,"template":"","meta":{"_uag_custom_page_level_css":""},"product_brand":[],"product_cat":[24,22],"product_tag":[],"class_list":{"0":"post-1605","1":"product","2":"type-product","3":"status-publish","4":"has-post-thumbnail","6":"product_cat-cuisine","7":"product_cat-maison","9":"first","10":"instock","11":"shipping-taxable","12":"product-type-variable"},"uagb_featured_image_src":{"full":["https:\/\/www.eurofacto.com\/wp-content\/uploads\/2022\/02\/petit_couteau_de_cuisine_ex3-1.jpg",1000,1000,false],"thumbnail":["https:\/\/www.eurofacto.com\/wp-content\/uploads\/2022\/02\/petit_couteau_de_cuisine_ex3-1-150x150.jpg",150,150,true],"medium":["https:\/\/www.eurofacto.com\/wp-content\/uploads\/2022\/02\/petit_couteau_de_cuisine_ex3-1-300x300.jpg",300,300,true],"medium_large":["https:\/\/www.eurofacto.com\/wp-content\/uploads\/2022\/02\/petit_couteau_de_cuisine_ex3-1-768x768.jpg",768,768,true],"large":["https:\/\/www.eurofacto.com\/wp-content\/uploads\/2022\/02\/petit_couteau_de_cuisine_ex3-1.jpg",1000,1000,false],"1536x1536":["https:\/\/www.eurofacto.com\/wp-content\/uploads\/2022\/02\/petit_couteau_de_cuisine_ex3-1.jpg",1000,1000,false],"2048x2048":["https:\/\/www.eurofacto.com\/wp-content\/uploads\/2022\/02\/petit_couteau_de_cuisine_ex3-1.jpg",1000,1000,false],"trp-custom-language-flag":["https:\/\/www.eurofacto.com\/wp-content\/uploads\/2022\/02\/petit_couteau_de_cuisine_ex3-1.jpg",12,12,false],"woocommerce_archive_thumbnail":["https:\/\/www.eurofacto.com\/wp-content\/uploads\/2022\/02\/petit_couteau_de_cuisine_ex3-1-300x300.jpg",300,300,true],"woocommerce_thumbnail":["https:\/\/www.eurofacto.com\/wp-content\/uploads\/2022\/02\/petit_couteau_de_cuisine_ex3-1-300x300.jpg",300,300,true],"woocommerce_single":["https:\/\/www.eurofacto.com\/wp-content\/uploads\/2022\/02\/petit_couteau_de_cuisine_ex3-1-600x600.jpg",600,600,true],"woocommerce_gallery_thumbnail":["https:\/\/www.eurofacto.com\/wp-content\/uploads\/2022\/02\/petit_couteau_de_cuisine_ex3-1-100x100.jpg",100,100,true]},"uagb_author_info":{"display_name":"Antoine Ninat","author_link":"https:\/5ac1d44055f195d1\/5ac1d44055f195d1www.eurofacto.com\/5ac1d44055f195d1en\/5ac1d44055f195d1author\/5ac1d44055f195d1"},"uagb_comment_info":0,"uagb_excerpt":"Lame Solingen de haute qualit\u00e9 en acier inoxydable, droite et de longueur 6cm Manche en plastique (PP) de couleur Couteau fourni avec son cache de s\u00e9curit\u00e9 protecteur de lame En option : conditionnement par 2 unit\u00e9s sur cartonnette","_links":{"self":[{"href":"https:\/\/www.eurofacto.com\/en\/wp-json\/wp\/v2\/product\/1605","targetHints":{"allow":["GET"]}}],"collection":[{"href":"https:\/\/www.eurofacto.com\/en\/wp-json\/wp\/v2\/product"}],"about":[{"href":"https:\/\/www.eurofacto.com\/en\/wp-json\/wp\/v2\/types\/product"}],"wp:featuredmedia":[{"embeddable":true,"href":"https:\/\/www.eurofacto.com\/en\/wp-json\/wp\/v2\/media\/2312"}],"wp:attachment":[{"href":"https:\/\/www.eurofacto.com\/en\/wp-json\/wp\/v2\/media?parent=1605"}],"wp:term":[{"taxonomy":"product_brand","embeddable":true,"href":"https:\/\/www.eurofacto.com\/en\/wp-json\/wp\/v2\/product_brand?post=1605"},{"taxonomy":"product_cat","embeddable":true,"href":"https:\/\/www.eurofacto.com\/en\/wp-json\/wp\/v2\/product_cat?post=1605"},{"taxonomy":"product_tag","embeddable":true,"href":"https:\/\/www.eurofacto.com\/en\/wp-json\/wp\/v2\/product_tag?post=1605"}],"curies":[{"name":"wp","href":"https:\/\/api.w.org\/{rel}","templated":true}]}}