{"id":1613,"date":"2022-02-15T15:15:00","date_gmt":"2022-02-15T14:15:00","guid":{"rendered":"https:\/\/www.eurofacto.com\/?post_type=product&#038;p=1613"},"modified":"2026-04-03T10:31:14","modified_gmt":"2026-04-03T08:31:14","slug":"cintre-en-bois","status":"publish","type":"product","link":"https:\/\/www.eurofacto.com\/en\/product\/cintre-en-bois\/","title":{"rendered":"Cintre en bois standard"},"content":{"rendered":"<p>&nbsp;<\/p>\n<p>&nbsp;<\/p>\n<p>A187<\/p>","protected":false},"excerpt":{"rendered":"<p>Flat body in varnished wood \u2013  41 or 44cm large<br \/>\nAvec crochet en m\u00e9tal classique et encoches lat\u00e9rales en option<\/p>\n<p>Solid beech wood from sustainably managed forests<br \/>\nGlue, stains and varnishes made from non-toxic and CE certified products<\/p>\n<p>Many options are possible (at extra cost \u2013 please contact us): natural color, white, black or Pantone color, color and thickness of the hook (gold, copper, black, pink, etc.), pliers, clips, bars, anti-slip solutions , etc.<\/p>","protected":false},"featured_media":4454,"template":"","meta":{"_uag_custom_page_level_css":""},"product_brand":[],"product_cat":[25,22],"product_tag":[],"class_list":{"0":"post-1613","1":"product","2":"type-product","3":"status-publish","4":"has-post-thumbnail","6":"product_cat-equipement","7":"product_cat-maison","9":"first","10":"instock","11":"shipping-taxable","12":"product-type-variable"},"uagb_featured_image_src":{"full":["https:\/\/www.eurofacto.com\/wp-content\/uploads\/2022\/02\/cintre_en_bois_ex3.jpg",1000,1000,false],"thumbnail":["https:\/\/www.eurofacto.com\/wp-content\/uploads\/2022\/02\/cintre_en_bois_ex3-150x150.jpg",150,150,true],"medium":["https:\/\/www.eurofacto.com\/wp-content\/uploads\/2022\/02\/cintre_en_bois_ex3-300x300.jpg",300,300,true],"medium_large":["https:\/\/www.eurofacto.com\/wp-content\/uploads\/2022\/02\/cintre_en_bois_ex3-768x768.jpg",768,768,true],"large":["https:\/\/www.eurofacto.com\/wp-content\/uploads\/2022\/02\/cintre_en_bois_ex3.jpg",1000,1000,false],"1536x1536":["https:\/\/www.eurofacto.com\/wp-content\/uploads\/2022\/02\/cintre_en_bois_ex3.jpg",1000,1000,false],"2048x2048":["https:\/\/www.eurofacto.com\/wp-content\/uploads\/2022\/02\/cintre_en_bois_ex3.jpg",1000,1000,false],"trp-custom-language-flag":["https:\/\/www.eurofacto.com\/wp-content\/uploads\/2022\/02\/cintre_en_bois_ex3-12x12.jpg",12,12,true],"woocommerce_archive_thumbnail":["https:\/\/www.eurofacto.com\/wp-content\/uploads\/2022\/02\/cintre_en_bois_ex3-300x300.jpg",300,300,true],"woocommerce_thumbnail":["https:\/\/www.eurofacto.com\/wp-content\/uploads\/2022\/02\/cintre_en_bois_ex3-300x300.jpg",300,300,true],"woocommerce_single":["https:\/\/www.eurofacto.com\/wp-content\/uploads\/2022\/02\/cintre_en_bois_ex3-600x600.jpg",600,600,true],"woocommerce_gallery_thumbnail":["https:\/\/www.eurofacto.com\/wp-content\/uploads\/2022\/02\/cintre_en_bois_ex3-100x100.jpg",100,100,true]},"uagb_author_info":{"display_name":"Antoine Ninat","author_link":"https:\/5ac1d44055f195d1\/5ac1d44055f195d1www.eurofacto.com\/5ac1d44055f195d1en\/5ac1d44055f195d1author\/5ac1d44055f195d1"},"uagb_comment_info":0,"uagb_excerpt":"Corps plat en bois vernis - Largeur 41 ou 44 cm Avec crochet en m\u00e9tal classique et encoches lat\u00e9rales en option Bois de h\u00eatre massif issu de for\u00eats durablement g\u00e9r\u00e9es Colle, lasures et vernis fabriqu\u00e9s \u00e0 partir de produits non toxiques et certifi\u00e9s CE De nombreuses options sont possibles (avec surco\u00fbt - nous consulter) :&hellip;","_links":{"self":[{"href":"https:\/\/www.eurofacto.com\/en\/wp-json\/wp\/v2\/product\/1613","targetHints":{"allow":["GET"]}}],"collection":[{"href":"https:\/\/www.eurofacto.com\/en\/wp-json\/wp\/v2\/product"}],"about":[{"href":"https:\/\/www.eurofacto.com\/en\/wp-json\/wp\/v2\/types\/product"}],"wp:featuredmedia":[{"embeddable":true,"href":"https:\/\/www.eurofacto.com\/en\/wp-json\/wp\/v2\/media\/4454"}],"wp:attachment":[{"href":"https:\/\/www.eurofacto.com\/en\/wp-json\/wp\/v2\/media?parent=1613"}],"wp:term":[{"taxonomy":"product_brand","embeddable":true,"href":"https:\/\/www.eurofacto.com\/en\/wp-json\/wp\/v2\/product_brand?post=1613"},{"taxonomy":"product_cat","embeddable":true,"href":"https:\/\/www.eurofacto.com\/en\/wp-json\/wp\/v2\/product_cat?post=1613"},{"taxonomy":"product_tag","embeddable":true,"href":"https:\/\/www.eurofacto.com\/en\/wp-json\/wp\/v2\/product_tag?post=1613"}],"curies":[{"name":"wp","href":"https:\/\/api.w.org\/{rel}","templated":true}]}}