{"id":1631,"date":"2022-02-17T18:43:41","date_gmt":"2022-02-17T17:43:41","guid":{"rendered":"https:\/\/www.eurofacto.com\/?post_type=product&#038;p=1631"},"modified":"2026-03-06T14:15:08","modified_gmt":"2026-03-06T13:15:08","slug":"sous-bock-classique-eco","status":"publish","type":"product","link":"https:\/\/www.eurofacto.com\/en\/product\/sous-bock-classique-eco\/","title":{"rendered":"Sous-bock classique"},"content":{"rendered":"<p>&nbsp;<\/p>\n<p>&nbsp;<\/p>\n<p>A196<\/p>","protected":false},"excerpt":{"rendered":"<p>Special absorbent cardboard coaster, thickness 1.2mm<br \/>\nWith front &amp; back sides printing (same or different imprint)<\/p>\n<p>Standard shape round or square <em>(special shape: please refer to our ref. B313)<br \/>\n<\/em>Diam\u00e8tre 90 ou 102mm<\/p>\n<p><strong>Made in France<\/strong><br \/>\nBudget version (delivery is about 4 weeks)<br \/>\nDisponible par multiples de 2500 pcs<\/p>","protected":false},"featured_media":5195,"template":"","meta":{"_uag_custom_page_level_css":""},"product_brand":[],"product_cat":[30,32],"product_tag":[],"class_list":{"0":"post-1631","1":"product","2":"type-product","3":"status-publish","4":"has-post-thumbnail","6":"product_cat-gastronomie","7":"product_cat-plv","9":"first","10":"instock","11":"shipping-taxable","12":"product-type-variable"},"uagb_featured_image_src":{"full":["https:\/\/www.eurofacto.com\/wp-content\/uploads\/2022\/02\/sous_bock_eco_ex111-1.jpg",1000,1000,false],"thumbnail":["https:\/\/www.eurofacto.com\/wp-content\/uploads\/2022\/02\/sous_bock_eco_ex111-1-150x150.jpg",150,150,true],"medium":["https:\/\/www.eurofacto.com\/wp-content\/uploads\/2022\/02\/sous_bock_eco_ex111-1-300x300.jpg",300,300,true],"medium_large":["https:\/\/www.eurofacto.com\/wp-content\/uploads\/2022\/02\/sous_bock_eco_ex111-1-768x768.jpg",768,768,true],"large":["https:\/\/www.eurofacto.com\/wp-content\/uploads\/2022\/02\/sous_bock_eco_ex111-1.jpg",1000,1000,false],"1536x1536":["https:\/\/www.eurofacto.com\/wp-content\/uploads\/2022\/02\/sous_bock_eco_ex111-1.jpg",1000,1000,false],"2048x2048":["https:\/\/www.eurofacto.com\/wp-content\/uploads\/2022\/02\/sous_bock_eco_ex111-1.jpg",1000,1000,false],"trp-custom-language-flag":["https:\/\/www.eurofacto.com\/wp-content\/uploads\/2022\/02\/sous_bock_eco_ex111-1-12x12.jpg",12,12,true],"woocommerce_archive_thumbnail":["https:\/\/www.eurofacto.com\/wp-content\/uploads\/2022\/02\/sous_bock_eco_ex111-1-300x300.jpg",300,300,true],"woocommerce_thumbnail":["https:\/\/www.eurofacto.com\/wp-content\/uploads\/2022\/02\/sous_bock_eco_ex111-1-300x300.jpg",300,300,true],"woocommerce_single":["https:\/\/www.eurofacto.com\/wp-content\/uploads\/2022\/02\/sous_bock_eco_ex111-1-600x600.jpg",600,600,true],"woocommerce_gallery_thumbnail":["https:\/\/www.eurofacto.com\/wp-content\/uploads\/2022\/02\/sous_bock_eco_ex111-1-100x100.jpg",100,100,true]},"uagb_author_info":{"display_name":"Antoine Ninat","author_link":"https:\/5ac1d44055f195d1\/5ac1d44055f195d1www.eurofacto.com\/5ac1d44055f195d1en\/5ac1d44055f195d1author\/5ac1d44055f195d1"},"uagb_comment_info":0,"uagb_excerpt":"Carton absorbant sp\u00e9cial sous-bock, \u00e9paisseur 1,2mm Avec impression recto &amp; verso (visuels identiques ou diff\u00e9rents) Format standard rond ou carr\u00e9 (sur-mesure : voir notre r\u00e9f. B313) Diam\u00e8tre 90 ou 102mm Fabriqu\u00e9 en France Version \u00e9conomique (d\u00e9lai 4 semaines) Disponible par multiples de 2500 pcs","_links":{"self":[{"href":"https:\/\/www.eurofacto.com\/en\/wp-json\/wp\/v2\/product\/1631","targetHints":{"allow":["GET"]}}],"collection":[{"href":"https:\/\/www.eurofacto.com\/en\/wp-json\/wp\/v2\/product"}],"about":[{"href":"https:\/\/www.eurofacto.com\/en\/wp-json\/wp\/v2\/types\/product"}],"wp:featuredmedia":[{"embeddable":true,"href":"https:\/\/www.eurofacto.com\/en\/wp-json\/wp\/v2\/media\/5195"}],"wp:attachment":[{"href":"https:\/\/www.eurofacto.com\/en\/wp-json\/wp\/v2\/media?parent=1631"}],"wp:term":[{"taxonomy":"product_brand","embeddable":true,"href":"https:\/\/www.eurofacto.com\/en\/wp-json\/wp\/v2\/product_brand?post=1631"},{"taxonomy":"product_cat","embeddable":true,"href":"https:\/\/www.eurofacto.com\/en\/wp-json\/wp\/v2\/product_cat?post=1631"},{"taxonomy":"product_tag","embeddable":true,"href":"https:\/\/www.eurofacto.com\/en\/wp-json\/wp\/v2\/product_tag?post=1631"}],"curies":[{"name":"wp","href":"https:\/\/api.w.org\/{rel}","templated":true}]}}