{"id":1633,"date":"2022-02-17T18:44:22","date_gmt":"2022-02-17T17:44:22","guid":{"rendered":"https:\/\/www.eurofacto.com\/?post_type=product&#038;p=1633"},"modified":"2026-03-24T18:15:10","modified_gmt":"2026-03-24T17:15:10","slug":"sous-bock-classique-express","status":"publish","type":"product","link":"https:\/\/www.eurofacto.com\/en\/product\/sous-bock-classique-express\/","title":{"rendered":"Sous-bock express"},"content":{"rendered":"<p><a href=\"https:\/\/www.eurofacto.com\/wp-content\/uploads\/2022\/02\/Gabarit-sous-bock-rond.pdf\">Gabarit d&rsquo;impression (rond)<\/a><\/p>\n<p><a href=\"https:\/\/www.eurofacto.com\/wp-content\/uploads\/2022\/02\/Gabarit-sous-bock-carre.pdf\">Gabarit d&rsquo;impression (carr\u00e9)<\/a><\/p>\n<p>&nbsp;<\/p>\n<p>A197<\/p>","protected":false},"excerpt":{"rendered":"<p>Carton absorbant sp\u00e9cial sous-bock 580 g\/m\u00b2<br \/>\n\u00c9paisseur 1,4mm &#8211; Certifi\u00e9 FSC<br \/>\nWith front &amp; back sides printing (same or different imprint)<br \/>\nDefault shape: 100mm diam. round or 93x93mm square (rounded corners)<\/p>\n<p>Mod\u00e8le sup\u00e9rieur en d\u00e9lai court (2 \u00e0 3 semaines)<br \/>\nMod\u00e8le classique : <a href=\"https:\/\/www.eurofacto.com\/en\/product\/sous-bock-classique-eco\/\">Classic coaster eco<\/a><\/p>","protected":false},"featured_media":2060,"template":"","meta":{"_uag_custom_page_level_css":""},"product_brand":[],"product_cat":[30,32],"product_tag":[],"class_list":{"0":"post-1633","1":"product","2":"type-product","3":"status-publish","4":"has-post-thumbnail","6":"product_cat-gastronomie","7":"product_cat-plv","9":"first","10":"instock","11":"shipping-taxable","12":"product-type-variable"},"uagb_featured_image_src":{"full":["https:\/\/www.eurofacto.com\/wp-content\/uploads\/2022\/02\/sous_bock_rond_ex3.jpg",1000,1000,false],"thumbnail":["https:\/\/www.eurofacto.com\/wp-content\/uploads\/2022\/02\/sous_bock_rond_ex3-150x150.jpg",150,150,true],"medium":["https:\/\/www.eurofacto.com\/wp-content\/uploads\/2022\/02\/sous_bock_rond_ex3-300x300.jpg",300,300,true],"medium_large":["https:\/\/www.eurofacto.com\/wp-content\/uploads\/2022\/02\/sous_bock_rond_ex3-768x768.jpg",768,768,true],"large":["https:\/\/www.eurofacto.com\/wp-content\/uploads\/2022\/02\/sous_bock_rond_ex3.jpg",1000,1000,false],"1536x1536":["https:\/\/www.eurofacto.com\/wp-content\/uploads\/2022\/02\/sous_bock_rond_ex3.jpg",1000,1000,false],"2048x2048":["https:\/\/www.eurofacto.com\/wp-content\/uploads\/2022\/02\/sous_bock_rond_ex3.jpg",1000,1000,false],"trp-custom-language-flag":["https:\/\/www.eurofacto.com\/wp-content\/uploads\/2022\/02\/sous_bock_rond_ex3.jpg",12,12,false],"woocommerce_archive_thumbnail":["https:\/\/www.eurofacto.com\/wp-content\/uploads\/2022\/02\/sous_bock_rond_ex3-300x300.jpg",300,300,true],"woocommerce_thumbnail":["https:\/\/www.eurofacto.com\/wp-content\/uploads\/2022\/02\/sous_bock_rond_ex3-300x300.jpg",300,300,true],"woocommerce_single":["https:\/\/www.eurofacto.com\/wp-content\/uploads\/2022\/02\/sous_bock_rond_ex3-600x600.jpg",600,600,true],"woocommerce_gallery_thumbnail":["https:\/\/www.eurofacto.com\/wp-content\/uploads\/2022\/02\/sous_bock_rond_ex3-100x100.jpg",100,100,true]},"uagb_author_info":{"display_name":"Antoine Ninat","author_link":"https:\/5ac1d44055f195d1\/5ac1d44055f195d1www.eurofacto.com\/5ac1d44055f195d1en\/5ac1d44055f195d1author\/5ac1d44055f195d1"},"uagb_comment_info":0,"uagb_excerpt":"Carton absorbant sp\u00e9cial sous-bock 580 g\/m\u00b2 \u00c9paisseur 1,4mm - Certifi\u00e9 FSC Avec impression recto &amp; verso (visuels identiques ou diff\u00e9rents) Format rond 100mm ou carr\u00e9 93mm Mod\u00e8le sup\u00e9rieur en d\u00e9lai court (2 \u00e0 3 semaines) Mod\u00e8le classique : Sous-bock classique \u00e9co","_links":{"self":[{"href":"https:\/\/www.eurofacto.com\/en\/wp-json\/wp\/v2\/product\/1633","targetHints":{"allow":["GET"]}}],"collection":[{"href":"https:\/\/www.eurofacto.com\/en\/wp-json\/wp\/v2\/product"}],"about":[{"href":"https:\/\/www.eurofacto.com\/en\/wp-json\/wp\/v2\/types\/product"}],"wp:featuredmedia":[{"embeddable":true,"href":"https:\/\/www.eurofacto.com\/en\/wp-json\/wp\/v2\/media\/2060"}],"wp:attachment":[{"href":"https:\/\/www.eurofacto.com\/en\/wp-json\/wp\/v2\/media?parent=1633"}],"wp:term":[{"taxonomy":"product_brand","embeddable":true,"href":"https:\/\/www.eurofacto.com\/en\/wp-json\/wp\/v2\/product_brand?post=1633"},{"taxonomy":"product_cat","embeddable":true,"href":"https:\/\/www.eurofacto.com\/en\/wp-json\/wp\/v2\/product_cat?post=1633"},{"taxonomy":"product_tag","embeddable":true,"href":"https:\/\/www.eurofacto.com\/en\/wp-json\/wp\/v2\/product_tag?post=1633"}],"curies":[{"name":"wp","href":"https:\/\/api.w.org\/{rel}","templated":true}]}}