{"id":1642,"date":"2022-02-18T10:18:41","date_gmt":"2022-02-18T09:18:41","guid":{"rendered":"https:\/\/www.eurofacto.com\/?post_type=product&#038;p=1642"},"modified":"2024-07-04T20:52:46","modified_gmt":"2024-07-04T18:52:46","slug":"set-de-table-en-papier","status":"publish","type":"product","link":"https:\/\/www.eurofacto.com\/en\/product\/set-de-table-en-papier\/","title":{"rendered":"Paper table mat"},"content":{"rendered":"<p><a href=\"https:\/\/www.eurofacto.com\/wp-content\/uploads\/2022\/02\/Gabarit-set-de-table.pdf\">Printing template<\/a><\/p>\n<p>&nbsp;<\/p>\n<p>A201<\/p>","protected":false},"excerpt":{"rendered":"<p>Set de table \u00e0 usage unique au format classique A4 ou A3<br \/>\nPapier certifi\u00e9 FSC ou PEFC <em>(selon mat\u00e9riau s\u00e9lectionn\u00e9)<\/em><br \/>\nImprim\u00e9 en quadri sur tout le recto <em>(verso en option)<\/em><\/p>\n<p>Par d\u00e9faut : papier offset blanc 80g\/m\u00b2<br \/>\nEn option : papier plus \u00e9pais (90, 120 ou 300 g), papier recycl\u00e9, papier naturel (cr\u00e8me)<\/p>","protected":false},"featured_media":2096,"template":"","meta":{"_uag_custom_page_level_css":""},"product_brand":[],"product_cat":[30,32],"product_tag":[],"class_list":{"0":"post-1642","1":"product","2":"type-product","3":"status-publish","4":"has-post-thumbnail","6":"product_cat-gastronomie","7":"product_cat-plv","9":"first","10":"instock","11":"shipping-taxable","12":"product-type-variable"},"uagb_featured_image_src":{"full":["https:\/\/www.eurofacto.com\/wp-content\/uploads\/2022\/02\/set_de_table_papier_ex1.png",1000,1000,false],"thumbnail":["https:\/\/www.eurofacto.com\/wp-content\/uploads\/2022\/02\/set_de_table_papier_ex1-150x150.png",150,150,true],"medium":["https:\/\/www.eurofacto.com\/wp-content\/uploads\/2022\/02\/set_de_table_papier_ex1-300x300.png",300,300,true],"medium_large":["https:\/\/www.eurofacto.com\/wp-content\/uploads\/2022\/02\/set_de_table_papier_ex1-768x768.png",768,768,true],"large":["https:\/\/www.eurofacto.com\/wp-content\/uploads\/2022\/02\/set_de_table_papier_ex1.png",1000,1000,false],"1536x1536":["https:\/\/www.eurofacto.com\/wp-content\/uploads\/2022\/02\/set_de_table_papier_ex1.png",1000,1000,false],"2048x2048":["https:\/\/www.eurofacto.com\/wp-content\/uploads\/2022\/02\/set_de_table_papier_ex1.png",1000,1000,false],"trp-custom-language-flag":["https:\/\/www.eurofacto.com\/wp-content\/uploads\/2022\/02\/set_de_table_papier_ex1.png",12,12,false],"woocommerce_archive_thumbnail":["https:\/\/www.eurofacto.com\/wp-content\/uploads\/2022\/02\/set_de_table_papier_ex1-300x300.png",300,300,true],"woocommerce_thumbnail":["https:\/\/www.eurofacto.com\/wp-content\/uploads\/2022\/02\/set_de_table_papier_ex1-300x300.png",300,300,true],"woocommerce_single":["https:\/\/www.eurofacto.com\/wp-content\/uploads\/2022\/02\/set_de_table_papier_ex1-600x600.png",600,600,true],"woocommerce_gallery_thumbnail":["https:\/\/www.eurofacto.com\/wp-content\/uploads\/2022\/02\/set_de_table_papier_ex1-100x100.png",100,100,true]},"uagb_author_info":{"display_name":"Antoine Ninat","author_link":"https:\/5ac1d44055f195d1\/5ac1d44055f195d1www.eurofacto.com\/5ac1d44055f195d1en\/5ac1d44055f195d1author\/5ac1d44055f195d1"},"uagb_comment_info":0,"uagb_excerpt":"Set de table \u00e0 usage unique au format classique A4 ou A3 Papier certifi\u00e9 FSC ou PEFC (selon mat\u00e9riau s\u00e9lectionn\u00e9) Imprim\u00e9 en quadri sur tout le recto (verso en option) Par d\u00e9faut : papier offset blanc 80g\/m\u00b2 En option : papier plus \u00e9pais (90, 120 ou 300 g), papier recycl\u00e9, papier naturel (cr\u00e8me)","_links":{"self":[{"href":"https:\/\/www.eurofacto.com\/en\/wp-json\/wp\/v2\/product\/1642","targetHints":{"allow":["GET"]}}],"collection":[{"href":"https:\/\/www.eurofacto.com\/en\/wp-json\/wp\/v2\/product"}],"about":[{"href":"https:\/\/www.eurofacto.com\/en\/wp-json\/wp\/v2\/types\/product"}],"wp:featuredmedia":[{"embeddable":true,"href":"https:\/\/www.eurofacto.com\/en\/wp-json\/wp\/v2\/media\/2096"}],"wp:attachment":[{"href":"https:\/\/www.eurofacto.com\/en\/wp-json\/wp\/v2\/media?parent=1642"}],"wp:term":[{"taxonomy":"product_brand","embeddable":true,"href":"https:\/\/www.eurofacto.com\/en\/wp-json\/wp\/v2\/product_brand?post=1642"},{"taxonomy":"product_cat","embeddable":true,"href":"https:\/\/www.eurofacto.com\/en\/wp-json\/wp\/v2\/product_cat?post=1642"},{"taxonomy":"product_tag","embeddable":true,"href":"https:\/\/www.eurofacto.com\/en\/wp-json\/wp\/v2\/product_tag?post=1642"}],"curies":[{"name":"wp","href":"https:\/\/api.w.org\/{rel}","templated":true}]}}