{"id":1648,"date":"2022-02-18T14:46:58","date_gmt":"2022-02-18T13:46:58","guid":{"rendered":"https:\/\/www.eurofacto.com\/?post_type=product&#038;p=1648"},"modified":"2024-07-04T20:52:46","modified_gmt":"2024-07-04T18:52:46","slug":"crayon-a-papier-cristal","status":"publish","type":"product","link":"https:\/\/www.eurofacto.com\/en\/product\/crayon-a-papier-cristal\/","title":{"rendered":"Crystal pencil"},"content":{"rendered":"<p><a href=\"https:\/\/www.eurofacto.com\/wp-content\/uploads\/2022\/02\/Coloris-cristal.pdf\">Crystal colour range<\/a><\/p>\n<p><a href=\"https:\/\/www.eurofacto.com\/wp-content\/uploads\/2022\/02\/FT-Crayon-cristal.pdf\">Technical sheet (crystal pencil)<\/a><\/p>\n<p><a href=\"https:\/\/www.eurofacto.com\/wp-content\/uploads\/2022\/03\/Gabarit-crayon-cristal.pdf\">Printing template (crystal pencil)<\/a><\/p>\n<p>&nbsp;<\/p>\n<p>A204<\/p>","protected":false},"excerpt":{"rendered":"<p>Crayon \u00e0 papier de haute qualit\u00e9<br \/>\nAvec embout en cristal parmi 21 couleurs au choix<\/p>\n<p>Corps rond en bois de tilleul noir ou naturel certifi\u00e9 FSC<br \/>\nMine graphite HB<br \/>\nChoice of lacquer finish<\/p>","protected":false},"featured_media":1993,"template":"","meta":{"_uag_custom_page_level_css":""},"product_brand":[],"product_cat":[42,39],"product_tag":[],"class_list":{"0":"post-1648","1":"product","2":"type-product","3":"status-publish","4":"has-post-thumbnail","6":"product_cat-ecriture","7":"product_cat-professionnel","9":"first","10":"instock","11":"shipping-taxable","12":"product-type-variable"},"uagb_featured_image_src":{"full":["https:\/\/www.eurofacto.com\/wp-content\/uploads\/2022\/02\/Crayon_cristal_ex1.jpg",1000,1000,false],"thumbnail":["https:\/\/www.eurofacto.com\/wp-content\/uploads\/2022\/02\/Crayon_cristal_ex1-150x150.jpg",150,150,true],"medium":["https:\/\/www.eurofacto.com\/wp-content\/uploads\/2022\/02\/Crayon_cristal_ex1-300x300.jpg",300,300,true],"medium_large":["https:\/\/www.eurofacto.com\/wp-content\/uploads\/2022\/02\/Crayon_cristal_ex1-768x768.jpg",768,768,true],"large":["https:\/\/www.eurofacto.com\/wp-content\/uploads\/2022\/02\/Crayon_cristal_ex1.jpg",1000,1000,false],"1536x1536":["https:\/\/www.eurofacto.com\/wp-content\/uploads\/2022\/02\/Crayon_cristal_ex1.jpg",1000,1000,false],"2048x2048":["https:\/\/www.eurofacto.com\/wp-content\/uploads\/2022\/02\/Crayon_cristal_ex1.jpg",1000,1000,false],"trp-custom-language-flag":["https:\/\/www.eurofacto.com\/wp-content\/uploads\/2022\/02\/Crayon_cristal_ex1.jpg",12,12,false],"woocommerce_archive_thumbnail":["https:\/\/www.eurofacto.com\/wp-content\/uploads\/2022\/02\/Crayon_cristal_ex1-300x300.jpg",300,300,true],"woocommerce_thumbnail":["https:\/\/www.eurofacto.com\/wp-content\/uploads\/2022\/02\/Crayon_cristal_ex1-300x300.jpg",300,300,true],"woocommerce_single":["https:\/\/www.eurofacto.com\/wp-content\/uploads\/2022\/02\/Crayon_cristal_ex1-600x600.jpg",600,600,true],"woocommerce_gallery_thumbnail":["https:\/\/www.eurofacto.com\/wp-content\/uploads\/2022\/02\/Crayon_cristal_ex1-100x100.jpg",100,100,true]},"uagb_author_info":{"display_name":"Antoine Ninat","author_link":"https:\/5ac1d44055f195d1\/5ac1d44055f195d1www.eurofacto.com\/5ac1d44055f195d1en\/5ac1d44055f195d1author\/5ac1d44055f195d1"},"uagb_comment_info":0,"uagb_excerpt":"Crayon \u00e0 papier de haute qualit\u00e9 Avec embout en cristal parmi 21 couleurs au choix Corps rond en bois de tilleul noir ou naturel certifi\u00e9 FSC Mine graphite HB Finition laqu\u00e9e coloris au choix","_links":{"self":[{"href":"https:\/\/www.eurofacto.com\/en\/wp-json\/wp\/v2\/product\/1648","targetHints":{"allow":["GET"]}}],"collection":[{"href":"https:\/\/www.eurofacto.com\/en\/wp-json\/wp\/v2\/product"}],"about":[{"href":"https:\/\/www.eurofacto.com\/en\/wp-json\/wp\/v2\/types\/product"}],"wp:featuredmedia":[{"embeddable":true,"href":"https:\/\/www.eurofacto.com\/en\/wp-json\/wp\/v2\/media\/1993"}],"wp:attachment":[{"href":"https:\/\/www.eurofacto.com\/en\/wp-json\/wp\/v2\/media?parent=1648"}],"wp:term":[{"taxonomy":"product_brand","embeddable":true,"href":"https:\/\/www.eurofacto.com\/en\/wp-json\/wp\/v2\/product_brand?post=1648"},{"taxonomy":"product_cat","embeddable":true,"href":"https:\/\/www.eurofacto.com\/en\/wp-json\/wp\/v2\/product_cat?post=1648"},{"taxonomy":"product_tag","embeddable":true,"href":"https:\/\/www.eurofacto.com\/en\/wp-json\/wp\/v2\/product_tag?post=1648"}],"curies":[{"name":"wp","href":"https:\/\/api.w.org\/{rel}","templated":true}]}}