{"id":1654,"date":"2022-02-18T15:35:13","date_gmt":"2022-02-18T14:35:13","guid":{"rendered":"https:\/\/www.eurofacto.com\/?post_type=product&#038;p=1654"},"modified":"2026-04-07T22:14:26","modified_gmt":"2026-04-07T20:14:26","slug":"set-de-6-crayons-de-couleur-eu","status":"publish","type":"product","link":"https:\/\/www.eurofacto.com\/en\/product\/set-de-6-crayons-de-couleur-eu\/","title":{"rendered":"Set de 6 crayons de couleur EU"},"content":{"rendered":"<p><a href=\"https:\/\/www.eurofacto.com\/wp-content\/uploads\/2022\/02\/Fiche-technique-Crayons-de-couleur.pdf\">Technical sheet<\/a><\/p>\n<p><a href=\"https:\/\/www.eurofacto.com\/wp-content\/uploads\/2022\/02\/Gabarit-crayons-courts.pdf\">Classic short pencils: box printing template<\/a><\/p>\n<p><a href=\"https:\/\/www.eurofacto.com\/wp-content\/uploads\/2022\/02\/Gabarit-crayons-longs.pdf\">Classic long pencils: box printing template<\/a><\/p>\n<p><a href=\"https:\/\/www.eurofacto.com\/wp-content\/uploads\/2022\/02\/Gabarit-crayons-MAXI-courts.pdf\">Maxi short pencils: box printing template<\/a><\/p>\n<p><a href=\"https:\/\/www.eurofacto.com\/wp-content\/uploads\/2022\/02\/Gabarit-crayons-MAXI-longs.pdf\">Maxi long pencils: box printing template<\/a><\/p>\n<p>&nbsp;<\/p>\n<p>A207<\/p>","protected":false},"excerpt":{"rendered":"<p>Set de 6 crayons de couleur certifi\u00e9s EN71 I-III<br \/>\nConditionn\u00e9s dans une bo\u00eete individuelle en carton personnalis\u00e9e<br \/>\nCorps hexagonal en bois de tilleul naturel certifi\u00e9 FSC<br \/>\n<span class=\"Y2IQFc\" lang=\"fr\">Finition transparente\u00a0 <em>(color\u00e9e en option)<\/em><\/span><\/p>\n<p>Length: short (85mm) or long (175mm)<br \/>\nDiam\u00e8tre classique (7mm) ou maxi (11mm)<br \/>\nOptional: print on the pencils<\/p>\n<p><em>Merci de bien prendre en compte le d\u00e9lai qui peut \u00eatre assez long pour cet article (6 \u00e0 8 semaines)<br \/>\n<\/em><\/p>","protected":false},"featured_media":2021,"template":"","meta":{"_uag_custom_page_level_css":""},"product_brand":[],"product_cat":[42,39],"product_tag":[],"class_list":{"0":"post-1654","1":"product","2":"type-product","3":"status-publish","4":"has-post-thumbnail","6":"product_cat-ecriture","7":"product_cat-professionnel","9":"first","10":"instock","11":"shipping-taxable","12":"product-type-variable"},"uagb_featured_image_src":{"full":["https:\/\/www.eurofacto.com\/wp-content\/uploads\/2022\/02\/crayons_couleur_boite_ex1.jpg",852,852,false],"thumbnail":["https:\/\/www.eurofacto.com\/wp-content\/uploads\/2022\/02\/crayons_couleur_boite_ex1-150x150.jpg",150,150,true],"medium":["https:\/\/www.eurofacto.com\/wp-content\/uploads\/2022\/02\/crayons_couleur_boite_ex1-300x300.jpg",300,300,true],"medium_large":["https:\/\/www.eurofacto.com\/wp-content\/uploads\/2022\/02\/crayons_couleur_boite_ex1-768x768.jpg",768,768,true],"large":["https:\/\/www.eurofacto.com\/wp-content\/uploads\/2022\/02\/crayons_couleur_boite_ex1.jpg",852,852,false],"1536x1536":["https:\/\/www.eurofacto.com\/wp-content\/uploads\/2022\/02\/crayons_couleur_boite_ex1.jpg",852,852,false],"2048x2048":["https:\/\/www.eurofacto.com\/wp-content\/uploads\/2022\/02\/crayons_couleur_boite_ex1.jpg",852,852,false],"trp-custom-language-flag":["https:\/\/www.eurofacto.com\/wp-content\/uploads\/2022\/02\/crayons_couleur_boite_ex1.jpg",12,12,false],"woocommerce_archive_thumbnail":["https:\/\/www.eurofacto.com\/wp-content\/uploads\/2022\/02\/crayons_couleur_boite_ex1-300x300.jpg",300,300,true],"woocommerce_thumbnail":["https:\/\/www.eurofacto.com\/wp-content\/uploads\/2022\/02\/crayons_couleur_boite_ex1-300x300.jpg",300,300,true],"woocommerce_single":["https:\/\/www.eurofacto.com\/wp-content\/uploads\/2022\/02\/crayons_couleur_boite_ex1-600x600.jpg",600,600,true],"woocommerce_gallery_thumbnail":["https:\/\/www.eurofacto.com\/wp-content\/uploads\/2022\/02\/crayons_couleur_boite_ex1-100x100.jpg",100,100,true]},"uagb_author_info":{"display_name":"Antoine Ninat","author_link":"https:\/5ac1d44055f195d1\/5ac1d44055f195d1www.eurofacto.com\/5ac1d44055f195d1en\/5ac1d44055f195d1author\/5ac1d44055f195d1"},"uagb_comment_info":0,"uagb_excerpt":"Set de 6 crayons de couleur certifi\u00e9s EN71 I-III Conditionn\u00e9s dans une bo\u00eete individuelle en carton personnalis\u00e9e Corps hexagonal en bois de tilleul naturel certifi\u00e9 FSC Finition transparente\u00a0 (color\u00e9e en option) Format court (85mm) ou long (175mm) Diam\u00e8tre classique (7mm) ou maxi (11mm) En option : avec impression sur les crayons Merci de bien prendre&hellip;","_links":{"self":[{"href":"https:\/\/www.eurofacto.com\/en\/wp-json\/wp\/v2\/product\/1654","targetHints":{"allow":["GET"]}}],"collection":[{"href":"https:\/\/www.eurofacto.com\/en\/wp-json\/wp\/v2\/product"}],"about":[{"href":"https:\/\/www.eurofacto.com\/en\/wp-json\/wp\/v2\/types\/product"}],"wp:featuredmedia":[{"embeddable":true,"href":"https:\/\/www.eurofacto.com\/en\/wp-json\/wp\/v2\/media\/2021"}],"wp:attachment":[{"href":"https:\/\/www.eurofacto.com\/en\/wp-json\/wp\/v2\/media?parent=1654"}],"wp:term":[{"taxonomy":"product_brand","embeddable":true,"href":"https:\/\/www.eurofacto.com\/en\/wp-json\/wp\/v2\/product_brand?post=1654"},{"taxonomy":"product_cat","embeddable":true,"href":"https:\/\/www.eurofacto.com\/en\/wp-json\/wp\/v2\/product_cat?post=1654"},{"taxonomy":"product_tag","embeddable":true,"href":"https:\/\/www.eurofacto.com\/en\/wp-json\/wp\/v2\/product_tag?post=1654"}],"curies":[{"name":"wp","href":"https:\/\/api.w.org\/{rel}","templated":true}]}}