{"id":1665,"date":"2022-02-18T17:59:51","date_gmt":"2022-02-18T16:59:51","guid":{"rendered":"https:\/\/www.eurofacto.com\/?post_type=product&#038;p=1665"},"modified":"2025-07-30T15:05:29","modified_gmt":"2025-07-30T13:05:29","slug":"tournevis-testeur-electricite","status":"publish","type":"product","link":"https:\/\/www.eurofacto.com\/en\/product\/tournevis-testeur-electricite\/","title":{"rendered":"Electricity tester screwdriver"},"content":{"rendered":"<p>A212<\/p>","protected":false},"excerpt":{"rendered":"<p>The classic and light version of the phase testers.<br \/>\nTeste les tensions de 125 \u00e0 250V gr\u00e2ce \u00e0 son ampoule \u00e0 incandescence int\u00e9gr\u00e9e.<br \/>\nMod\u00e8le test\u00e9 et certifi\u00e9 CE.<br \/>\nFlat metal tip (3x65mm blade), with transparent plastic (SAN) shell.<\/p>\n<p>Cap to choose from 3 or 6 standard colours (depending on the quantity), custom colours possible from 5000 units.<\/p>","protected":false},"featured_media":2241,"template":"","meta":{"_uag_custom_page_level_css":""},"product_brand":[],"product_cat":[26,22],"product_tag":[],"class_list":{"0":"post-1665","1":"product","2":"type-product","3":"status-publish","4":"has-post-thumbnail","6":"product_cat-deco-brico","7":"product_cat-maison","9":"first","10":"instock","11":"shipping-taxable","12":"product-type-variable"},"uagb_featured_image_src":{"full":["https:\/\/www.eurofacto.com\/wp-content\/uploads\/2022\/02\/tournevis_testeur_elec_ex2.jpg",1000,1000,false],"thumbnail":["https:\/\/www.eurofacto.com\/wp-content\/uploads\/2022\/02\/tournevis_testeur_elec_ex2-150x150.jpg",150,150,true],"medium":["https:\/\/www.eurofacto.com\/wp-content\/uploads\/2022\/02\/tournevis_testeur_elec_ex2-300x300.jpg",300,300,true],"medium_large":["https:\/\/www.eurofacto.com\/wp-content\/uploads\/2022\/02\/tournevis_testeur_elec_ex2-768x768.jpg",768,768,true],"large":["https:\/\/www.eurofacto.com\/wp-content\/uploads\/2022\/02\/tournevis_testeur_elec_ex2.jpg",1000,1000,false],"1536x1536":["https:\/\/www.eurofacto.com\/wp-content\/uploads\/2022\/02\/tournevis_testeur_elec_ex2.jpg",1000,1000,false],"2048x2048":["https:\/\/www.eurofacto.com\/wp-content\/uploads\/2022\/02\/tournevis_testeur_elec_ex2.jpg",1000,1000,false],"trp-custom-language-flag":["https:\/\/www.eurofacto.com\/wp-content\/uploads\/2022\/02\/tournevis_testeur_elec_ex2.jpg",12,12,false],"woocommerce_archive_thumbnail":["https:\/\/www.eurofacto.com\/wp-content\/uploads\/2022\/02\/tournevis_testeur_elec_ex2-300x300.jpg",300,300,true],"woocommerce_thumbnail":["https:\/\/www.eurofacto.com\/wp-content\/uploads\/2022\/02\/tournevis_testeur_elec_ex2-300x300.jpg",300,300,true],"woocommerce_single":["https:\/\/www.eurofacto.com\/wp-content\/uploads\/2022\/02\/tournevis_testeur_elec_ex2-600x600.jpg",600,600,true],"woocommerce_gallery_thumbnail":["https:\/\/www.eurofacto.com\/wp-content\/uploads\/2022\/02\/tournevis_testeur_elec_ex2-100x100.jpg",100,100,true]},"uagb_author_info":{"display_name":"Antoine Ninat","author_link":"https:\/5ac1d44055f195d1\/5ac1d44055f195d1www.eurofacto.com\/5ac1d44055f195d1en\/5ac1d44055f195d1author\/5ac1d44055f195d1"},"uagb_comment_info":0,"uagb_excerpt":"La version classique et l\u00e9g\u00e8re des testeurs de phase. Teste les tensions de 125 \u00e0 250V gr\u00e2ce \u00e0 son ampoule \u00e0 incandescence int\u00e9gr\u00e9e. Mod\u00e8le test\u00e9 et certifi\u00e9 CE. Tournevis plat (lame 3x65mm) en m\u00e9tal, avec coque en plastique (SAN) transparente. Capuchon au choix parmi 3 ou 6 coloris standards (selon la quantit\u00e9), coloris sur-mesure possible&hellip;","_links":{"self":[{"href":"https:\/\/www.eurofacto.com\/en\/wp-json\/wp\/v2\/product\/1665","targetHints":{"allow":["GET"]}}],"collection":[{"href":"https:\/\/www.eurofacto.com\/en\/wp-json\/wp\/v2\/product"}],"about":[{"href":"https:\/\/www.eurofacto.com\/en\/wp-json\/wp\/v2\/types\/product"}],"wp:featuredmedia":[{"embeddable":true,"href":"https:\/\/www.eurofacto.com\/en\/wp-json\/wp\/v2\/media\/2241"}],"wp:attachment":[{"href":"https:\/\/www.eurofacto.com\/en\/wp-json\/wp\/v2\/media?parent=1665"}],"wp:term":[{"taxonomy":"product_brand","embeddable":true,"href":"https:\/\/www.eurofacto.com\/en\/wp-json\/wp\/v2\/product_brand?post=1665"},{"taxonomy":"product_cat","embeddable":true,"href":"https:\/\/www.eurofacto.com\/en\/wp-json\/wp\/v2\/product_cat?post=1665"},{"taxonomy":"product_tag","embeddable":true,"href":"https:\/\/www.eurofacto.com\/en\/wp-json\/wp\/v2\/product_tag?post=1665"}],"curies":[{"name":"wp","href":"https:\/\/api.w.org\/{rel}","templated":true}]}}