{"id":1669,"date":"2022-02-18T18:27:54","date_gmt":"2022-02-18T17:27:54","guid":{"rendered":"https:\/\/www.eurofacto.com\/?post_type=product&#038;p=1669"},"modified":"2025-07-30T15:06:01","modified_gmt":"2025-07-30T13:06:01","slug":"tournevis-testeur-de-phase","status":"publish","type":"product","link":"https:\/\/www.eurofacto.com\/en\/product\/tournevis-testeur-de-phase\/","title":{"rendered":"Round phase tester screwdriver"},"content":{"rendered":"<p><a href=\"https:\/\/www.eurofacto.com\/wp-content\/uploads\/2022\/02\/FT-tournevis-A214.pdf\"><strong>Download<\/strong> la fiche technique (tournevis A214)<\/a><\/p>\n<p>&nbsp;<\/p>\n<p>&nbsp;<\/p>\n<p>A214<\/p>","protected":false},"excerpt":{"rendered":"<p>Phase tester electrician screwdriver with colored and insulating plastic shell (ABS).<br \/>\nFlat metal tip (3x60mm blade)<br \/>\nTests voltages from 125 to 250V thanks to its integrated incandescent bulb \u2013 model tested and CE certified.<\/p>\n<p>Default colour black or white, special color possible from 2,500 units.<\/p>","protected":false},"featured_media":2248,"template":"","meta":{"_uag_custom_page_level_css":""},"product_brand":[],"product_cat":[26,22],"product_tag":[],"class_list":{"0":"post-1669","1":"product","2":"type-product","3":"status-publish","4":"has-post-thumbnail","6":"product_cat-deco-brico","7":"product_cat-maison","9":"first","10":"instock","11":"shipping-taxable","12":"product-type-variable"},"uagb_featured_image_src":{"full":["https:\/\/www.eurofacto.com\/wp-content\/uploads\/2022\/02\/tournevis_testeur_de_phase_ex3.jpg",1000,1000,false],"thumbnail":["https:\/\/www.eurofacto.com\/wp-content\/uploads\/2022\/02\/tournevis_testeur_de_phase_ex3-150x150.jpg",150,150,true],"medium":["https:\/\/www.eurofacto.com\/wp-content\/uploads\/2022\/02\/tournevis_testeur_de_phase_ex3-300x300.jpg",300,300,true],"medium_large":["https:\/\/www.eurofacto.com\/wp-content\/uploads\/2022\/02\/tournevis_testeur_de_phase_ex3-768x768.jpg",768,768,true],"large":["https:\/\/www.eurofacto.com\/wp-content\/uploads\/2022\/02\/tournevis_testeur_de_phase_ex3.jpg",1000,1000,false],"1536x1536":["https:\/\/www.eurofacto.com\/wp-content\/uploads\/2022\/02\/tournevis_testeur_de_phase_ex3.jpg",1000,1000,false],"2048x2048":["https:\/\/www.eurofacto.com\/wp-content\/uploads\/2022\/02\/tournevis_testeur_de_phase_ex3.jpg",1000,1000,false],"trp-custom-language-flag":["https:\/\/www.eurofacto.com\/wp-content\/uploads\/2022\/02\/tournevis_testeur_de_phase_ex3.jpg",12,12,false],"woocommerce_archive_thumbnail":["https:\/\/www.eurofacto.com\/wp-content\/uploads\/2022\/02\/tournevis_testeur_de_phase_ex3-300x300.jpg",300,300,true],"woocommerce_thumbnail":["https:\/\/www.eurofacto.com\/wp-content\/uploads\/2022\/02\/tournevis_testeur_de_phase_ex3-300x300.jpg",300,300,true],"woocommerce_single":["https:\/\/www.eurofacto.com\/wp-content\/uploads\/2022\/02\/tournevis_testeur_de_phase_ex3-600x600.jpg",600,600,true],"woocommerce_gallery_thumbnail":["https:\/\/www.eurofacto.com\/wp-content\/uploads\/2022\/02\/tournevis_testeur_de_phase_ex3-100x100.jpg",100,100,true]},"uagb_author_info":{"display_name":"Antoine Ninat","author_link":"https:\/5ac1d44055f195d1\/5ac1d44055f195d1www.eurofacto.com\/5ac1d44055f195d1en\/5ac1d44055f195d1author\/5ac1d44055f195d1"},"uagb_comment_info":0,"uagb_excerpt":"Tournevis d'\u00e9lectricien testeur de phase avec coque en plastique (ABS) color\u00e9e et isolante. Tournevis plat (lame 3x60mm) en m\u00e9tal. Teste les tensions de 125 \u00e0 250V gr\u00e2ce \u00e0 son ampoule \u00e0 incandescence int\u00e9gr\u00e9e - mod\u00e8le test\u00e9 et certifi\u00e9 CE. Coloris noir ou blanc par d\u00e9faut, couleur sp\u00e9ciale possible \u00e0 partir de 2.500 unit\u00e9s.","_links":{"self":[{"href":"https:\/\/www.eurofacto.com\/en\/wp-json\/wp\/v2\/product\/1669","targetHints":{"allow":["GET"]}}],"collection":[{"href":"https:\/\/www.eurofacto.com\/en\/wp-json\/wp\/v2\/product"}],"about":[{"href":"https:\/\/www.eurofacto.com\/en\/wp-json\/wp\/v2\/types\/product"}],"wp:featuredmedia":[{"embeddable":true,"href":"https:\/\/www.eurofacto.com\/en\/wp-json\/wp\/v2\/media\/2248"}],"wp:attachment":[{"href":"https:\/\/www.eurofacto.com\/en\/wp-json\/wp\/v2\/media?parent=1669"}],"wp:term":[{"taxonomy":"product_brand","embeddable":true,"href":"https:\/\/www.eurofacto.com\/en\/wp-json\/wp\/v2\/product_brand?post=1669"},{"taxonomy":"product_cat","embeddable":true,"href":"https:\/\/www.eurofacto.com\/en\/wp-json\/wp\/v2\/product_cat?post=1669"},{"taxonomy":"product_tag","embeddable":true,"href":"https:\/\/www.eurofacto.com\/en\/wp-json\/wp\/v2\/product_tag?post=1669"}],"curies":[{"name":"wp","href":"https:\/\/api.w.org\/{rel}","templated":true}]}}