{"id":1680,"date":"2022-02-23T16:08:53","date_gmt":"2022-02-23T15:08:53","guid":{"rendered":"https:\/\/www.eurofacto.com\/?post_type=product&#038;p=1680"},"modified":"2024-07-04T20:52:45","modified_gmt":"2024-07-04T18:52:45","slug":"petite-hache-50cm","status":"publish","type":"product","link":"https:\/\/www.eurofacto.com\/en\/product\/petite-hache-50cm\/","title":{"rendered":"Small 50cm axe"},"content":{"rendered":"<p>A221<\/p>","protected":false},"excerpt":{"rendered":"<p>Small hand axe<br \/>\nVarnished solid wood handle<br \/>\nMetal head, with blade protection<\/p>\n<p>Larger sizes on demand (please contact us)<\/p>","protected":false},"featured_media":2121,"template":"","meta":{"_uag_custom_page_level_css":""},"product_brand":[],"product_cat":[28,27],"product_tag":[],"class_list":{"0":"post-1680","1":"product","2":"type-product","3":"status-publish","4":"has-post-thumbnail","6":"product_cat-jardin","7":"product_cat-outdoor","9":"first","10":"instock","11":"shipping-taxable","12":"product-type-variable"},"uagb_featured_image_src":{"full":["https:\/\/www.eurofacto.com\/wp-content\/uploads\/2022\/02\/hachette_50cm_ex1.jpg",1000,1000,false],"thumbnail":["https:\/\/www.eurofacto.com\/wp-content\/uploads\/2022\/02\/hachette_50cm_ex1-150x150.jpg",150,150,true],"medium":["https:\/\/www.eurofacto.com\/wp-content\/uploads\/2022\/02\/hachette_50cm_ex1-300x300.jpg",300,300,true],"medium_large":["https:\/\/www.eurofacto.com\/wp-content\/uploads\/2022\/02\/hachette_50cm_ex1-768x768.jpg",768,768,true],"large":["https:\/\/www.eurofacto.com\/wp-content\/uploads\/2022\/02\/hachette_50cm_ex1.jpg",1000,1000,false],"1536x1536":["https:\/\/www.eurofacto.com\/wp-content\/uploads\/2022\/02\/hachette_50cm_ex1.jpg",1000,1000,false],"2048x2048":["https:\/\/www.eurofacto.com\/wp-content\/uploads\/2022\/02\/hachette_50cm_ex1.jpg",1000,1000,false],"trp-custom-language-flag":["https:\/\/www.eurofacto.com\/wp-content\/uploads\/2022\/02\/hachette_50cm_ex1.jpg",12,12,false],"woocommerce_archive_thumbnail":["https:\/\/www.eurofacto.com\/wp-content\/uploads\/2022\/02\/hachette_50cm_ex1-300x300.jpg",300,300,true],"woocommerce_thumbnail":["https:\/\/www.eurofacto.com\/wp-content\/uploads\/2022\/02\/hachette_50cm_ex1-300x300.jpg",300,300,true],"woocommerce_single":["https:\/\/www.eurofacto.com\/wp-content\/uploads\/2022\/02\/hachette_50cm_ex1-600x600.jpg",600,600,true],"woocommerce_gallery_thumbnail":["https:\/\/www.eurofacto.com\/wp-content\/uploads\/2022\/02\/hachette_50cm_ex1-100x100.jpg",100,100,true]},"uagb_author_info":{"display_name":"Antoine Ninat","author_link":"https:\/5ac1d44055f195d1\/5ac1d44055f195d1www.eurofacto.com\/5ac1d44055f195d1en\/5ac1d44055f195d1author\/5ac1d44055f195d1"},"uagb_comment_info":0,"uagb_excerpt":"Petite hache \u00e0 main Manche en bois massif vernis T\u00eate en m\u00e9tal, avec prot\u00e8ge-lame Plus grands formats disponibles sur demande","_links":{"self":[{"href":"https:\/\/www.eurofacto.com\/en\/wp-json\/wp\/v2\/product\/1680","targetHints":{"allow":["GET"]}}],"collection":[{"href":"https:\/\/www.eurofacto.com\/en\/wp-json\/wp\/v2\/product"}],"about":[{"href":"https:\/\/www.eurofacto.com\/en\/wp-json\/wp\/v2\/types\/product"}],"wp:featuredmedia":[{"embeddable":true,"href":"https:\/\/www.eurofacto.com\/en\/wp-json\/wp\/v2\/media\/2121"}],"wp:attachment":[{"href":"https:\/\/www.eurofacto.com\/en\/wp-json\/wp\/v2\/media?parent=1680"}],"wp:term":[{"taxonomy":"product_brand","embeddable":true,"href":"https:\/\/www.eurofacto.com\/en\/wp-json\/wp\/v2\/product_brand?post=1680"},{"taxonomy":"product_cat","embeddable":true,"href":"https:\/\/www.eurofacto.com\/en\/wp-json\/wp\/v2\/product_cat?post=1680"},{"taxonomy":"product_tag","embeddable":true,"href":"https:\/\/www.eurofacto.com\/en\/wp-json\/wp\/v2\/product_tag?post=1680"}],"curies":[{"name":"wp","href":"https:\/\/api.w.org\/{rel}","templated":true}]}}