{"id":2319,"date":"2022-03-21T18:54:31","date_gmt":"2022-03-21T17:54:31","guid":{"rendered":"https:\/\/www.eurofacto.com\/?post_type=product&#038;p=2319"},"modified":"2025-04-28T11:27:35","modified_gmt":"2025-04-28T09:27:35","slug":"moulin-a-epices-en-bois","status":"publish","type":"product","link":"https:\/\/www.eurofacto.com\/en\/product\/moulin-a-epices-en-bois\/","title":{"rendered":"Wooden spice grinder"},"content":{"rendered":"<p><span style=\"color: #5a7aa7;\"><a style=\"color: #5a7aa7;\" href=\"https:\/\/www.eurofacto.com\/wp-content\/uploads\/2022\/03\/FT-moulin-A233.pdf\"><strong>T\u00e9l\u00e9charger la fiche technique<\/strong> du produit (moulin A233)<\/a><\/span><\/p>","protected":false},"excerpt":{"rendered":"<p>Corps en bois de h\u00eatre naturel (certifi\u00e9 FSC) et verre translucide<br \/>\nDisponible selon 3 teintes diff\u00e9rentes<br \/>\nQualitative ceramic grinding mechanism<\/p>\n<p>Suitable for salt, pepper, and all types of spices<br \/>\nContainer volume 90ml<\/p>","protected":false},"featured_media":2322,"template":"","meta":{"_uag_custom_page_level_css":""},"product_brand":[],"product_cat":[23,22],"product_tag":[],"class_list":{"0":"post-2319","1":"product","2":"type-product","3":"status-publish","4":"has-post-thumbnail","6":"product_cat-arts-de-la-table","7":"product_cat-maison","9":"first","10":"instock","11":"shipping-taxable","12":"product-type-variable"},"uagb_featured_image_src":{"full":["https:\/\/www.eurofacto.com\/wp-content\/uploads\/2022\/03\/moulin_epices_ex5.jpg",1000,1000,false],"thumbnail":["https:\/\/www.eurofacto.com\/wp-content\/uploads\/2022\/03\/moulin_epices_ex5-150x150.jpg",150,150,true],"medium":["https:\/\/www.eurofacto.com\/wp-content\/uploads\/2022\/03\/moulin_epices_ex5-300x300.jpg",300,300,true],"medium_large":["https:\/\/www.eurofacto.com\/wp-content\/uploads\/2022\/03\/moulin_epices_ex5-768x768.jpg",768,768,true],"large":["https:\/\/www.eurofacto.com\/wp-content\/uploads\/2022\/03\/moulin_epices_ex5.jpg",1000,1000,false],"1536x1536":["https:\/\/www.eurofacto.com\/wp-content\/uploads\/2022\/03\/moulin_epices_ex5.jpg",1000,1000,false],"2048x2048":["https:\/\/www.eurofacto.com\/wp-content\/uploads\/2022\/03\/moulin_epices_ex5.jpg",1000,1000,false],"trp-custom-language-flag":["https:\/\/www.eurofacto.com\/wp-content\/uploads\/2022\/03\/moulin_epices_ex5.jpg",12,12,false],"woocommerce_archive_thumbnail":["https:\/\/www.eurofacto.com\/wp-content\/uploads\/2022\/03\/moulin_epices_ex5-300x300.jpg",300,300,true],"woocommerce_thumbnail":["https:\/\/www.eurofacto.com\/wp-content\/uploads\/2022\/03\/moulin_epices_ex5-300x300.jpg",300,300,true],"woocommerce_single":["https:\/\/www.eurofacto.com\/wp-content\/uploads\/2022\/03\/moulin_epices_ex5-600x600.jpg",600,600,true],"woocommerce_gallery_thumbnail":["https:\/\/www.eurofacto.com\/wp-content\/uploads\/2022\/03\/moulin_epices_ex5-100x100.jpg",100,100,true]},"uagb_author_info":{"display_name":"Antoine Ninat","author_link":"https:\/5ac1d44055f195d1\/5ac1d44055f195d1www.eurofacto.com\/5ac1d44055f195d1en\/5ac1d44055f195d1author\/5ac1d44055f195d1"},"uagb_comment_info":0,"uagb_excerpt":"Corps en bois de h\u00eatre naturel (certifi\u00e9 FSC) et verre translucide Disponible selon 3 teintes diff\u00e9rentes M\u00e9canisme qualitatif de broyage en c\u00e9ramique Convient au sel, poivre, et \u00e0 tout type d'\u00e9pices Volume du contenant 90ml","_links":{"self":[{"href":"https:\/\/www.eurofacto.com\/en\/wp-json\/wp\/v2\/product\/2319","targetHints":{"allow":["GET"]}}],"collection":[{"href":"https:\/\/www.eurofacto.com\/en\/wp-json\/wp\/v2\/product"}],"about":[{"href":"https:\/\/www.eurofacto.com\/en\/wp-json\/wp\/v2\/types\/product"}],"wp:featuredmedia":[{"embeddable":true,"href":"https:\/\/www.eurofacto.com\/en\/wp-json\/wp\/v2\/media\/2322"}],"wp:attachment":[{"href":"https:\/\/www.eurofacto.com\/en\/wp-json\/wp\/v2\/media?parent=2319"}],"wp:term":[{"taxonomy":"product_brand","embeddable":true,"href":"https:\/\/www.eurofacto.com\/en\/wp-json\/wp\/v2\/product_brand?post=2319"},{"taxonomy":"product_cat","embeddable":true,"href":"https:\/\/www.eurofacto.com\/en\/wp-json\/wp\/v2\/product_cat?post=2319"},{"taxonomy":"product_tag","embeddable":true,"href":"https:\/\/www.eurofacto.com\/en\/wp-json\/wp\/v2\/product_tag?post=2319"}],"curies":[{"name":"wp","href":"https:\/\/api.w.org\/{rel}","templated":true}]}}