{"id":2882,"date":"2022-04-22T20:19:27","date_gmt":"2022-04-22T18:19:27","guid":{"rendered":"https:\/\/www.eurofacto.com\/?post_type=product&#038;p=2882"},"modified":"2026-03-05T14:07:44","modified_gmt":"2026-03-05T13:07:44","slug":"gobelet-en-carton-simple","status":"publish","type":"product","link":"https:\/\/www.eurofacto.com\/en\/product\/gobelet-en-carton-simple\/","title":{"rendered":"Single wall paper cup"},"content":{"rendered":"<p><a href=\"https:\/\/www.eurofacto.com\/wp-content\/uploads\/2022\/04\/Gabarit-gobelet-simple-10cl-1.pdf\">Gabarit d&rsquo;impression (mod\u00e8le 100ml)<\/a><\/p>\n<p><a href=\"https:\/\/www.eurofacto.com\/wp-content\/uploads\/2022\/04\/Gabarit-gobelet-simple-20cl-1.pdf\">Gabarit d&rsquo;impression (mod\u00e8le 200ml)<\/a><\/p>\n<p><a href=\"https:\/\/www.eurofacto.com\/wp-content\/uploads\/2022\/04\/Gabarit-gobelet-simple-30cl-1.pdf\">Gabarit d&rsquo;impression (mod\u00e8le 300ml)<\/a><\/p>\n<p><a href=\"https:\/\/www.eurofacto.com\/wp-content\/uploads\/2022\/04\/Gabarit-gobelet-simple-40cl-1.pdf\">Gabarit d&rsquo;impression (mod\u00e8le 400ml)<\/a><\/p>\n<p>&nbsp;<\/p>\n<p>A236<\/p>","protected":false},"excerpt":{"rendered":"<p>Carton simple paroi 290 g\/m\u00b2 \u00e0 finition mate<br \/>\nSuitable for food contact, tasteless and odorless<\/p>\n<p><em>Warning: printing of the standardized \"plastic in product\" logo is now mandatory on all paper cups delivered within the EU<\/em><\/p>\n<p>Printing <strong>quadri<\/strong> all-over included in the price<br \/>\nEn option, disponible avec surco\u00fbt sans le pelliculage PE (sauf express)<\/p>","protected":false},"featured_media":2912,"template":"","meta":{"_uag_custom_page_level_css":""},"product_brand":[],"product_cat":[30,31],"product_tag":[],"class_list":{"0":"post-2882","1":"product","2":"type-product","3":"status-publish","4":"has-post-thumbnail","6":"product_cat-gastronomie","7":"product_cat-packaging","9":"first","10":"instock","11":"shipping-taxable","12":"product-type-variable"},"uagb_featured_image_src":{"full":["https:\/\/www.eurofacto.com\/wp-content\/uploads\/2022\/04\/gobelet_SW_ex5.jpg",1000,1000,false],"thumbnail":["https:\/\/www.eurofacto.com\/wp-content\/uploads\/2022\/04\/gobelet_SW_ex5-150x150.jpg",150,150,true],"medium":["https:\/\/www.eurofacto.com\/wp-content\/uploads\/2022\/04\/gobelet_SW_ex5-300x300.jpg",300,300,true],"medium_large":["https:\/\/www.eurofacto.com\/wp-content\/uploads\/2022\/04\/gobelet_SW_ex5-768x768.jpg",768,768,true],"large":["https:\/\/www.eurofacto.com\/wp-content\/uploads\/2022\/04\/gobelet_SW_ex5.jpg",1000,1000,false],"1536x1536":["https:\/\/www.eurofacto.com\/wp-content\/uploads\/2022\/04\/gobelet_SW_ex5.jpg",1000,1000,false],"2048x2048":["https:\/\/www.eurofacto.com\/wp-content\/uploads\/2022\/04\/gobelet_SW_ex5.jpg",1000,1000,false],"trp-custom-language-flag":["https:\/\/www.eurofacto.com\/wp-content\/uploads\/2022\/04\/gobelet_SW_ex5-12x12.jpg",12,12,true],"woocommerce_archive_thumbnail":["https:\/\/www.eurofacto.com\/wp-content\/uploads\/2022\/04\/gobelet_SW_ex5-300x300.jpg",300,300,true],"woocommerce_thumbnail":["https:\/\/www.eurofacto.com\/wp-content\/uploads\/2022\/04\/gobelet_SW_ex5-300x300.jpg",300,300,true],"woocommerce_single":["https:\/\/www.eurofacto.com\/wp-content\/uploads\/2022\/04\/gobelet_SW_ex5-600x600.jpg",600,600,true],"woocommerce_gallery_thumbnail":["https:\/\/www.eurofacto.com\/wp-content\/uploads\/2022\/04\/gobelet_SW_ex5-100x100.jpg",100,100,true]},"uagb_author_info":{"display_name":"Antoine Ninat","author_link":"https:\/5ac1d44055f195d1\/5ac1d44055f195d1www.eurofacto.com\/5ac1d44055f195d1en\/5ac1d44055f195d1author\/5ac1d44055f195d1"},"uagb_comment_info":0,"uagb_excerpt":"Carton simple paroi 290 g\/m\u00b2 \u00e0 finition mate Apte au contact alimentaire, sans saveur ni odeur Attention : l'application du logo normalis\u00e9 \"plastique dans le produit\" est d\u00e9sormais obligatoire sur tous les gobelets en carton livr\u00e9s au sein de l'UE Impression quadri all-over comprise dans le tarif En option, disponible avec surco\u00fbt sans le pelliculage&hellip;","_links":{"self":[{"href":"https:\/\/www.eurofacto.com\/en\/wp-json\/wp\/v2\/product\/2882","targetHints":{"allow":["GET"]}}],"collection":[{"href":"https:\/\/www.eurofacto.com\/en\/wp-json\/wp\/v2\/product"}],"about":[{"href":"https:\/\/www.eurofacto.com\/en\/wp-json\/wp\/v2\/types\/product"}],"wp:featuredmedia":[{"embeddable":true,"href":"https:\/\/www.eurofacto.com\/en\/wp-json\/wp\/v2\/media\/2912"}],"wp:attachment":[{"href":"https:\/\/www.eurofacto.com\/en\/wp-json\/wp\/v2\/media?parent=2882"}],"wp:term":[{"taxonomy":"product_brand","embeddable":true,"href":"https:\/\/www.eurofacto.com\/en\/wp-json\/wp\/v2\/product_brand?post=2882"},{"taxonomy":"product_cat","embeddable":true,"href":"https:\/\/www.eurofacto.com\/en\/wp-json\/wp\/v2\/product_cat?post=2882"},{"taxonomy":"product_tag","embeddable":true,"href":"https:\/\/www.eurofacto.com\/en\/wp-json\/wp\/v2\/product_tag?post=2882"}],"curies":[{"name":"wp","href":"https:\/\/api.w.org\/{rel}","templated":true}]}}