{"id":2930,"date":"2022-04-23T11:02:34","date_gmt":"2022-04-23T09:02:34","guid":{"rendered":"https:\/\/www.eurofacto.com\/?post_type=product&#038;p=2930"},"modified":"2026-01-27T16:14:10","modified_gmt":"2026-01-27T15:14:10","slug":"gobelet-carton-double-paroi","status":"publish","type":"product","link":"https:\/\/www.eurofacto.com\/en\/product\/gobelet-carton-double-paroi\/","title":{"rendered":"Double wall paper cup"},"content":{"rendered":"<p><a href=\"https:\/\/www.eurofacto.com\/wp-content\/uploads\/2022\/04\/Gabarit-gobelet-double-20cl.pdf\">Gabarit d&rsquo;impression (mod\u00e8le 200ml)<\/a><\/p>\n<p><a href=\"https:\/\/www.eurofacto.com\/wp-content\/uploads\/2022\/04\/Gabarit-gobelet-double-30cl.pdf\">Gabarit d&rsquo;impression (mod\u00e8le 300ml)<\/a><\/p>\n<p><a href=\"https:\/\/www.eurofacto.com\/wp-content\/uploads\/2022\/04\/Gabarit-gobelet-double-40cl.pdf\">Gabarit d&rsquo;impression (mod\u00e8le 400ml)<\/a><\/p>\n<p>&nbsp;<\/p>\n<p>A237<\/p>","protected":false},"excerpt":{"rendered":"<p>310gsm double wall cardboard with matt or glossy finish<br \/>\nSuitable for food contact, tasteless and odorless<br \/>\nDouble-walled insulating model, suitable for hot drinks<br \/>\nOuter layer made of recycled cardboard<\/p>\n<p><em>Warning: printing of the standardized \"plastic in product\" logo is now mandatory on all paper cups delivered within the EU<\/em><\/p>\n<p>Printing <strong>quadri<\/strong> all-over included in the price<br \/>\nEn option, disponible avec surco\u00fbt sans le pelliculage PE (sauf express)<\/p>","protected":false},"featured_media":2939,"template":"","meta":{"_uag_custom_page_level_css":""},"product_brand":[],"product_cat":[30,31],"product_tag":[],"class_list":{"0":"post-2930","1":"product","2":"type-product","3":"status-publish","4":"has-post-thumbnail","6":"product_cat-gastronomie","7":"product_cat-packaging","9":"first","10":"instock","11":"shipping-taxable","12":"product-type-variable"},"uagb_featured_image_src":{"full":["https:\/\/www.eurofacto.com\/wp-content\/uploads\/2022\/04\/Gobelet_carton_DW_ex3.jpg",1000,1000,false],"thumbnail":["https:\/\/www.eurofacto.com\/wp-content\/uploads\/2022\/04\/Gobelet_carton_DW_ex3-150x150.jpg",150,150,true],"medium":["https:\/\/www.eurofacto.com\/wp-content\/uploads\/2022\/04\/Gobelet_carton_DW_ex3-300x300.jpg",300,300,true],"medium_large":["https:\/\/www.eurofacto.com\/wp-content\/uploads\/2022\/04\/Gobelet_carton_DW_ex3-768x768.jpg",768,768,true],"large":["https:\/\/www.eurofacto.com\/wp-content\/uploads\/2022\/04\/Gobelet_carton_DW_ex3.jpg",1000,1000,false],"1536x1536":["https:\/\/www.eurofacto.com\/wp-content\/uploads\/2022\/04\/Gobelet_carton_DW_ex3.jpg",1000,1000,false],"2048x2048":["https:\/\/www.eurofacto.com\/wp-content\/uploads\/2022\/04\/Gobelet_carton_DW_ex3.jpg",1000,1000,false],"trp-custom-language-flag":["https:\/\/www.eurofacto.com\/wp-content\/uploads\/2022\/04\/Gobelet_carton_DW_ex3-12x12.jpg",12,12,true],"woocommerce_archive_thumbnail":["https:\/\/www.eurofacto.com\/wp-content\/uploads\/2022\/04\/Gobelet_carton_DW_ex3-300x300.jpg",300,300,true],"woocommerce_thumbnail":["https:\/\/www.eurofacto.com\/wp-content\/uploads\/2022\/04\/Gobelet_carton_DW_ex3-300x300.jpg",300,300,true],"woocommerce_single":["https:\/\/www.eurofacto.com\/wp-content\/uploads\/2022\/04\/Gobelet_carton_DW_ex3-600x600.jpg",600,600,true],"woocommerce_gallery_thumbnail":["https:\/\/www.eurofacto.com\/wp-content\/uploads\/2022\/04\/Gobelet_carton_DW_ex3-100x100.jpg",100,100,true]},"uagb_author_info":{"display_name":"Antoine Ninat","author_link":"https:\/5ac1d44055f195d1\/5ac1d44055f195d1www.eurofacto.com\/5ac1d44055f195d1en\/5ac1d44055f195d1author\/5ac1d44055f195d1"},"uagb_comment_info":0,"uagb_excerpt":"Carton double paroi 310g\/m\u00b2 \u00e0 finition mate ou brillante Apte au contact alimentaire, sans saveur ni odeur Mod\u00e8le isolant \u00e0 double paroi, adapt\u00e9 aux boissons chaudes Couche externe en carton recycl\u00e9 Attention : l'application du logo normalis\u00e9 \"plastique dans le produit\" est d\u00e9sormais obligatoire sur tous les gobelets en carton livr\u00e9s au sein de l'UE&hellip;","_links":{"self":[{"href":"https:\/\/www.eurofacto.com\/en\/wp-json\/wp\/v2\/product\/2930","targetHints":{"allow":["GET"]}}],"collection":[{"href":"https:\/\/www.eurofacto.com\/en\/wp-json\/wp\/v2\/product"}],"about":[{"href":"https:\/\/www.eurofacto.com\/en\/wp-json\/wp\/v2\/types\/product"}],"wp:featuredmedia":[{"embeddable":true,"href":"https:\/\/www.eurofacto.com\/en\/wp-json\/wp\/v2\/media\/2939"}],"wp:attachment":[{"href":"https:\/\/www.eurofacto.com\/en\/wp-json\/wp\/v2\/media?parent=2930"}],"wp:term":[{"taxonomy":"product_brand","embeddable":true,"href":"https:\/\/www.eurofacto.com\/en\/wp-json\/wp\/v2\/product_brand?post=2930"},{"taxonomy":"product_cat","embeddable":true,"href":"https:\/\/www.eurofacto.com\/en\/wp-json\/wp\/v2\/product_cat?post=2930"},{"taxonomy":"product_tag","embeddable":true,"href":"https:\/\/www.eurofacto.com\/en\/wp-json\/wp\/v2\/product_tag?post=2930"}],"curies":[{"name":"wp","href":"https:\/\/api.w.org\/{rel}","templated":true}]}}