{"id":2988,"date":"2022-04-27T10:48:17","date_gmt":"2022-04-27T08:48:17","guid":{"rendered":"https:\/\/www.eurofacto.com\/?post_type=product&#038;p=2988"},"modified":"2026-01-21T16:41:54","modified_gmt":"2026-01-21T15:41:54","slug":"stick-a-levres-eco","status":"publish","type":"product","link":"https:\/\/www.eurofacto.com\/en\/product\/stick-a-levres-eco\/","title":{"rendered":"Mini cardboard lipstick"},"content":{"rendered":"<p><span style=\"color: #5a7aa7;\"><a style=\"color: #5a7aa7;\" href=\"https:\/\/www.eurofacto.com\/wp-content\/uploads\/2022\/04\/Gabarit-stick-carton.pdf\"><strong>T\u00e9l\u00e9charger le gabarit d&rsquo;impression<\/strong> <em>(stick \u00e0 l\u00e8vres en carton)<\/em><\/a><\/span><\/p>\n<p><a href=\"https:\/\/www.eurofacto.com\/wp-content\/uploads\/2022\/04\/FT-stick-carton-A240.pdf\"><span style=\"color: #5a7aa7;\"><strong>T\u00e9l\u00e9charger la fiche technique du produit<\/strong> <\/span><em><span style=\"color: #5a7aa7;\">(stick \u00e0 l\u00e8vres en carton)<\/span><\/em><\/a><\/p>\n<p>&nbsp;<\/p>\n<p>A240<\/p>","protected":false},"excerpt":{"rendered":"<p>Lip balm packaged in a small ecological cardboard tube.<br \/>\nModel without any plastic, FSC certified and biodegradable cardboard.<\/p>\n<p>Composition certifi\u00e9e vegan, 100% naturelle \u00e0 base de plantes.<\/p>\n<p>Impression comprise en quadri all-over sur \u00e9tiquette.<\/p>","protected":false},"featured_media":4464,"template":"","meta":{"_uag_custom_page_level_css":""},"product_brand":[],"product_cat":[36,37],"product_tag":[],"class_list":{"0":"post-2988","1":"product","2":"type-product","3":"status-publish","4":"has-post-thumbnail","6":"product_cat-bien-etre","7":"product_cat-cosmetiques","9":"first","10":"instock","11":"shipping-taxable","12":"product-type-variable"},"uagb_featured_image_src":{"full":["https:\/\/www.eurofacto.com\/wp-content\/uploads\/2022\/04\/Stick_levres_carton_ex1-1.jpg",1000,1000,false],"thumbnail":["https:\/\/www.eurofacto.com\/wp-content\/uploads\/2022\/04\/Stick_levres_carton_ex1-1-150x150.jpg",150,150,true],"medium":["https:\/\/www.eurofacto.com\/wp-content\/uploads\/2022\/04\/Stick_levres_carton_ex1-1-300x300.jpg",300,300,true],"medium_large":["https:\/\/www.eurofacto.com\/wp-content\/uploads\/2022\/04\/Stick_levres_carton_ex1-1-768x768.jpg",768,768,true],"large":["https:\/\/www.eurofacto.com\/wp-content\/uploads\/2022\/04\/Stick_levres_carton_ex1-1.jpg",1000,1000,false],"1536x1536":["https:\/\/www.eurofacto.com\/wp-content\/uploads\/2022\/04\/Stick_levres_carton_ex1-1.jpg",1000,1000,false],"2048x2048":["https:\/\/www.eurofacto.com\/wp-content\/uploads\/2022\/04\/Stick_levres_carton_ex1-1.jpg",1000,1000,false],"trp-custom-language-flag":["https:\/\/www.eurofacto.com\/wp-content\/uploads\/2022\/04\/Stick_levres_carton_ex1-1-12x12.jpg",12,12,true],"woocommerce_archive_thumbnail":["https:\/\/www.eurofacto.com\/wp-content\/uploads\/2022\/04\/Stick_levres_carton_ex1-1-300x300.jpg",300,300,true],"woocommerce_thumbnail":["https:\/\/www.eurofacto.com\/wp-content\/uploads\/2022\/04\/Stick_levres_carton_ex1-1-300x300.jpg",300,300,true],"woocommerce_single":["https:\/\/www.eurofacto.com\/wp-content\/uploads\/2022\/04\/Stick_levres_carton_ex1-1-600x600.jpg",600,600,true],"woocommerce_gallery_thumbnail":["https:\/\/www.eurofacto.com\/wp-content\/uploads\/2022\/04\/Stick_levres_carton_ex1-1-100x100.jpg",100,100,true]},"uagb_author_info":{"display_name":"Antoine Ninat","author_link":"https:\/5ac1d44055f195d1\/5ac1d44055f195d1www.eurofacto.com\/5ac1d44055f195d1en\/5ac1d44055f195d1author\/5ac1d44055f195d1"},"uagb_comment_info":0,"uagb_excerpt":"Baume \u00e0 l\u00e8vres conditionn\u00e9 dans un petit tube \u00e9cologique en carton. Mod\u00e8le sans aucun plastique, carton certifi\u00e9 FSC et biod\u00e9gradable. Composition certifi\u00e9e vegan, 100% naturelle \u00e0 base de plantes. Impression comprise en quadri all-over sur \u00e9tiquette.","_links":{"self":[{"href":"https:\/\/www.eurofacto.com\/en\/wp-json\/wp\/v2\/product\/2988","targetHints":{"allow":["GET"]}}],"collection":[{"href":"https:\/\/www.eurofacto.com\/en\/wp-json\/wp\/v2\/product"}],"about":[{"href":"https:\/\/www.eurofacto.com\/en\/wp-json\/wp\/v2\/types\/product"}],"wp:featuredmedia":[{"embeddable":true,"href":"https:\/\/www.eurofacto.com\/en\/wp-json\/wp\/v2\/media\/4464"}],"wp:attachment":[{"href":"https:\/\/www.eurofacto.com\/en\/wp-json\/wp\/v2\/media?parent=2988"}],"wp:term":[{"taxonomy":"product_brand","embeddable":true,"href":"https:\/\/www.eurofacto.com\/en\/wp-json\/wp\/v2\/product_brand?post=2988"},{"taxonomy":"product_cat","embeddable":true,"href":"https:\/\/www.eurofacto.com\/en\/wp-json\/wp\/v2\/product_cat?post=2988"},{"taxonomy":"product_tag","embeddable":true,"href":"https:\/\/www.eurofacto.com\/en\/wp-json\/wp\/v2\/product_tag?post=2988"}],"curies":[{"name":"wp","href":"https:\/\/api.w.org\/{rel}","templated":true}]}}