{"id":3009,"date":"2022-04-27T15:53:33","date_gmt":"2022-04-27T13:53:33","guid":{"rendered":"https:\/\/www.eurofacto.com\/?post_type=product&#038;p=3009"},"modified":"2026-03-10T09:34:43","modified_gmt":"2026-03-10T08:34:43","slug":"stick-solaire-en-carton","status":"publish","type":"product","link":"https:\/\/www.eurofacto.com\/en\/product\/stick-solaire-en-carton\/","title":{"rendered":"Eco sun balm"},"content":{"rendered":"<p><a href=\"https:\/\/www.eurofacto.com\/wp-content\/uploads\/2022\/04\/Gabarit-stick-solaire-carton-1.pdf\">Gabarit stick solaire carton<\/a><\/p>\n<p>&nbsp;<\/p>\n<p>&nbsp;<\/p>\n<p>A241<\/p>","protected":false},"excerpt":{"rendered":"<p>Protection solaire pour le visage et les l\u00e8vres, conditionn\u00e9e dans un tube en carton.<br \/>\nModel without any plastic, FSC certified and biodegradable cardboard.<\/p>\n<p>Formula without mineral oils or preservatives, which naturally protects against UVA and UVB rays and moisturizes the skin thanks to shea butter and vitamin E.<\/p>\n<p>Impression comprise en quadri sur \u00e9tiquette en papier.<br \/>\nDisponible en version indice 30 ou 50 (\u00e0 partir de 1000 pcs).<\/p>","protected":false},"featured_media":4736,"template":"","meta":{"_uag_custom_page_level_css":""},"product_brand":[],"product_cat":[36,37],"product_tag":[],"class_list":{"0":"post-3009","1":"product","2":"type-product","3":"status-publish","4":"has-post-thumbnail","6":"product_cat-bien-etre","7":"product_cat-cosmetiques","9":"first","10":"instock","11":"shipping-taxable","12":"product-type-variable"},"uagb_featured_image_src":{"full":["https:\/\/www.eurofacto.com\/wp-content\/uploads\/2022\/04\/Stick_solaire_ex3.jpg",1000,1000,false],"thumbnail":["https:\/\/www.eurofacto.com\/wp-content\/uploads\/2022\/04\/Stick_solaire_ex3-150x150.jpg",150,150,true],"medium":["https:\/\/www.eurofacto.com\/wp-content\/uploads\/2022\/04\/Stick_solaire_ex3-300x300.jpg",300,300,true],"medium_large":["https:\/\/www.eurofacto.com\/wp-content\/uploads\/2022\/04\/Stick_solaire_ex3-768x768.jpg",768,768,true],"large":["https:\/\/www.eurofacto.com\/wp-content\/uploads\/2022\/04\/Stick_solaire_ex3.jpg",1000,1000,false],"1536x1536":["https:\/\/www.eurofacto.com\/wp-content\/uploads\/2022\/04\/Stick_solaire_ex3.jpg",1000,1000,false],"2048x2048":["https:\/\/www.eurofacto.com\/wp-content\/uploads\/2022\/04\/Stick_solaire_ex3.jpg",1000,1000,false],"trp-custom-language-flag":["https:\/\/www.eurofacto.com\/wp-content\/uploads\/2022\/04\/Stick_solaire_ex3-12x12.jpg",12,12,true],"woocommerce_archive_thumbnail":["https:\/\/www.eurofacto.com\/wp-content\/uploads\/2022\/04\/Stick_solaire_ex3-300x300.jpg",300,300,true],"woocommerce_thumbnail":["https:\/\/www.eurofacto.com\/wp-content\/uploads\/2022\/04\/Stick_solaire_ex3-300x300.jpg",300,300,true],"woocommerce_single":["https:\/\/www.eurofacto.com\/wp-content\/uploads\/2022\/04\/Stick_solaire_ex3-600x600.jpg",600,600,true],"woocommerce_gallery_thumbnail":["https:\/\/www.eurofacto.com\/wp-content\/uploads\/2022\/04\/Stick_solaire_ex3-100x100.jpg",100,100,true]},"uagb_author_info":{"display_name":"Antoine Ninat","author_link":"https:\/5ac1d44055f195d1\/5ac1d44055f195d1www.eurofacto.com\/5ac1d44055f195d1en\/5ac1d44055f195d1author\/5ac1d44055f195d1"},"uagb_comment_info":0,"uagb_excerpt":"Protection solaire pour le visage et les l\u00e8vres, conditionn\u00e9e dans un tube en carton. Mod\u00e8le sans aucun plastique, carton certifi\u00e9 FSC et biod\u00e9gradable. Composition sans huiles min\u00e9rales ni conservateurs, qui prot\u00e8ge naturellement des UVA et UVB et hydrate la peau gr\u00e2ce au beurre de karit\u00e9 et \u00e0 la vitamine E. Impression comprise en quadri sur&hellip;","_links":{"self":[{"href":"https:\/\/www.eurofacto.com\/en\/wp-json\/wp\/v2\/product\/3009","targetHints":{"allow":["GET"]}}],"collection":[{"href":"https:\/\/www.eurofacto.com\/en\/wp-json\/wp\/v2\/product"}],"about":[{"href":"https:\/\/www.eurofacto.com\/en\/wp-json\/wp\/v2\/types\/product"}],"wp:featuredmedia":[{"embeddable":true,"href":"https:\/\/www.eurofacto.com\/en\/wp-json\/wp\/v2\/media\/4736"}],"wp:attachment":[{"href":"https:\/\/www.eurofacto.com\/en\/wp-json\/wp\/v2\/media?parent=3009"}],"wp:term":[{"taxonomy":"product_brand","embeddable":true,"href":"https:\/\/www.eurofacto.com\/en\/wp-json\/wp\/v2\/product_brand?post=3009"},{"taxonomy":"product_cat","embeddable":true,"href":"https:\/\/www.eurofacto.com\/en\/wp-json\/wp\/v2\/product_cat?post=3009"},{"taxonomy":"product_tag","embeddable":true,"href":"https:\/\/www.eurofacto.com\/en\/wp-json\/wp\/v2\/product_tag?post=3009"}],"curies":[{"name":"wp","href":"https:\/\/api.w.org\/{rel}","templated":true}]}}