{"id":3040,"date":"2022-05-02T16:38:40","date_gmt":"2022-05-02T14:38:40","guid":{"rendered":"https:\/\/www.eurofacto.com\/?post_type=product&#038;p=3040"},"modified":"2026-04-21T11:35:17","modified_gmt":"2026-04-21T09:35:17","slug":"stick-a-levres-naturel-vegan","status":"publish","type":"product","link":"https:\/\/www.eurofacto.com\/en\/product\/stick-a-levres-naturel-vegan\/","title":{"rendered":"Natural vegan lipbalm"},"content":{"rendered":"<p><a href=\"https:\/\/www.eurofacto.com\/wp-content\/uploads\/2022\/05\/Gabarit-stick-naturel-vegan-serigraphie.pdf\">Gabarit d&rsquo;impression (stick v\u00e9g\u00e9tal s\u00e9rigraphie)<\/a><\/p>\n<p><a href=\"https:\/\/www.eurofacto.com\/wp-content\/uploads\/2022\/05\/Gabarit-stick-naturel-vegan-etiquette.pdf\">Gabarit d&rsquo;impression (stick v\u00e9g\u00e9tal \u00e9tiquette)<\/a><\/p>\n<p>&nbsp;<\/p>\n<p>A244<\/p>","protected":false},"excerpt":{"rendered":"<p>Formule 100% d&rsquo;origine v\u00e9g\u00e9tale, sans huiles min\u00e9rales ni conservateurs.<br \/>\nVegan certified, its composition meets the high standards of the NATRUE label. Based on olive oil and jojoba from organic farming, this balm helps your lips stay smooth and soft while preventing dehydration.<br \/>\nSea buckthorn oil contains carotene and thus gives it its characteristic naturally orange color.<\/p>\n<p>Optional: sealed in heat-shrink film, packaged in an individual cardboard box (1000 pcs min.), or integrated in a printed card (1000 pcs min.).<\/p>","protected":false},"featured_media":3047,"template":"","meta":{"_uag_custom_page_level_css":""},"product_brand":[],"product_cat":[36,37],"product_tag":[],"class_list":{"0":"post-3040","1":"product","2":"type-product","3":"status-publish","4":"has-post-thumbnail","6":"product_cat-bien-etre","7":"product_cat-cosmetiques","9":"first","10":"instock","11":"shipping-taxable","12":"product-type-variable"},"uagb_featured_image_src":{"full":["https:\/\/www.eurofacto.com\/wp-content\/uploads\/2022\/05\/stick_levres_vegan_ex1.jpg",1000,1000,false],"thumbnail":["https:\/\/www.eurofacto.com\/wp-content\/uploads\/2022\/05\/stick_levres_vegan_ex1-150x150.jpg",150,150,true],"medium":["https:\/\/www.eurofacto.com\/wp-content\/uploads\/2022\/05\/stick_levres_vegan_ex1-300x300.jpg",300,300,true],"medium_large":["https:\/\/www.eurofacto.com\/wp-content\/uploads\/2022\/05\/stick_levres_vegan_ex1-768x768.jpg",768,768,true],"large":["https:\/\/www.eurofacto.com\/wp-content\/uploads\/2022\/05\/stick_levres_vegan_ex1.jpg",1000,1000,false],"1536x1536":["https:\/\/www.eurofacto.com\/wp-content\/uploads\/2022\/05\/stick_levres_vegan_ex1.jpg",1000,1000,false],"2048x2048":["https:\/\/www.eurofacto.com\/wp-content\/uploads\/2022\/05\/stick_levres_vegan_ex1.jpg",1000,1000,false],"trp-custom-language-flag":["https:\/\/www.eurofacto.com\/wp-content\/uploads\/2022\/05\/stick_levres_vegan_ex1-12x12.jpg",12,12,true],"woocommerce_archive_thumbnail":["https:\/\/www.eurofacto.com\/wp-content\/uploads\/2022\/05\/stick_levres_vegan_ex1-300x300.jpg",300,300,true],"woocommerce_thumbnail":["https:\/\/www.eurofacto.com\/wp-content\/uploads\/2022\/05\/stick_levres_vegan_ex1-300x300.jpg",300,300,true],"woocommerce_single":["https:\/\/www.eurofacto.com\/wp-content\/uploads\/2022\/05\/stick_levres_vegan_ex1-600x600.jpg",600,600,true],"woocommerce_gallery_thumbnail":["https:\/\/www.eurofacto.com\/wp-content\/uploads\/2022\/05\/stick_levres_vegan_ex1-100x100.jpg",100,100,true]},"uagb_author_info":{"display_name":"Antoine Ninat","author_link":"https:\/5ac1d44055f195d1\/5ac1d44055f195d1www.eurofacto.com\/5ac1d44055f195d1en\/5ac1d44055f195d1author\/5ac1d44055f195d1"},"uagb_comment_info":0,"uagb_excerpt":"Formule 100% d'origine v\u00e9g\u00e9tale, sans huiles min\u00e9rales ni conservateurs. Certifi\u00e9e vegan, sa composition r\u00e9pond aux normes \u00e9lev\u00e9es du label NATRUE. A base d'huile d'olive et de jojoba issue de l'agriculture biologique, ce baume aide vos l\u00e8vres \u00e0 rester lisses et douces tout en pr\u00e9venant leur d\u00e9shydratation. L'huile d'argousier contient de la carot\u00e8ne et lui conf\u00e8re&hellip;","_links":{"self":[{"href":"https:\/\/www.eurofacto.com\/en\/wp-json\/wp\/v2\/product\/3040","targetHints":{"allow":["GET"]}}],"collection":[{"href":"https:\/\/www.eurofacto.com\/en\/wp-json\/wp\/v2\/product"}],"about":[{"href":"https:\/\/www.eurofacto.com\/en\/wp-json\/wp\/v2\/types\/product"}],"wp:featuredmedia":[{"embeddable":true,"href":"https:\/\/www.eurofacto.com\/en\/wp-json\/wp\/v2\/media\/3047"}],"wp:attachment":[{"href":"https:\/\/www.eurofacto.com\/en\/wp-json\/wp\/v2\/media?parent=3040"}],"wp:term":[{"taxonomy":"product_brand","embeddable":true,"href":"https:\/\/www.eurofacto.com\/en\/wp-json\/wp\/v2\/product_brand?post=3040"},{"taxonomy":"product_cat","embeddable":true,"href":"https:\/\/www.eurofacto.com\/en\/wp-json\/wp\/v2\/product_cat?post=3040"},{"taxonomy":"product_tag","embeddable":true,"href":"https:\/\/www.eurofacto.com\/en\/wp-json\/wp\/v2\/product_tag?post=3040"}],"curies":[{"name":"wp","href":"https:\/\/api.w.org\/{rel}","templated":true}]}}