{"id":3088,"date":"2022-05-10T10:57:15","date_gmt":"2022-05-10T08:57:15","guid":{"rendered":"https:\/\/www.eurofacto.com\/?post_type=product&#038;p=3088"},"modified":"2025-07-25T15:31:19","modified_gmt":"2025-07-25T13:31:19","slug":"pluviometre-eco","status":"publish","type":"product","link":"https:\/\/www.eurofacto.com\/en\/product\/pluviometre-eco\/","title":{"rendered":"Pluviom\u00e8tre"},"content":{"rendered":"<p>&nbsp;<\/p>\n<p>&nbsp;<\/p>\n<p>A247<\/p>","protected":false},"excerpt":{"rendered":"<p>Pluviom\u00e8tre en plastique (PS) robuste et translucide<br \/>\n\u00c9chelle verticale de 1 \u00e0 50 L\/m\u00b2, gradu\u00e9e tous les 1 mm<br \/>\nFourni avec sa bague de maintien<br \/>\nConditionnement sous sachet individuel<\/p>","protected":false},"featured_media":5700,"template":"","meta":{"_uag_custom_page_level_css":""},"product_brand":[],"product_cat":[28,27],"product_tag":[],"class_list":{"0":"post-3088","1":"product","2":"type-product","3":"status-publish","4":"has-post-thumbnail","6":"product_cat-jardin","7":"product_cat-outdoor","9":"first","10":"instock","11":"shipping-taxable","12":"product-type-variable"},"uagb_featured_image_src":{"full":["https:\/\/www.eurofacto.com\/wp-content\/uploads\/2022\/05\/EUF_pluvio1_an.jpg",1000,1000,false],"thumbnail":["https:\/\/www.eurofacto.com\/wp-content\/uploads\/2022\/05\/EUF_pluvio1_an-150x150.jpg",150,150,true],"medium":["https:\/\/www.eurofacto.com\/wp-content\/uploads\/2022\/05\/EUF_pluvio1_an-300x300.jpg",300,300,true],"medium_large":["https:\/\/www.eurofacto.com\/wp-content\/uploads\/2022\/05\/EUF_pluvio1_an-768x768.jpg",768,768,true],"large":["https:\/\/www.eurofacto.com\/wp-content\/uploads\/2022\/05\/EUF_pluvio1_an.jpg",1000,1000,false],"1536x1536":["https:\/\/www.eurofacto.com\/wp-content\/uploads\/2022\/05\/EUF_pluvio1_an.jpg",1000,1000,false],"2048x2048":["https:\/\/www.eurofacto.com\/wp-content\/uploads\/2022\/05\/EUF_pluvio1_an.jpg",1000,1000,false],"trp-custom-language-flag":["https:\/\/www.eurofacto.com\/wp-content\/uploads\/2022\/05\/EUF_pluvio1_an-12x12.jpg",12,12,true],"woocommerce_archive_thumbnail":["https:\/\/www.eurofacto.com\/wp-content\/uploads\/2022\/05\/EUF_pluvio1_an-300x300.jpg",300,300,true],"woocommerce_thumbnail":["https:\/\/www.eurofacto.com\/wp-content\/uploads\/2022\/05\/EUF_pluvio1_an-300x300.jpg",300,300,true],"woocommerce_single":["https:\/\/www.eurofacto.com\/wp-content\/uploads\/2022\/05\/EUF_pluvio1_an-600x600.jpg",600,600,true],"woocommerce_gallery_thumbnail":["https:\/\/www.eurofacto.com\/wp-content\/uploads\/2022\/05\/EUF_pluvio1_an-100x100.jpg",100,100,true]},"uagb_author_info":{"display_name":"Antoine Ninat","author_link":"https:\/5ac1d44055f195d1\/5ac1d44055f195d1www.eurofacto.com\/5ac1d44055f195d1en\/5ac1d44055f195d1author\/5ac1d44055f195d1"},"uagb_comment_info":0,"uagb_excerpt":"Pluviom\u00e8tre en plastique (PS) robuste et translucide \u00c9chelle verticale de 1 \u00e0 50 L\/m\u00b2, gradu\u00e9e tous les 1 mm Fourni avec sa bague de maintien Conditionnement sous sachet individuel","_links":{"self":[{"href":"https:\/\/www.eurofacto.com\/en\/wp-json\/wp\/v2\/product\/3088","targetHints":{"allow":["GET"]}}],"collection":[{"href":"https:\/\/www.eurofacto.com\/en\/wp-json\/wp\/v2\/product"}],"about":[{"href":"https:\/\/www.eurofacto.com\/en\/wp-json\/wp\/v2\/types\/product"}],"wp:featuredmedia":[{"embeddable":true,"href":"https:\/\/www.eurofacto.com\/en\/wp-json\/wp\/v2\/media\/5700"}],"wp:attachment":[{"href":"https:\/\/www.eurofacto.com\/en\/wp-json\/wp\/v2\/media?parent=3088"}],"wp:term":[{"taxonomy":"product_brand","embeddable":true,"href":"https:\/\/www.eurofacto.com\/en\/wp-json\/wp\/v2\/product_brand?post=3088"},{"taxonomy":"product_cat","embeddable":true,"href":"https:\/\/www.eurofacto.com\/en\/wp-json\/wp\/v2\/product_cat?post=3088"},{"taxonomy":"product_tag","embeddable":true,"href":"https:\/\/www.eurofacto.com\/en\/wp-json\/wp\/v2\/product_tag?post=3088"}],"curies":[{"name":"wp","href":"https:\/\/api.w.org\/{rel}","templated":true}]}}