{"id":3176,"date":"2022-05-16T10:24:00","date_gmt":"2022-05-16T08:24:00","guid":{"rendered":"https:\/\/www.eurofacto.com\/?post_type=product&#038;p=3176"},"modified":"2026-04-02T16:36:59","modified_gmt":"2026-04-02T14:36:59","slug":"pelle-alimentaire-en-plastique","status":"publish","type":"product","link":"https:\/\/www.eurofacto.com\/en\/product\/pelle-alimentaire-en-plastique\/","title":{"rendered":"Pelle doseuse en plastique"},"content":{"rendered":"<p>&nbsp;<\/p>\n<p>&nbsp;<\/p>\n<p>B332<\/p>","protected":false},"excerpt":{"rendered":"<p>Pelle alimentaire en plastique (PP) r\u00e9sistant, qui permet de rapidement doser la quantit\u00e9 souhait\u00e9e (bonbons, caf\u00e9, c\u00e9r\u00e9ales, nourriture animale, etc.)<br \/>\nFormat ergonomique \u00e0 fond plat, avec trou d&rsquo;accroche.<br \/>\nCertified for food contact<\/p>\n<p>Une \u00e9chelle en mL est gradu\u00e9e \u00e0 l&rsquo;int\u00e9rieur de la pelle.<br \/>\nDisponible selon 3 formats diff\u00e9rents.<\/p>","protected":false},"featured_media":4972,"template":"","meta":{"_uag_custom_page_level_css":""},"product_brand":[],"product_cat":[26,22],"product_tag":[],"class_list":{"0":"post-3176","1":"product","2":"type-product","3":"status-publish","4":"has-post-thumbnail","6":"product_cat-deco-brico","7":"product_cat-maison","9":"first","10":"instock","11":"shipping-taxable","12":"product-type-variable"},"uagb_featured_image_src":{"full":["https:\/\/www.eurofacto.com\/wp-content\/uploads\/2022\/05\/pelle_doseuse_ex11.jpg",1000,1000,false],"thumbnail":["https:\/\/www.eurofacto.com\/wp-content\/uploads\/2022\/05\/pelle_doseuse_ex11-150x150.jpg",150,150,true],"medium":["https:\/\/www.eurofacto.com\/wp-content\/uploads\/2022\/05\/pelle_doseuse_ex11-300x300.jpg",300,300,true],"medium_large":["https:\/\/www.eurofacto.com\/wp-content\/uploads\/2022\/05\/pelle_doseuse_ex11-768x768.jpg",768,768,true],"large":["https:\/\/www.eurofacto.com\/wp-content\/uploads\/2022\/05\/pelle_doseuse_ex11.jpg",1000,1000,false],"1536x1536":["https:\/\/www.eurofacto.com\/wp-content\/uploads\/2022\/05\/pelle_doseuse_ex11.jpg",1000,1000,false],"2048x2048":["https:\/\/www.eurofacto.com\/wp-content\/uploads\/2022\/05\/pelle_doseuse_ex11.jpg",1000,1000,false],"trp-custom-language-flag":["https:\/\/www.eurofacto.com\/wp-content\/uploads\/2022\/05\/pelle_doseuse_ex11-12x12.jpg",12,12,true],"woocommerce_archive_thumbnail":["https:\/\/www.eurofacto.com\/wp-content\/uploads\/2022\/05\/pelle_doseuse_ex11-300x300.jpg",300,300,true],"woocommerce_thumbnail":["https:\/\/www.eurofacto.com\/wp-content\/uploads\/2022\/05\/pelle_doseuse_ex11-300x300.jpg",300,300,true],"woocommerce_single":["https:\/\/www.eurofacto.com\/wp-content\/uploads\/2022\/05\/pelle_doseuse_ex11-600x600.jpg",600,600,true],"woocommerce_gallery_thumbnail":["https:\/\/www.eurofacto.com\/wp-content\/uploads\/2022\/05\/pelle_doseuse_ex11-100x100.jpg",100,100,true]},"uagb_author_info":{"display_name":"Antoine Ninat","author_link":"https:\/5ac1d44055f195d1\/5ac1d44055f195d1www.eurofacto.com\/5ac1d44055f195d1en\/5ac1d44055f195d1author\/5ac1d44055f195d1"},"uagb_comment_info":0,"uagb_excerpt":"Pelle alimentaire en plastique (PP) r\u00e9sistant, qui permet de rapidement doser la quantit\u00e9 souhait\u00e9e (bonbons, caf\u00e9, c\u00e9r\u00e9ales, nourriture animale, etc.) Format ergonomique \u00e0 fond plat, avec trou d'accroche. Certifi\u00e9e compatible avec le contact alimentaire Une \u00e9chelle en mL est gradu\u00e9e \u00e0 l'int\u00e9rieur de la pelle. Disponible selon 3 formats diff\u00e9rents.","_links":{"self":[{"href":"https:\/\/www.eurofacto.com\/en\/wp-json\/wp\/v2\/product\/3176","targetHints":{"allow":["GET"]}}],"collection":[{"href":"https:\/\/www.eurofacto.com\/en\/wp-json\/wp\/v2\/product"}],"about":[{"href":"https:\/\/www.eurofacto.com\/en\/wp-json\/wp\/v2\/types\/product"}],"wp:featuredmedia":[{"embeddable":true,"href":"https:\/\/www.eurofacto.com\/en\/wp-json\/wp\/v2\/media\/4972"}],"wp:attachment":[{"href":"https:\/\/www.eurofacto.com\/en\/wp-json\/wp\/v2\/media?parent=3176"}],"wp:term":[{"taxonomy":"product_brand","embeddable":true,"href":"https:\/\/www.eurofacto.com\/en\/wp-json\/wp\/v2\/product_brand?post=3176"},{"taxonomy":"product_cat","embeddable":true,"href":"https:\/\/www.eurofacto.com\/en\/wp-json\/wp\/v2\/product_cat?post=3176"},{"taxonomy":"product_tag","embeddable":true,"href":"https:\/\/www.eurofacto.com\/en\/wp-json\/wp\/v2\/product_tag?post=3176"}],"curies":[{"name":"wp","href":"https:\/\/api.w.org\/{rel}","templated":true}]}}