{"id":3209,"date":"2022-05-18T18:13:50","date_gmt":"2022-05-18T16:13:50","guid":{"rendered":"https:\/\/www.eurofacto.com\/?post_type=product&#038;p=3209"},"modified":"2024-11-19T14:56:54","modified_gmt":"2024-11-19T13:56:54","slug":"pichet-doseur-1l","status":"publish","type":"product","link":"https:\/\/www.eurofacto.com\/en\/product\/pichet-doseur-1l\/","title":{"rendered":"Measuring jug 1L"},"content":{"rendered":"<p>&nbsp;<\/p>\n<p>&nbsp;<\/p>\n<p>A256<\/p>","protected":false},"excerpt":{"rendered":"<p>Robust translucent plastic (PP).<br \/>\nWith handle, spout and pre-printed scale (in mL).<br \/>\nCertified for food contact, and resistant to chemicals use.<\/p>\n<p>Capacity of 1000ml \u2013 Also available in 2000ml and 3000ml version<\/p>\n<p><strong>Article volumineux :<\/strong>\u00a0attention aux frais de port (disponibles ci-dessous)<\/p>","protected":false},"featured_media":3210,"template":"","meta":{"_uag_custom_page_level_css":""},"product_brand":[],"product_cat":[24,22],"product_tag":[],"class_list":{"0":"post-3209","1":"product","2":"type-product","3":"status-publish","4":"has-post-thumbnail","6":"product_cat-cuisine","7":"product_cat-maison","9":"first","10":"instock","11":"shipping-taxable","12":"product-type-variable"},"uagb_featured_image_src":{"full":["https:\/\/www.eurofacto.com\/wp-content\/uploads\/2022\/05\/pichet_doseur_1L_ex1.jpg",1000,1000,false],"thumbnail":["https:\/\/www.eurofacto.com\/wp-content\/uploads\/2022\/05\/pichet_doseur_1L_ex1-150x150.jpg",150,150,true],"medium":["https:\/\/www.eurofacto.com\/wp-content\/uploads\/2022\/05\/pichet_doseur_1L_ex1-300x300.jpg",300,300,true],"medium_large":["https:\/\/www.eurofacto.com\/wp-content\/uploads\/2022\/05\/pichet_doseur_1L_ex1-768x768.jpg",768,768,true],"large":["https:\/\/www.eurofacto.com\/wp-content\/uploads\/2022\/05\/pichet_doseur_1L_ex1.jpg",1000,1000,false],"1536x1536":["https:\/\/www.eurofacto.com\/wp-content\/uploads\/2022\/05\/pichet_doseur_1L_ex1.jpg",1000,1000,false],"2048x2048":["https:\/\/www.eurofacto.com\/wp-content\/uploads\/2022\/05\/pichet_doseur_1L_ex1.jpg",1000,1000,false],"trp-custom-language-flag":["https:\/\/www.eurofacto.com\/wp-content\/uploads\/2022\/05\/pichet_doseur_1L_ex1-12x12.jpg",12,12,true],"woocommerce_archive_thumbnail":["https:\/\/www.eurofacto.com\/wp-content\/uploads\/2022\/05\/pichet_doseur_1L_ex1-300x300.jpg",300,300,true],"woocommerce_thumbnail":["https:\/\/www.eurofacto.com\/wp-content\/uploads\/2022\/05\/pichet_doseur_1L_ex1-300x300.jpg",300,300,true],"woocommerce_single":["https:\/\/www.eurofacto.com\/wp-content\/uploads\/2022\/05\/pichet_doseur_1L_ex1-600x600.jpg",600,600,true],"woocommerce_gallery_thumbnail":["https:\/\/www.eurofacto.com\/wp-content\/uploads\/2022\/05\/pichet_doseur_1L_ex1-100x100.jpg",100,100,true]},"uagb_author_info":{"display_name":"Antoine Ninat","author_link":"https:\/5ac1d44055f195d1\/5ac1d44055f195d1www.eurofacto.com\/5ac1d44055f195d1en\/5ac1d44055f195d1author\/5ac1d44055f195d1"},"uagb_comment_info":0,"uagb_excerpt":"Corps en plastique (PP) translucide robuste. Avec poign\u00e9e, bec verseur et graduation (en mL) pr\u00e9-imprim\u00e9e. Mat\u00e9riau compatible avec le contact alimentaire, et r\u00e9sistant \u00e0 l'utilisation de produits chimiques. Capacit\u00e9 utile 1000ml - Existe \u00e9galement en version 2000ml et 3000ml Article volumineux :\u00a0attention aux frais de port (disponibles ci-dessous)","_links":{"self":[{"href":"https:\/\/www.eurofacto.com\/en\/wp-json\/wp\/v2\/product\/3209","targetHints":{"allow":["GET"]}}],"collection":[{"href":"https:\/\/www.eurofacto.com\/en\/wp-json\/wp\/v2\/product"}],"about":[{"href":"https:\/\/www.eurofacto.com\/en\/wp-json\/wp\/v2\/types\/product"}],"wp:featuredmedia":[{"embeddable":true,"href":"https:\/\/www.eurofacto.com\/en\/wp-json\/wp\/v2\/media\/3210"}],"wp:attachment":[{"href":"https:\/\/www.eurofacto.com\/en\/wp-json\/wp\/v2\/media?parent=3209"}],"wp:term":[{"taxonomy":"product_brand","embeddable":true,"href":"https:\/\/www.eurofacto.com\/en\/wp-json\/wp\/v2\/product_brand?post=3209"},{"taxonomy":"product_cat","embeddable":true,"href":"https:\/\/www.eurofacto.com\/en\/wp-json\/wp\/v2\/product_cat?post=3209"},{"taxonomy":"product_tag","embeddable":true,"href":"https:\/\/www.eurofacto.com\/en\/wp-json\/wp\/v2\/product_tag?post=3209"}],"curies":[{"name":"wp","href":"https:\/\/api.w.org\/{rel}","templated":true}]}}