{"id":3248,"date":"2022-05-24T16:00:40","date_gmt":"2022-05-24T14:00:40","guid":{"rendered":"https:\/\/www.eurofacto.com\/?post_type=product&#038;p=3248"},"modified":"2024-10-04T10:27:46","modified_gmt":"2024-10-04T08:27:46","slug":"limonade-artisanale-33cl","status":"publish","type":"product","link":"https:\/\/www.eurofacto.com\/en\/product\/limonade-artisanale-33cl\/","title":{"rendered":"Craft lemonade 33cl"},"content":{"rendered":"<p>&nbsp;<\/p>\n<p>&nbsp;<\/p>\n<p>A263<\/p>","protected":false},"excerpt":{"rendered":"<p>The oldest lemonade in the Centre-Val de Loire region, this artisanal lemonade with lemon flavors is made with natural raw materials. Its incomparable taste pleases a very large number of young and old during the summer season.<\/p>\n<p>Individual 33cl glass bottle.<\/p>","protected":false},"featured_media":3250,"template":"","meta":{"_uag_custom_page_level_css":""},"product_brand":[],"product_cat":[658,30],"product_tag":[],"class_list":{"0":"post-3248","1":"product","2":"type-product","3":"status-publish","4":"has-post-thumbnail","6":"product_cat-epicerie","7":"product_cat-gastronomie","9":"first","10":"instock","11":"shipping-taxable","12":"product-type-variable"},"uagb_featured_image_src":{"full":["https:\/\/www.eurofacto.com\/wp-content\/uploads\/2022\/05\/boisson_limonade_ex2.jpg",1000,1000,false],"thumbnail":["https:\/\/www.eurofacto.com\/wp-content\/uploads\/2022\/05\/boisson_limonade_ex2-150x150.jpg",150,150,true],"medium":["https:\/\/www.eurofacto.com\/wp-content\/uploads\/2022\/05\/boisson_limonade_ex2-300x300.jpg",300,300,true],"medium_large":["https:\/\/www.eurofacto.com\/wp-content\/uploads\/2022\/05\/boisson_limonade_ex2-768x768.jpg",768,768,true],"large":["https:\/\/www.eurofacto.com\/wp-content\/uploads\/2022\/05\/boisson_limonade_ex2.jpg",1000,1000,false],"1536x1536":["https:\/\/www.eurofacto.com\/wp-content\/uploads\/2022\/05\/boisson_limonade_ex2.jpg",1000,1000,false],"2048x2048":["https:\/\/www.eurofacto.com\/wp-content\/uploads\/2022\/05\/boisson_limonade_ex2.jpg",1000,1000,false],"trp-custom-language-flag":["https:\/\/www.eurofacto.com\/wp-content\/uploads\/2022\/05\/boisson_limonade_ex2-12x12.jpg",12,12,true],"woocommerce_archive_thumbnail":["https:\/\/www.eurofacto.com\/wp-content\/uploads\/2022\/05\/boisson_limonade_ex2-300x300.jpg",300,300,true],"woocommerce_thumbnail":["https:\/\/www.eurofacto.com\/wp-content\/uploads\/2022\/05\/boisson_limonade_ex2-300x300.jpg",300,300,true],"woocommerce_single":["https:\/\/www.eurofacto.com\/wp-content\/uploads\/2022\/05\/boisson_limonade_ex2-600x600.jpg",600,600,true],"woocommerce_gallery_thumbnail":["https:\/\/www.eurofacto.com\/wp-content\/uploads\/2022\/05\/boisson_limonade_ex2-100x100.jpg",100,100,true]},"uagb_author_info":{"display_name":"Antoine Ninat","author_link":"https:\/5ac1d44055f195d1\/5ac1d44055f195d1www.eurofacto.com\/5ac1d44055f195d1en\/5ac1d44055f195d1author\/5ac1d44055f195d1"},"uagb_comment_info":0,"uagb_excerpt":"Plus ancienne limonade de la r\u00e9gion Centre-Val de Loire, cette limonade artisanale aux ar\u00f4mes naturels de citron est confectionn\u00e9e avec des mati\u00e8res premi\u00e8res naturelles. Son go\u00fbt incomparable pla\u00eet \u00e0 un tr\u00e8s grand nombre de petits et grands durant la belle saison. Conditionn\u00e9e dans une bouteille en verre individuelle de 33cl.","_links":{"self":[{"href":"https:\/\/www.eurofacto.com\/en\/wp-json\/wp\/v2\/product\/3248","targetHints":{"allow":["GET"]}}],"collection":[{"href":"https:\/\/www.eurofacto.com\/en\/wp-json\/wp\/v2\/product"}],"about":[{"href":"https:\/\/www.eurofacto.com\/en\/wp-json\/wp\/v2\/types\/product"}],"wp:featuredmedia":[{"embeddable":true,"href":"https:\/\/www.eurofacto.com\/en\/wp-json\/wp\/v2\/media\/3250"}],"wp:attachment":[{"href":"https:\/\/www.eurofacto.com\/en\/wp-json\/wp\/v2\/media?parent=3248"}],"wp:term":[{"taxonomy":"product_brand","embeddable":true,"href":"https:\/\/www.eurofacto.com\/en\/wp-json\/wp\/v2\/product_brand?post=3248"},{"taxonomy":"product_cat","embeddable":true,"href":"https:\/\/www.eurofacto.com\/en\/wp-json\/wp\/v2\/product_cat?post=3248"},{"taxonomy":"product_tag","embeddable":true,"href":"https:\/\/www.eurofacto.com\/en\/wp-json\/wp\/v2\/product_tag?post=3248"}],"curies":[{"name":"wp","href":"https:\/\/api.w.org\/{rel}","templated":true}]}}