{"id":3256,"date":"2022-05-25T15:19:33","date_gmt":"2022-05-25T13:19:33","guid":{"rendered":"https:\/\/www.eurofacto.com\/?post_type=product&#038;p=3256"},"modified":"2024-11-19T16:56:18","modified_gmt":"2024-11-19T15:56:18","slug":"cuillere-doseuse-30ml","status":"publish","type":"product","link":"https:\/\/www.eurofacto.com\/en\/product\/cuillere-doseuse-30ml\/","title":{"rendered":"Measuring spoon"},"content":{"rendered":"<p>&nbsp;<\/p>\n<p>&nbsp;<\/p>\n<p>A259<\/p>","protected":false},"excerpt":{"rendered":"<p>Small spoon made of resistant plastic (PP), which allows you to quickly dose the desired quantity. Standard graduation in mL (customizable if necessary).<br \/>\nCertified for food contact<\/p>\n<p>3 available sizes: 30ml, 50ml &amp; 75ml<\/p>","protected":false},"featured_media":3272,"template":"","meta":{"_uag_custom_page_level_css":""},"product_brand":[],"product_cat":[24,22],"product_tag":[],"class_list":{"0":"post-3256","1":"product","2":"type-product","3":"status-publish","4":"has-post-thumbnail","6":"product_cat-cuisine","7":"product_cat-maison","9":"first","10":"instock","11":"shipping-taxable","12":"product-type-variable"},"uagb_featured_image_src":{"full":["https:\/\/www.eurofacto.com\/wp-content\/uploads\/2022\/05\/Cuillere_doseuse_ex3.jpg",1000,1000,false],"thumbnail":["https:\/\/www.eurofacto.com\/wp-content\/uploads\/2022\/05\/Cuillere_doseuse_ex3-150x150.jpg",150,150,true],"medium":["https:\/\/www.eurofacto.com\/wp-content\/uploads\/2022\/05\/Cuillere_doseuse_ex3-300x300.jpg",300,300,true],"medium_large":["https:\/\/www.eurofacto.com\/wp-content\/uploads\/2022\/05\/Cuillere_doseuse_ex3-768x768.jpg",768,768,true],"large":["https:\/\/www.eurofacto.com\/wp-content\/uploads\/2022\/05\/Cuillere_doseuse_ex3.jpg",1000,1000,false],"1536x1536":["https:\/\/www.eurofacto.com\/wp-content\/uploads\/2022\/05\/Cuillere_doseuse_ex3.jpg",1000,1000,false],"2048x2048":["https:\/\/www.eurofacto.com\/wp-content\/uploads\/2022\/05\/Cuillere_doseuse_ex3.jpg",1000,1000,false],"trp-custom-language-flag":["https:\/\/www.eurofacto.com\/wp-content\/uploads\/2022\/05\/Cuillere_doseuse_ex3-12x12.jpg",12,12,true],"woocommerce_archive_thumbnail":["https:\/\/www.eurofacto.com\/wp-content\/uploads\/2022\/05\/Cuillere_doseuse_ex3-300x300.jpg",300,300,true],"woocommerce_thumbnail":["https:\/\/www.eurofacto.com\/wp-content\/uploads\/2022\/05\/Cuillere_doseuse_ex3-300x300.jpg",300,300,true],"woocommerce_single":["https:\/\/www.eurofacto.com\/wp-content\/uploads\/2022\/05\/Cuillere_doseuse_ex3-600x600.jpg",600,600,true],"woocommerce_gallery_thumbnail":["https:\/\/www.eurofacto.com\/wp-content\/uploads\/2022\/05\/Cuillere_doseuse_ex3-100x100.jpg",100,100,true]},"uagb_author_info":{"display_name":"Antoine Ninat","author_link":"https:\/5ac1d44055f195d1\/5ac1d44055f195d1www.eurofacto.com\/5ac1d44055f195d1en\/5ac1d44055f195d1author\/5ac1d44055f195d1"},"uagb_comment_info":0,"uagb_excerpt":"Petite cuill\u00e8re en plastique (PP) r\u00e9sistant, qui permet de rapidement doser la quantit\u00e9 souhait\u00e9e. Graduation standard en mL (personnalisable si besoin). Certifi\u00e9e compatible avec le contact alimentaire. 3 mod\u00e8les disponibles : 30mL, 50mL, 75 mL.","_links":{"self":[{"href":"https:\/\/www.eurofacto.com\/en\/wp-json\/wp\/v2\/product\/3256","targetHints":{"allow":["GET"]}}],"collection":[{"href":"https:\/\/www.eurofacto.com\/en\/wp-json\/wp\/v2\/product"}],"about":[{"href":"https:\/\/www.eurofacto.com\/en\/wp-json\/wp\/v2\/types\/product"}],"wp:featuredmedia":[{"embeddable":true,"href":"https:\/\/www.eurofacto.com\/en\/wp-json\/wp\/v2\/media\/3272"}],"wp:attachment":[{"href":"https:\/\/www.eurofacto.com\/en\/wp-json\/wp\/v2\/media?parent=3256"}],"wp:term":[{"taxonomy":"product_brand","embeddable":true,"href":"https:\/\/www.eurofacto.com\/en\/wp-json\/wp\/v2\/product_brand?post=3256"},{"taxonomy":"product_cat","embeddable":true,"href":"https:\/\/www.eurofacto.com\/en\/wp-json\/wp\/v2\/product_cat?post=3256"},{"taxonomy":"product_tag","embeddable":true,"href":"https:\/\/www.eurofacto.com\/en\/wp-json\/wp\/v2\/product_tag?post=3256"}],"curies":[{"name":"wp","href":"https:\/\/api.w.org\/{rel}","templated":true}]}}