{"id":3344,"date":"2022-06-08T16:02:24","date_gmt":"2022-06-08T14:02:24","guid":{"rendered":"https:\/\/www.eurofacto.com\/?post_type=product&#038;p=3344"},"modified":"2024-07-04T20:52:39","modified_gmt":"2024-07-04T18:52:39","slug":"brosse-a-vaisselle","status":"publish","type":"product","link":"https:\/\/www.eurofacto.com\/en\/product\/brosse-a-vaisselle\/","title":{"rendered":"Wooden dish brush"},"content":{"rendered":"<p>&nbsp;<\/p>\n<p>&nbsp;<\/p>\n<p>A271<\/p>","protected":false},"excerpt":{"rendered":"<p>Corps en bois de h\u00eatre non trait\u00e9, structure en m\u00e9tal et poils en fibres 100% naturelles.<br \/>\nT\u00eate amovible et rempla\u00e7able (disponible seule, sur demande).<\/p>\n<p>For sparkling clean dishes, this robust brush will replace your traditional plastic one in an environmentally friendly way.<br \/>\nEntretien manuel recommand\u00e9.<\/p>","protected":false},"featured_media":3349,"template":"","meta":{"_uag_custom_page_level_css":""},"product_brand":[],"product_cat":[24,22],"product_tag":[],"class_list":{"0":"post-3344","1":"product","2":"type-product","3":"status-publish","4":"has-post-thumbnail","6":"product_cat-cuisine","7":"product_cat-maison","9":"first","10":"instock","11":"shipping-taxable","12":"product-type-variable"},"uagb_featured_image_src":{"full":["https:\/\/www.eurofacto.com\/wp-content\/uploads\/2022\/06\/brosse_vaisselle_ex1.jpg",1000,1000,false],"thumbnail":["https:\/\/www.eurofacto.com\/wp-content\/uploads\/2022\/06\/brosse_vaisselle_ex1-150x150.jpg",150,150,true],"medium":["https:\/\/www.eurofacto.com\/wp-content\/uploads\/2022\/06\/brosse_vaisselle_ex1-300x300.jpg",300,300,true],"medium_large":["https:\/\/www.eurofacto.com\/wp-content\/uploads\/2022\/06\/brosse_vaisselle_ex1-768x768.jpg",768,768,true],"large":["https:\/\/www.eurofacto.com\/wp-content\/uploads\/2022\/06\/brosse_vaisselle_ex1.jpg",1000,1000,false],"1536x1536":["https:\/\/www.eurofacto.com\/wp-content\/uploads\/2022\/06\/brosse_vaisselle_ex1.jpg",1000,1000,false],"2048x2048":["https:\/\/www.eurofacto.com\/wp-content\/uploads\/2022\/06\/brosse_vaisselle_ex1.jpg",1000,1000,false],"trp-custom-language-flag":["https:\/\/www.eurofacto.com\/wp-content\/uploads\/2022\/06\/brosse_vaisselle_ex1-12x12.jpg",12,12,true],"woocommerce_archive_thumbnail":["https:\/\/www.eurofacto.com\/wp-content\/uploads\/2022\/06\/brosse_vaisselle_ex1-300x300.jpg",300,300,true],"woocommerce_thumbnail":["https:\/\/www.eurofacto.com\/wp-content\/uploads\/2022\/06\/brosse_vaisselle_ex1-300x300.jpg",300,300,true],"woocommerce_single":["https:\/\/www.eurofacto.com\/wp-content\/uploads\/2022\/06\/brosse_vaisselle_ex1-600x600.jpg",600,600,true],"woocommerce_gallery_thumbnail":["https:\/\/www.eurofacto.com\/wp-content\/uploads\/2022\/06\/brosse_vaisselle_ex1-100x100.jpg",100,100,true]},"uagb_author_info":{"display_name":"Antoine Ninat","author_link":"https:\/5ac1d44055f195d1\/5ac1d44055f195d1www.eurofacto.com\/5ac1d44055f195d1en\/5ac1d44055f195d1author\/5ac1d44055f195d1"},"uagb_comment_info":0,"uagb_excerpt":"Corps en bois de h\u00eatre non trait\u00e9, structure en m\u00e9tal et poils en fibres 100% naturelles. T\u00eate amovible et rempla\u00e7able (disponible seule, sur demande). Pour une vaisselle propre et \u00e9tincelante, cette brosse robuste remplacera \u00e9cologiquement votre brosse en plastique traditionnelle. Entretien manuel recommand\u00e9.","_links":{"self":[{"href":"https:\/\/www.eurofacto.com\/en\/wp-json\/wp\/v2\/product\/3344","targetHints":{"allow":["GET"]}}],"collection":[{"href":"https:\/\/www.eurofacto.com\/en\/wp-json\/wp\/v2\/product"}],"about":[{"href":"https:\/\/www.eurofacto.com\/en\/wp-json\/wp\/v2\/types\/product"}],"wp:featuredmedia":[{"embeddable":true,"href":"https:\/\/www.eurofacto.com\/en\/wp-json\/wp\/v2\/media\/3349"}],"wp:attachment":[{"href":"https:\/\/www.eurofacto.com\/en\/wp-json\/wp\/v2\/media?parent=3344"}],"wp:term":[{"taxonomy":"product_brand","embeddable":true,"href":"https:\/\/www.eurofacto.com\/en\/wp-json\/wp\/v2\/product_brand?post=3344"},{"taxonomy":"product_cat","embeddable":true,"href":"https:\/\/www.eurofacto.com\/en\/wp-json\/wp\/v2\/product_cat?post=3344"},{"taxonomy":"product_tag","embeddable":true,"href":"https:\/\/www.eurofacto.com\/en\/wp-json\/wp\/v2\/product_tag?post=3344"}],"curies":[{"name":"wp","href":"https:\/\/api.w.org\/{rel}","templated":true}]}}