{"id":3411,"date":"2022-06-13T19:11:52","date_gmt":"2022-06-13T17:11:52","guid":{"rendered":"https:\/\/www.eurofacto.com\/?post_type=product&#038;p=3411"},"modified":"2025-08-01T15:18:39","modified_gmt":"2025-08-01T13:18:39","slug":"porte-etiquette-a-bagage-feutrine","status":"publish","type":"product","link":"https:\/\/www.eurofacto.com\/en\/product\/porte-etiquette-a-bagage-feutrine\/","title":{"rendered":"Felt luggage tag holder"},"content":{"rendered":"<p><a href=\"https:\/\/www.eurofacto.com\/wp-content\/uploads\/2022\/06\/FT-porte-etiquette-feutrine.pdf\"><strong>Download<\/strong> la fiche technique (porte-\u00e9tiquette \u00e0 bagage)<\/a><\/p>\n<p>&nbsp;<\/p>\n<p>A278<\/p>","protected":false},"excerpt":{"rendered":"<p>Porte-\u00e9tiquette en feutrine brute \u00e9paisse<br \/>\nFeutre en PET recycl\u00e9 (gris chin\u00e9) ou en polyester de couleur (au choix)<\/p>\n<p>Le petit carton pour noter les coordonn\u00e9es est inclus<br \/>\nEn option, la feutrine peut \u00eatre combin\u00e9e avec une lani\u00e8re en simili-cuir (+0,30 e\/pc)<\/p>\n<p>Verso avec ou sans rabat<\/p>","protected":false},"featured_media":4642,"template":"","meta":{"_uag_custom_page_level_css":""},"product_brand":[],"product_cat":[33,752],"product_tag":[],"class_list":{"0":"post-3411","1":"product","2":"type-product","3":"status-publish","4":"has-post-thumbnail","6":"product_cat-loisirs","7":"product_cat-voyage","9":"first","10":"instock","11":"shipping-taxable","12":"product-type-variable"},"uagb_featured_image_src":{"full":["https:\/\/www.eurofacto.com\/wp-content\/uploads\/2022\/06\/porte-etiquette_feutrine_ex4.jpg",1000,1000,false],"thumbnail":["https:\/\/www.eurofacto.com\/wp-content\/uploads\/2022\/06\/porte-etiquette_feutrine_ex4-150x150.jpg",150,150,true],"medium":["https:\/\/www.eurofacto.com\/wp-content\/uploads\/2022\/06\/porte-etiquette_feutrine_ex4-300x300.jpg",300,300,true],"medium_large":["https:\/\/www.eurofacto.com\/wp-content\/uploads\/2022\/06\/porte-etiquette_feutrine_ex4-768x768.jpg",768,768,true],"large":["https:\/\/www.eurofacto.com\/wp-content\/uploads\/2022\/06\/porte-etiquette_feutrine_ex4.jpg",1000,1000,false],"1536x1536":["https:\/\/www.eurofacto.com\/wp-content\/uploads\/2022\/06\/porte-etiquette_feutrine_ex4.jpg",1000,1000,false],"2048x2048":["https:\/\/www.eurofacto.com\/wp-content\/uploads\/2022\/06\/porte-etiquette_feutrine_ex4.jpg",1000,1000,false],"trp-custom-language-flag":["https:\/\/www.eurofacto.com\/wp-content\/uploads\/2022\/06\/porte-etiquette_feutrine_ex4-12x12.jpg",12,12,true],"woocommerce_archive_thumbnail":["https:\/\/www.eurofacto.com\/wp-content\/uploads\/2022\/06\/porte-etiquette_feutrine_ex4-300x300.jpg",300,300,true],"woocommerce_thumbnail":["https:\/\/www.eurofacto.com\/wp-content\/uploads\/2022\/06\/porte-etiquette_feutrine_ex4-300x300.jpg",300,300,true],"woocommerce_single":["https:\/\/www.eurofacto.com\/wp-content\/uploads\/2022\/06\/porte-etiquette_feutrine_ex4-600x600.jpg",600,600,true],"woocommerce_gallery_thumbnail":["https:\/\/www.eurofacto.com\/wp-content\/uploads\/2022\/06\/porte-etiquette_feutrine_ex4-100x100.jpg",100,100,true]},"uagb_author_info":{"display_name":"Antoine Ninat","author_link":"https:\/5ac1d44055f195d1\/5ac1d44055f195d1www.eurofacto.com\/5ac1d44055f195d1en\/5ac1d44055f195d1author\/5ac1d44055f195d1"},"uagb_comment_info":0,"uagb_excerpt":"Porte-\u00e9tiquette en feutrine brute \u00e9paisse Feutre en PET recycl\u00e9 (gris chin\u00e9) ou en polyester de couleur (au choix) Le petit carton pour noter les coordonn\u00e9es est inclus En option, la feutrine peut \u00eatre combin\u00e9e avec une lani\u00e8re en simili-cuir (+0,30 e\/pc) Verso avec ou sans rabat","_links":{"self":[{"href":"https:\/\/www.eurofacto.com\/en\/wp-json\/wp\/v2\/product\/3411","targetHints":{"allow":["GET"]}}],"collection":[{"href":"https:\/\/www.eurofacto.com\/en\/wp-json\/wp\/v2\/product"}],"about":[{"href":"https:\/\/www.eurofacto.com\/en\/wp-json\/wp\/v2\/types\/product"}],"wp:featuredmedia":[{"embeddable":true,"href":"https:\/\/www.eurofacto.com\/en\/wp-json\/wp\/v2\/media\/4642"}],"wp:attachment":[{"href":"https:\/\/www.eurofacto.com\/en\/wp-json\/wp\/v2\/media?parent=3411"}],"wp:term":[{"taxonomy":"product_brand","embeddable":true,"href":"https:\/\/www.eurofacto.com\/en\/wp-json\/wp\/v2\/product_brand?post=3411"},{"taxonomy":"product_cat","embeddable":true,"href":"https:\/\/www.eurofacto.com\/en\/wp-json\/wp\/v2\/product_cat?post=3411"},{"taxonomy":"product_tag","embeddable":true,"href":"https:\/\/www.eurofacto.com\/en\/wp-json\/wp\/v2\/product_tag?post=3411"}],"curies":[{"name":"wp","href":"https:\/\/api.w.org\/{rel}","templated":true}]}}