{"id":3424,"date":"2022-06-14T17:15:20","date_gmt":"2022-06-14T15:15:20","guid":{"rendered":"https:\/\/www.eurofacto.com\/?post_type=product&#038;p=3424"},"modified":"2025-08-01T15:24:48","modified_gmt":"2025-08-01T13:24:48","slug":"porte-cles-boucle-en-feutrine","status":"publish","type":"product","link":"https:\/\/www.eurofacto.com\/en\/product\/porte-cles-boucle-en-feutrine\/","title":{"rendered":"Felt loop keychain"},"content":{"rendered":"<p>&nbsp;<\/p>\n<p>&nbsp;<\/p>\n<p>A279<\/p>","protected":false},"excerpt":{"rendered":"<p>3mm thickness felt, with metal rivet and ring.<br \/>\nOptionally, the felt can be combined with a leather head.<\/p>\n<p>Recycled PET (heather grey) or coloured polyester<\/p>","protected":false},"featured_media":3434,"template":"","meta":{"_uag_custom_page_level_css":""},"product_brand":[],"product_cat":[33,752],"product_tag":[],"class_list":{"0":"post-3424","1":"product","2":"type-product","3":"status-publish","4":"has-post-thumbnail","6":"product_cat-loisirs","7":"product_cat-voyage","9":"first","10":"instock","11":"shipping-taxable","12":"product-type-variable"},"uagb_featured_image_src":{"full":["https:\/\/www.eurofacto.com\/wp-content\/uploads\/2022\/06\/porte-cles_feutrine_ex4.jpg",1000,1000,false],"thumbnail":["https:\/\/www.eurofacto.com\/wp-content\/uploads\/2022\/06\/porte-cles_feutrine_ex4-150x150.jpg",150,150,true],"medium":["https:\/\/www.eurofacto.com\/wp-content\/uploads\/2022\/06\/porte-cles_feutrine_ex4-300x300.jpg",300,300,true],"medium_large":["https:\/\/www.eurofacto.com\/wp-content\/uploads\/2022\/06\/porte-cles_feutrine_ex4-768x768.jpg",768,768,true],"large":["https:\/\/www.eurofacto.com\/wp-content\/uploads\/2022\/06\/porte-cles_feutrine_ex4.jpg",1000,1000,false],"1536x1536":["https:\/\/www.eurofacto.com\/wp-content\/uploads\/2022\/06\/porte-cles_feutrine_ex4.jpg",1000,1000,false],"2048x2048":["https:\/\/www.eurofacto.com\/wp-content\/uploads\/2022\/06\/porte-cles_feutrine_ex4.jpg",1000,1000,false],"trp-custom-language-flag":["https:\/\/www.eurofacto.com\/wp-content\/uploads\/2022\/06\/porte-cles_feutrine_ex4-12x12.jpg",12,12,true],"woocommerce_archive_thumbnail":["https:\/\/www.eurofacto.com\/wp-content\/uploads\/2022\/06\/porte-cles_feutrine_ex4-300x300.jpg",300,300,true],"woocommerce_thumbnail":["https:\/\/www.eurofacto.com\/wp-content\/uploads\/2022\/06\/porte-cles_feutrine_ex4-300x300.jpg",300,300,true],"woocommerce_single":["https:\/\/www.eurofacto.com\/wp-content\/uploads\/2022\/06\/porte-cles_feutrine_ex4-600x600.jpg",600,600,true],"woocommerce_gallery_thumbnail":["https:\/\/www.eurofacto.com\/wp-content\/uploads\/2022\/06\/porte-cles_feutrine_ex4-100x100.jpg",100,100,true]},"uagb_author_info":{"display_name":"Antoine Ninat","author_link":"https:\/5ac1d44055f195d1\/5ac1d44055f195d1www.eurofacto.com\/5ac1d44055f195d1en\/5ac1d44055f195d1author\/5ac1d44055f195d1"},"uagb_comment_info":0,"uagb_excerpt":"Boucle en feutrine brute \u00e9paisse, avec rivet et anneau bris\u00e9 en m\u00e9tal. En option, la feutrine peut \u00eatre combin\u00e9e avec une t\u00eate en cuir. Feutre en PET recycl\u00e9 (gris chin\u00e9) ou polyester de couleur.","_links":{"self":[{"href":"https:\/\/www.eurofacto.com\/en\/wp-json\/wp\/v2\/product\/3424","targetHints":{"allow":["GET"]}}],"collection":[{"href":"https:\/\/www.eurofacto.com\/en\/wp-json\/wp\/v2\/product"}],"about":[{"href":"https:\/\/www.eurofacto.com\/en\/wp-json\/wp\/v2\/types\/product"}],"wp:featuredmedia":[{"embeddable":true,"href":"https:\/\/www.eurofacto.com\/en\/wp-json\/wp\/v2\/media\/3434"}],"wp:attachment":[{"href":"https:\/\/www.eurofacto.com\/en\/wp-json\/wp\/v2\/media?parent=3424"}],"wp:term":[{"taxonomy":"product_brand","embeddable":true,"href":"https:\/\/www.eurofacto.com\/en\/wp-json\/wp\/v2\/product_brand?post=3424"},{"taxonomy":"product_cat","embeddable":true,"href":"https:\/\/www.eurofacto.com\/en\/wp-json\/wp\/v2\/product_cat?post=3424"},{"taxonomy":"product_tag","embeddable":true,"href":"https:\/\/www.eurofacto.com\/en\/wp-json\/wp\/v2\/product_tag?post=3424"}],"curies":[{"name":"wp","href":"https:\/\/api.w.org\/{rel}","templated":true}]}}