{"id":3459,"date":"2022-06-17T15:50:56","date_gmt":"2022-06-17T13:50:56","guid":{"rendered":"https:\/\/www.eurofacto.com\/?post_type=product&#038;p=3459"},"modified":"2026-01-14T11:50:02","modified_gmt":"2026-01-14T10:50:02","slug":"pochette-ordinateur-simple-en-feutrine","status":"publish","type":"product","link":"https:\/\/www.eurofacto.com\/en\/product\/pochette-ordinateur-simple-en-feutrine\/","title":{"rendered":"Felt laptop simple case"},"content":{"rendered":"<p>&nbsp;<\/p>\n<p>&nbsp;<\/p>\n<p>A281<\/p>","protected":false},"excerpt":{"rendered":"<p>\u00c9tui en feutrine brute \u00e9paisse, avec simple rabat et fermeture par bande \u00e9lastique.<br \/>\nDefault size may be tailored to your specific equipment size.<br \/>\nAvec poche int\u00e9rieure en option.<\/p>\n<p>Recycled PET (heather grey) or coloured polyester<\/p>","protected":false},"featured_media":3464,"template":"","meta":{"_uag_custom_page_level_css":""},"product_brand":[],"product_cat":[759,39],"product_tag":[],"class_list":{"0":"post-3459","1":"product","2":"type-product","3":"status-publish","4":"has-post-thumbnail","6":"product_cat-bureau","7":"product_cat-professionnel","9":"first","10":"instock","11":"shipping-taxable","12":"product-type-variable"},"uagb_featured_image_src":{"full":["https:\/\/www.eurofacto.com\/wp-content\/uploads\/2022\/06\/pochette_ordi_simple_ex1.jpg",1000,1000,false],"thumbnail":["https:\/\/www.eurofacto.com\/wp-content\/uploads\/2022\/06\/pochette_ordi_simple_ex1-150x150.jpg",150,150,true],"medium":["https:\/\/www.eurofacto.com\/wp-content\/uploads\/2022\/06\/pochette_ordi_simple_ex1-300x300.jpg",300,300,true],"medium_large":["https:\/\/www.eurofacto.com\/wp-content\/uploads\/2022\/06\/pochette_ordi_simple_ex1-768x768.jpg",768,768,true],"large":["https:\/\/www.eurofacto.com\/wp-content\/uploads\/2022\/06\/pochette_ordi_simple_ex1.jpg",1000,1000,false],"1536x1536":["https:\/\/www.eurofacto.com\/wp-content\/uploads\/2022\/06\/pochette_ordi_simple_ex1.jpg",1000,1000,false],"2048x2048":["https:\/\/www.eurofacto.com\/wp-content\/uploads\/2022\/06\/pochette_ordi_simple_ex1.jpg",1000,1000,false],"trp-custom-language-flag":["https:\/\/www.eurofacto.com\/wp-content\/uploads\/2022\/06\/pochette_ordi_simple_ex1-12x12.jpg",12,12,true],"woocommerce_archive_thumbnail":["https:\/\/www.eurofacto.com\/wp-content\/uploads\/2022\/06\/pochette_ordi_simple_ex1-300x300.jpg",300,300,true],"woocommerce_thumbnail":["https:\/\/www.eurofacto.com\/wp-content\/uploads\/2022\/06\/pochette_ordi_simple_ex1-300x300.jpg",300,300,true],"woocommerce_single":["https:\/\/www.eurofacto.com\/wp-content\/uploads\/2022\/06\/pochette_ordi_simple_ex1-600x600.jpg",600,600,true],"woocommerce_gallery_thumbnail":["https:\/\/www.eurofacto.com\/wp-content\/uploads\/2022\/06\/pochette_ordi_simple_ex1-100x100.jpg",100,100,true]},"uagb_author_info":{"display_name":"Antoine Ninat","author_link":"https:\/5ac1d44055f195d1\/5ac1d44055f195d1www.eurofacto.com\/5ac1d44055f195d1en\/5ac1d44055f195d1author\/5ac1d44055f195d1"},"uagb_comment_info":0,"uagb_excerpt":"\u00c9tui en feutrine brute \u00e9paisse, avec simple rabat et fermeture par bande \u00e9lastique. Le format standard peut si n\u00e9cessaire \u00eatre adapt\u00e9 sur-mesure \u00e0 votre mat\u00e9riel. Avec poche int\u00e9rieure en option. Feutre en PET recycl\u00e9 (gris chin\u00e9) ou polyester de couleur.","_links":{"self":[{"href":"https:\/\/www.eurofacto.com\/en\/wp-json\/wp\/v2\/product\/3459","targetHints":{"allow":["GET"]}}],"collection":[{"href":"https:\/\/www.eurofacto.com\/en\/wp-json\/wp\/v2\/product"}],"about":[{"href":"https:\/\/www.eurofacto.com\/en\/wp-json\/wp\/v2\/types\/product"}],"wp:featuredmedia":[{"embeddable":true,"href":"https:\/\/www.eurofacto.com\/en\/wp-json\/wp\/v2\/media\/3464"}],"wp:attachment":[{"href":"https:\/\/www.eurofacto.com\/en\/wp-json\/wp\/v2\/media?parent=3459"}],"wp:term":[{"taxonomy":"product_brand","embeddable":true,"href":"https:\/\/www.eurofacto.com\/en\/wp-json\/wp\/v2\/product_brand?post=3459"},{"taxonomy":"product_cat","embeddable":true,"href":"https:\/\/www.eurofacto.com\/en\/wp-json\/wp\/v2\/product_cat?post=3459"},{"taxonomy":"product_tag","embeddable":true,"href":"https:\/\/www.eurofacto.com\/en\/wp-json\/wp\/v2\/product_tag?post=3459"}],"curies":[{"name":"wp","href":"https:\/\/api.w.org\/{rel}","templated":true}]}}