{"id":3553,"date":"2022-06-30T19:45:54","date_gmt":"2022-06-30T17:45:54","guid":{"rendered":"https:\/\/www.eurofacto.com\/?post_type=product&#038;p=3553"},"modified":"2025-10-09T15:04:51","modified_gmt":"2025-10-09T13:04:51","slug":"spatule-a-raclette","status":"publish","type":"product","link":"https:\/\/www.eurofacto.com\/en\/product\/spatule-a-raclette\/","title":{"rendered":"Raclette spatula"},"content":{"rendered":"<p><span style=\"color: #5a7aa7;\"><strong><a style=\"color: #5a7aa7;\" href=\"https:\/\/www.eurofacto.com\/wp-content\/uploads\/2022\/06\/Gabarit-spatule-a-raclette.pdf\">T\u00e9l\u00e9charger le gabarit d&rsquo;impression <\/a><\/strong><a style=\"color: #5a7aa7;\" href=\"https:\/\/www.eurofacto.com\/wp-content\/uploads\/2022\/06\/Gabarit-spatule-a-raclette.pdf\">(spatule \u00e0 raclette)<\/a><\/span><\/p>\n<p>&nbsp;<\/p>\n<p>A290<\/p>","protected":false},"excerpt":{"rendered":"<p>Corps en bois de h\u00eatre massif naturel<br \/>\nSuitable for all types of raclette devices, leaves no marks or scratches<\/p>\n<p>Extr\u00e9mit\u00e9 classique biseaut\u00e9e<br \/>\nHandwash only<\/p>","protected":false},"featured_media":3558,"template":"","meta":{"_uag_custom_page_level_css":""},"product_brand":[],"product_cat":[23,22],"product_tag":[],"class_list":{"0":"post-3553","1":"product","2":"type-product","3":"status-publish","4":"has-post-thumbnail","6":"product_cat-arts-de-la-table","7":"product_cat-maison","9":"first","10":"instock","11":"shipping-taxable","12":"product-type-variable"},"uagb_featured_image_src":{"full":["https:\/\/www.eurofacto.com\/wp-content\/uploads\/2022\/06\/spatule_a_raclette_ex1.jpg",1000,1000,false],"thumbnail":["https:\/\/www.eurofacto.com\/wp-content\/uploads\/2022\/06\/spatule_a_raclette_ex1-150x150.jpg",150,150,true],"medium":["https:\/\/www.eurofacto.com\/wp-content\/uploads\/2022\/06\/spatule_a_raclette_ex1-300x300.jpg",300,300,true],"medium_large":["https:\/\/www.eurofacto.com\/wp-content\/uploads\/2022\/06\/spatule_a_raclette_ex1-768x768.jpg",768,768,true],"large":["https:\/\/www.eurofacto.com\/wp-content\/uploads\/2022\/06\/spatule_a_raclette_ex1.jpg",1000,1000,false],"1536x1536":["https:\/\/www.eurofacto.com\/wp-content\/uploads\/2022\/06\/spatule_a_raclette_ex1.jpg",1000,1000,false],"2048x2048":["https:\/\/www.eurofacto.com\/wp-content\/uploads\/2022\/06\/spatule_a_raclette_ex1.jpg",1000,1000,false],"trp-custom-language-flag":["https:\/\/www.eurofacto.com\/wp-content\/uploads\/2022\/06\/spatule_a_raclette_ex1-12x12.jpg",12,12,true],"woocommerce_archive_thumbnail":["https:\/\/www.eurofacto.com\/wp-content\/uploads\/2022\/06\/spatule_a_raclette_ex1-300x300.jpg",300,300,true],"woocommerce_thumbnail":["https:\/\/www.eurofacto.com\/wp-content\/uploads\/2022\/06\/spatule_a_raclette_ex1-300x300.jpg",300,300,true],"woocommerce_single":["https:\/\/www.eurofacto.com\/wp-content\/uploads\/2022\/06\/spatule_a_raclette_ex1-600x600.jpg",600,600,true],"woocommerce_gallery_thumbnail":["https:\/\/www.eurofacto.com\/wp-content\/uploads\/2022\/06\/spatule_a_raclette_ex1-100x100.jpg",100,100,true]},"uagb_author_info":{"display_name":"Antoine Ninat","author_link":"https:\/5ac1d44055f195d1\/5ac1d44055f195d1www.eurofacto.com\/5ac1d44055f195d1en\/5ac1d44055f195d1author\/5ac1d44055f195d1"},"uagb_comment_info":0,"uagb_excerpt":"Corps en bois de h\u00eatre massif naturel Convient \u00e0 tous les types d'appareils \u00e0 raclette, ne laisse pas de trace ni de rayure Extr\u00e9mit\u00e9 classique biseaut\u00e9e Entretien manuel recommand\u00e9","_links":{"self":[{"href":"https:\/\/www.eurofacto.com\/en\/wp-json\/wp\/v2\/product\/3553","targetHints":{"allow":["GET"]}}],"collection":[{"href":"https:\/\/www.eurofacto.com\/en\/wp-json\/wp\/v2\/product"}],"about":[{"href":"https:\/\/www.eurofacto.com\/en\/wp-json\/wp\/v2\/types\/product"}],"wp:featuredmedia":[{"embeddable":true,"href":"https:\/\/www.eurofacto.com\/en\/wp-json\/wp\/v2\/media\/3558"}],"wp:attachment":[{"href":"https:\/\/www.eurofacto.com\/en\/wp-json\/wp\/v2\/media?parent=3553"}],"wp:term":[{"taxonomy":"product_brand","embeddable":true,"href":"https:\/\/www.eurofacto.com\/en\/wp-json\/wp\/v2\/product_brand?post=3553"},{"taxonomy":"product_cat","embeddable":true,"href":"https:\/\/www.eurofacto.com\/en\/wp-json\/wp\/v2\/product_cat?post=3553"},{"taxonomy":"product_tag","embeddable":true,"href":"https:\/\/www.eurofacto.com\/en\/wp-json\/wp\/v2\/product_tag?post=3553"}],"curies":[{"name":"wp","href":"https:\/\/api.w.org\/{rel}","templated":true}]}}