{"id":3599,"date":"2022-08-09T15:48:10","date_gmt":"2022-08-09T13:48:10","guid":{"rendered":"https:\/\/www.eurofacto.com\/?post_type=product&#038;p=3599"},"modified":"2024-07-04T20:52:37","modified_gmt":"2024-07-04T18:52:37","slug":"ecritoire-en-carton","status":"publish","type":"product","link":"https:\/\/www.eurofacto.com\/en\/product\/ecritoire-en-carton\/","title":{"rendered":"Paper clipboard"},"content":{"rendered":"<p>&nbsp;<\/p>\n<p>&nbsp;<\/p>\n<p>A294<\/p>","protected":false},"excerpt":{"rendered":"<p>Support en carton rigide \u00e9paisseur env. 2mm<br \/>\nImpression all-over R\/V sur papier couch\u00e9 135 g\/m\u00b2<br \/>\nFinition pelliculage brillant<\/p>\n<p>Avec m\u00e9canisme \u00e0 pince en m\u00e9tal<br \/>\nAdapt\u00e9 aux documents de format A4<\/p>","protected":false},"featured_media":3603,"template":"","meta":{"_uag_custom_page_level_css":""},"product_brand":[],"product_cat":[41,39],"product_tag":[],"class_list":{"0":"post-3599","1":"product","2":"type-product","3":"status-publish","4":"has-post-thumbnail","6":"product_cat-imprimerie","7":"product_cat-professionnel","9":"first","10":"instock","11":"shipping-taxable","12":"product-type-variable"},"uagb_featured_image_src":{"full":["https:\/\/www.eurofacto.com\/wp-content\/uploads\/2022\/08\/ecritoire_carton_ex1.jpg",1000,1000,false],"thumbnail":["https:\/\/www.eurofacto.com\/wp-content\/uploads\/2022\/08\/ecritoire_carton_ex1-150x150.jpg",150,150,true],"medium":["https:\/\/www.eurofacto.com\/wp-content\/uploads\/2022\/08\/ecritoire_carton_ex1-300x300.jpg",300,300,true],"medium_large":["https:\/\/www.eurofacto.com\/wp-content\/uploads\/2022\/08\/ecritoire_carton_ex1-768x768.jpg",768,768,true],"large":["https:\/\/www.eurofacto.com\/wp-content\/uploads\/2022\/08\/ecritoire_carton_ex1.jpg",1000,1000,false],"1536x1536":["https:\/\/www.eurofacto.com\/wp-content\/uploads\/2022\/08\/ecritoire_carton_ex1.jpg",1000,1000,false],"2048x2048":["https:\/\/www.eurofacto.com\/wp-content\/uploads\/2022\/08\/ecritoire_carton_ex1.jpg",1000,1000,false],"trp-custom-language-flag":["https:\/\/www.eurofacto.com\/wp-content\/uploads\/2022\/08\/ecritoire_carton_ex1-12x12.jpg",12,12,true],"woocommerce_archive_thumbnail":["https:\/\/www.eurofacto.com\/wp-content\/uploads\/2022\/08\/ecritoire_carton_ex1-300x300.jpg",300,300,true],"woocommerce_thumbnail":["https:\/\/www.eurofacto.com\/wp-content\/uploads\/2022\/08\/ecritoire_carton_ex1-300x300.jpg",300,300,true],"woocommerce_single":["https:\/\/www.eurofacto.com\/wp-content\/uploads\/2022\/08\/ecritoire_carton_ex1-600x600.jpg",600,600,true],"woocommerce_gallery_thumbnail":["https:\/\/www.eurofacto.com\/wp-content\/uploads\/2022\/08\/ecritoire_carton_ex1-100x100.jpg",100,100,true]},"uagb_author_info":{"display_name":"Antoine Ninat","author_link":"https:\/5ac1d44055f195d1\/5ac1d44055f195d1www.eurofacto.com\/5ac1d44055f195d1en\/5ac1d44055f195d1author\/5ac1d44055f195d1"},"uagb_comment_info":0,"uagb_excerpt":"Support en carton rigide \u00e9paisseur env. 2mm Impression all-over R\/V sur papier couch\u00e9 135 g\/m\u00b2 Finition pelliculage brillant Avec m\u00e9canisme \u00e0 pince en m\u00e9tal Adapt\u00e9 aux documents de format A4","_links":{"self":[{"href":"https:\/\/www.eurofacto.com\/en\/wp-json\/wp\/v2\/product\/3599","targetHints":{"allow":["GET"]}}],"collection":[{"href":"https:\/\/www.eurofacto.com\/en\/wp-json\/wp\/v2\/product"}],"about":[{"href":"https:\/\/www.eurofacto.com\/en\/wp-json\/wp\/v2\/types\/product"}],"wp:featuredmedia":[{"embeddable":true,"href":"https:\/\/www.eurofacto.com\/en\/wp-json\/wp\/v2\/media\/3603"}],"wp:attachment":[{"href":"https:\/\/www.eurofacto.com\/en\/wp-json\/wp\/v2\/media?parent=3599"}],"wp:term":[{"taxonomy":"product_brand","embeddable":true,"href":"https:\/\/www.eurofacto.com\/en\/wp-json\/wp\/v2\/product_brand?post=3599"},{"taxonomy":"product_cat","embeddable":true,"href":"https:\/\/www.eurofacto.com\/en\/wp-json\/wp\/v2\/product_cat?post=3599"},{"taxonomy":"product_tag","embeddable":true,"href":"https:\/\/www.eurofacto.com\/en\/wp-json\/wp\/v2\/product_tag?post=3599"}],"curies":[{"name":"wp","href":"https:\/\/api.w.org\/{rel}","templated":true}]}}