{"id":3609,"date":"2022-08-10T17:05:42","date_gmt":"2022-08-10T15:05:42","guid":{"rendered":"https:\/\/www.eurofacto.com\/?post_type=product&#038;p=3609"},"modified":"2024-07-04T20:52:37","modified_gmt":"2024-07-04T18:52:37","slug":"abaisse-langue-en-bois","status":"publish","type":"product","link":"https:\/\/www.eurofacto.com\/en\/product\/abaisse-langue-en-bois\/","title":{"rendered":"Tongue depressor spatulas"},"content":{"rendered":"<p>&nbsp;<\/p>\n<p>&nbsp;<\/p>\n<p>A295<\/p>","protected":false},"excerpt":{"rendered":"<p>300gsm cardboard box, glossy coatedand  all-over full-colour printed<\/p>\n<p>Abaisse-langue non st\u00e9rile en bois de format classique, conditionn\u00e9 individuellement dans une enveloppe en papier imprim\u00e9e en 1 couleur<\/p>\n<p>Contient 25, 50 ou 100 pcs (au choix)<\/p>","protected":false},"featured_media":3615,"template":"","meta":{"_uag_custom_page_level_css":""},"product_brand":[],"product_cat":[36,115],"product_tag":[],"class_list":{"0":"post-3609","1":"product","2":"type-product","3":"status-publish","4":"has-post-thumbnail","6":"product_cat-bien-etre","7":"product_cat-medical","9":"first","10":"instock","11":"shipping-taxable","12":"product-type-variable"},"uagb_featured_image_src":{"full":["https:\/\/www.eurofacto.com\/wp-content\/uploads\/2022\/08\/abaisse-langue_ex1.jpg",1000,1000,false],"thumbnail":["https:\/\/www.eurofacto.com\/wp-content\/uploads\/2022\/08\/abaisse-langue_ex1-150x150.jpg",150,150,true],"medium":["https:\/\/www.eurofacto.com\/wp-content\/uploads\/2022\/08\/abaisse-langue_ex1-300x300.jpg",300,300,true],"medium_large":["https:\/\/www.eurofacto.com\/wp-content\/uploads\/2022\/08\/abaisse-langue_ex1-768x768.jpg",768,768,true],"large":["https:\/\/www.eurofacto.com\/wp-content\/uploads\/2022\/08\/abaisse-langue_ex1.jpg",1000,1000,false],"1536x1536":["https:\/\/www.eurofacto.com\/wp-content\/uploads\/2022\/08\/abaisse-langue_ex1.jpg",1000,1000,false],"2048x2048":["https:\/\/www.eurofacto.com\/wp-content\/uploads\/2022\/08\/abaisse-langue_ex1.jpg",1000,1000,false],"trp-custom-language-flag":["https:\/\/www.eurofacto.com\/wp-content\/uploads\/2022\/08\/abaisse-langue_ex1-12x12.jpg",12,12,true],"woocommerce_archive_thumbnail":["https:\/\/www.eurofacto.com\/wp-content\/uploads\/2022\/08\/abaisse-langue_ex1-300x300.jpg",300,300,true],"woocommerce_thumbnail":["https:\/\/www.eurofacto.com\/wp-content\/uploads\/2022\/08\/abaisse-langue_ex1-300x300.jpg",300,300,true],"woocommerce_single":["https:\/\/www.eurofacto.com\/wp-content\/uploads\/2022\/08\/abaisse-langue_ex1-600x600.jpg",600,600,true],"woocommerce_gallery_thumbnail":["https:\/\/www.eurofacto.com\/wp-content\/uploads\/2022\/08\/abaisse-langue_ex1-100x100.jpg",100,100,true]},"uagb_author_info":{"display_name":"Antoine Ninat","author_link":"https:\/5ac1d44055f195d1\/5ac1d44055f195d1www.eurofacto.com\/5ac1d44055f195d1en\/5ac1d44055f195d1author\/5ac1d44055f195d1"},"uagb_comment_info":0,"uagb_excerpt":"Bo\u00eete en carton 300g\/m\u00b2 pellicul\u00e9 brillant, imprim\u00e9e en quadri all-over Abaisse-langue non st\u00e9rile en bois de format classique, conditionn\u00e9 individuellement dans une enveloppe en papier imprim\u00e9e en 1 couleur Contient 25, 50 ou 100 pcs (au choix)","_links":{"self":[{"href":"https:\/\/www.eurofacto.com\/en\/wp-json\/wp\/v2\/product\/3609","targetHints":{"allow":["GET"]}}],"collection":[{"href":"https:\/\/www.eurofacto.com\/en\/wp-json\/wp\/v2\/product"}],"about":[{"href":"https:\/\/www.eurofacto.com\/en\/wp-json\/wp\/v2\/types\/product"}],"wp:featuredmedia":[{"embeddable":true,"href":"https:\/\/www.eurofacto.com\/en\/wp-json\/wp\/v2\/media\/3615"}],"wp:attachment":[{"href":"https:\/\/www.eurofacto.com\/en\/wp-json\/wp\/v2\/media?parent=3609"}],"wp:term":[{"taxonomy":"product_brand","embeddable":true,"href":"https:\/\/www.eurofacto.com\/en\/wp-json\/wp\/v2\/product_brand?post=3609"},{"taxonomy":"product_cat","embeddable":true,"href":"https:\/\/www.eurofacto.com\/en\/wp-json\/wp\/v2\/product_cat?post=3609"},{"taxonomy":"product_tag","embeddable":true,"href":"https:\/\/www.eurofacto.com\/en\/wp-json\/wp\/v2\/product_tag?post=3609"}],"curies":[{"name":"wp","href":"https:\/\/api.w.org\/{rel}","templated":true}]}}