{"id":3645,"date":"2022-08-13T12:53:23","date_gmt":"2022-08-13T10:53:23","guid":{"rendered":"https:\/\/www.eurofacto.com\/?post_type=product&#038;p=3645"},"modified":"2026-02-18T13:35:13","modified_gmt":"2026-02-18T12:35:13","slug":"serviette-en-papier-quadri","status":"publish","type":"product","link":"https:\/\/www.eurofacto.com\/en\/product\/serviette-en-papier-quadri\/","title":{"rendered":"Serviette en papier quadri"},"content":{"rendered":"<p><span style=\"color: #5a7aa7;\"><strong><a style=\"color: #5a7aa7;\" href=\"https:\/\/www.eurofacto.com\/wp-content\/uploads\/2022\/08\/Gabarit-serviette-lunch.pdf\">T\u00e9l\u00e9charger le gabarit d&rsquo;impression (serviette lunch)<\/a><\/strong><\/span><\/p>\n<p>&nbsp;<\/p>\n<p>A299<\/p>","protected":false},"excerpt":{"rendered":"<p>Serviette en papier de qualit\u00e9 sup\u00e9rieure<br \/>\nStandard \"lunch\" size 33x33cm, folded 1\/4<br \/>\nBleached without chlorine &amp; FSC certified<\/p>\n<p>Impression num\u00e9rique directe en quadri all-over<br \/>\nMati\u00e8re ouate 3 plis classique ou airlaid soft premium<\/p>\n<p>Petit conditionnement (sachets de 16 ou 20 pcs)<\/p>","protected":false},"featured_media":3655,"template":"","meta":{"_uag_custom_page_level_css":""},"product_brand":[],"product_cat":[23,22],"product_tag":[],"class_list":{"0":"post-3645","1":"product","2":"type-product","3":"status-publish","4":"has-post-thumbnail","6":"product_cat-arts-de-la-table","7":"product_cat-maison","9":"first","10":"instock","11":"shipping-taxable","12":"product-type-variable"},"uagb_featured_image_src":{"full":["https:\/\/www.eurofacto.com\/wp-content\/uploads\/2022\/08\/serviette_quadri_ex6.jpg",1000,1000,false],"thumbnail":["https:\/\/www.eurofacto.com\/wp-content\/uploads\/2022\/08\/serviette_quadri_ex6-150x150.jpg",150,150,true],"medium":["https:\/\/www.eurofacto.com\/wp-content\/uploads\/2022\/08\/serviette_quadri_ex6-300x300.jpg",300,300,true],"medium_large":["https:\/\/www.eurofacto.com\/wp-content\/uploads\/2022\/08\/serviette_quadri_ex6-768x768.jpg",768,768,true],"large":["https:\/\/www.eurofacto.com\/wp-content\/uploads\/2022\/08\/serviette_quadri_ex6.jpg",1000,1000,false],"1536x1536":["https:\/\/www.eurofacto.com\/wp-content\/uploads\/2022\/08\/serviette_quadri_ex6.jpg",1000,1000,false],"2048x2048":["https:\/\/www.eurofacto.com\/wp-content\/uploads\/2022\/08\/serviette_quadri_ex6.jpg",1000,1000,false],"trp-custom-language-flag":["https:\/\/www.eurofacto.com\/wp-content\/uploads\/2022\/08\/serviette_quadri_ex6-12x12.jpg",12,12,true],"woocommerce_archive_thumbnail":["https:\/\/www.eurofacto.com\/wp-content\/uploads\/2022\/08\/serviette_quadri_ex6-300x300.jpg",300,300,true],"woocommerce_thumbnail":["https:\/\/www.eurofacto.com\/wp-content\/uploads\/2022\/08\/serviette_quadri_ex6-300x300.jpg",300,300,true],"woocommerce_single":["https:\/\/www.eurofacto.com\/wp-content\/uploads\/2022\/08\/serviette_quadri_ex6-600x600.jpg",600,600,true],"woocommerce_gallery_thumbnail":["https:\/\/www.eurofacto.com\/wp-content\/uploads\/2022\/08\/serviette_quadri_ex6-100x100.jpg",100,100,true]},"uagb_author_info":{"display_name":"Antoine Ninat","author_link":"https:\/5ac1d44055f195d1\/5ac1d44055f195d1www.eurofacto.com\/5ac1d44055f195d1en\/5ac1d44055f195d1author\/5ac1d44055f195d1"},"uagb_comment_info":0,"uagb_excerpt":"Serviette en papier de qualit\u00e9 sup\u00e9rieure Format standard \"lunch\" 33x33cm, pli\u00e9e en 4 Mat\u00e9riau blanchi sans chlore et certifi\u00e9 FSC Impression num\u00e9rique directe en quadri all-over Mati\u00e8re ouate 3 plis classique ou airlaid soft premium Petit conditionnement (sachets de 16 ou 20 pcs)","_links":{"self":[{"href":"https:\/\/www.eurofacto.com\/en\/wp-json\/wp\/v2\/product\/3645","targetHints":{"allow":["GET"]}}],"collection":[{"href":"https:\/\/www.eurofacto.com\/en\/wp-json\/wp\/v2\/product"}],"about":[{"href":"https:\/\/www.eurofacto.com\/en\/wp-json\/wp\/v2\/types\/product"}],"wp:featuredmedia":[{"embeddable":true,"href":"https:\/\/www.eurofacto.com\/en\/wp-json\/wp\/v2\/media\/3655"}],"wp:attachment":[{"href":"https:\/\/www.eurofacto.com\/en\/wp-json\/wp\/v2\/media?parent=3645"}],"wp:term":[{"taxonomy":"product_brand","embeddable":true,"href":"https:\/\/www.eurofacto.com\/en\/wp-json\/wp\/v2\/product_brand?post=3645"},{"taxonomy":"product_cat","embeddable":true,"href":"https:\/\/www.eurofacto.com\/en\/wp-json\/wp\/v2\/product_cat?post=3645"},{"taxonomy":"product_tag","embeddable":true,"href":"https:\/\/www.eurofacto.com\/en\/wp-json\/wp\/v2\/product_tag?post=3645"}],"curies":[{"name":"wp","href":"https:\/\/api.w.org\/{rel}","templated":true}]}}