{"id":3721,"date":"2022-08-26T09:31:41","date_gmt":"2022-08-26T07:31:41","guid":{"rendered":"https:\/\/www.eurofacto.com\/?post_type=product&#038;p=3721"},"modified":"2024-07-04T20:52:37","modified_gmt":"2024-07-04T18:52:37","slug":"chaise-longue-quadri","status":"publish","type":"product","link":"https:\/\/www.eurofacto.com\/en\/product\/chaise-longue-quadri\/","title":{"rendered":"Chilienne sup\u00e9rieure"},"content":{"rendered":"<p><a href=\"https:\/\/www.eurofacto.com\/wp-content\/uploads\/2022\/08\/Gabarit-chilienne-quadri.pdf\">Gabarit d&rsquo;impression (chilienne quadri)<\/a><\/p>\n<p>&nbsp;<\/p>\n<p>A302<\/p>","protected":false},"excerpt":{"rendered":"<p>Chaise longue adulte en en bois de h\u00eatre massif naturel<br \/>\nDimensions \u00e0 plat 131 x 56 x 3,2 cm<br \/>\nQualitative structure with metal rivets and 3-notch safety tabs<\/p>\n<p>Removable 260gsm white polyester canvas with all-over print<\/p>\n<p><strong>Article volumineux :<\/strong> attention aux frais de port (disponibles ci-dessous)<\/p>","protected":false},"featured_media":3737,"template":"","meta":{"_uag_custom_page_level_css":""},"product_brand":[],"product_cat":[25,22],"product_tag":[],"class_list":{"0":"post-3721","1":"product","2":"type-product","3":"status-publish","4":"has-post-thumbnail","6":"product_cat-equipement","7":"product_cat-maison","9":"first","10":"instock","11":"shipping-taxable","12":"product-type-variable"},"uagb_featured_image_src":{"full":["https:\/\/www.eurofacto.com\/wp-content\/uploads\/2022\/08\/chilienne_quadri_ex88.jpg",1000,1000,false],"thumbnail":["https:\/\/www.eurofacto.com\/wp-content\/uploads\/2022\/08\/chilienne_quadri_ex88-150x150.jpg",150,150,true],"medium":["https:\/\/www.eurofacto.com\/wp-content\/uploads\/2022\/08\/chilienne_quadri_ex88-300x300.jpg",300,300,true],"medium_large":["https:\/\/www.eurofacto.com\/wp-content\/uploads\/2022\/08\/chilienne_quadri_ex88-768x768.jpg",768,768,true],"large":["https:\/\/www.eurofacto.com\/wp-content\/uploads\/2022\/08\/chilienne_quadri_ex88.jpg",1000,1000,false],"1536x1536":["https:\/\/www.eurofacto.com\/wp-content\/uploads\/2022\/08\/chilienne_quadri_ex88.jpg",1000,1000,false],"2048x2048":["https:\/\/www.eurofacto.com\/wp-content\/uploads\/2022\/08\/chilienne_quadri_ex88.jpg",1000,1000,false],"trp-custom-language-flag":["https:\/\/www.eurofacto.com\/wp-content\/uploads\/2022\/08\/chilienne_quadri_ex88-12x12.jpg",12,12,true],"woocommerce_archive_thumbnail":["https:\/\/www.eurofacto.com\/wp-content\/uploads\/2022\/08\/chilienne_quadri_ex88-300x300.jpg",300,300,true],"woocommerce_thumbnail":["https:\/\/www.eurofacto.com\/wp-content\/uploads\/2022\/08\/chilienne_quadri_ex88-300x300.jpg",300,300,true],"woocommerce_single":["https:\/\/www.eurofacto.com\/wp-content\/uploads\/2022\/08\/chilienne_quadri_ex88-600x600.jpg",600,600,true],"woocommerce_gallery_thumbnail":["https:\/\/www.eurofacto.com\/wp-content\/uploads\/2022\/08\/chilienne_quadri_ex88-100x100.jpg",100,100,true]},"uagb_author_info":{"display_name":"Antoine Ninat","author_link":"https:\/5ac1d44055f195d1\/5ac1d44055f195d1www.eurofacto.com\/5ac1d44055f195d1en\/5ac1d44055f195d1author\/5ac1d44055f195d1"},"uagb_comment_info":0,"uagb_excerpt":"Chaise longue adulte en en bois de h\u00eatre massif naturel Dimensions \u00e0 plat 131 x 56 x 3,2 cm Structure qualitative avec rivets en m\u00e9tal et pattes de s\u00e9curit\u00e9 3 crans Toile amovible en polyester blanc 260 g\/m\u00b2 avec impression sur toute la surface Article volumineux : attention aux frais de port (disponibles ci-dessous)","_links":{"self":[{"href":"https:\/\/www.eurofacto.com\/en\/wp-json\/wp\/v2\/product\/3721","targetHints":{"allow":["GET"]}}],"collection":[{"href":"https:\/\/www.eurofacto.com\/en\/wp-json\/wp\/v2\/product"}],"about":[{"href":"https:\/\/www.eurofacto.com\/en\/wp-json\/wp\/v2\/types\/product"}],"wp:featuredmedia":[{"embeddable":true,"href":"https:\/\/www.eurofacto.com\/en\/wp-json\/wp\/v2\/media\/3737"}],"wp:attachment":[{"href":"https:\/\/www.eurofacto.com\/en\/wp-json\/wp\/v2\/media?parent=3721"}],"wp:term":[{"taxonomy":"product_brand","embeddable":true,"href":"https:\/\/www.eurofacto.com\/en\/wp-json\/wp\/v2\/product_brand?post=3721"},{"taxonomy":"product_cat","embeddable":true,"href":"https:\/\/www.eurofacto.com\/en\/wp-json\/wp\/v2\/product_cat?post=3721"},{"taxonomy":"product_tag","embeddable":true,"href":"https:\/\/www.eurofacto.com\/en\/wp-json\/wp\/v2\/product_tag?post=3721"}],"curies":[{"name":"wp","href":"https:\/\/api.w.org\/{rel}","templated":true}]}}