{"id":3969,"date":"2022-09-20T17:51:55","date_gmt":"2022-09-20T15:51:55","guid":{"rendered":"https:\/\/www.eurofacto.com\/?post_type=product&#038;p=3969"},"modified":"2024-07-04T20:52:36","modified_gmt":"2024-07-04T18:52:36","slug":"parasol-premium","status":"publish","type":"product","link":"https:\/\/www.eurofacto.com\/en\/product\/parasol-premium\/","title":{"rendered":"Pro plus parasol"},"content":{"rendered":"<p>&nbsp;<\/p>\n<p>&nbsp;<\/p>\n<p>A308<\/p>","protected":false},"excerpt":{"rendered":"<p>Strong parasol suitable for use in difficult outdoor conditions, thanks to its reinforced structure.<br \/>\nHandle opening mechanism, with telescopic system.<br \/>\nCanopy with top ventilation and optional double roof. Wind resistance 45 km\/h max.<\/p>\n<p>75mm white lacquered aluminum pole, structure with 8 ribs 45x18mm<br \/>\nWhite canvas in 200gsm woven polyester with water-repellent treatment, with or without bottom flap<\/p>\n<p>Various optional bases, depending on size and conditions of use:<br \/>\n- round concrete base 100kg: +45 \u20ac\/pc<br \/>\n- cross-brace base 100x100cm: +65 \u20ac\/pc<br \/>\n- cross-brace base with concrete flagstones 159 or 173kg: +85 \u20ac\/pc<\/p>","protected":false},"featured_media":3988,"template":"","meta":{"_uag_custom_page_level_css":""},"product_brand":[],"product_cat":[29,27],"product_tag":[],"class_list":{"0":"post-3969","1":"product","2":"type-product","3":"status-publish","4":"has-post-thumbnail","6":"product_cat-evenementiel","7":"product_cat-outdoor","9":"first","10":"instock","11":"shipping-taxable","12":"product-type-variable"},"uagb_featured_image_src":{"full":["https:\/\/www.eurofacto.com\/wp-content\/uploads\/2022\/09\/parasol_renforce_ex2.jpg",1000,1000,false],"thumbnail":["https:\/\/www.eurofacto.com\/wp-content\/uploads\/2022\/09\/parasol_renforce_ex2-150x150.jpg",150,150,true],"medium":["https:\/\/www.eurofacto.com\/wp-content\/uploads\/2022\/09\/parasol_renforce_ex2-300x300.jpg",300,300,true],"medium_large":["https:\/\/www.eurofacto.com\/wp-content\/uploads\/2022\/09\/parasol_renforce_ex2-768x768.jpg",768,768,true],"large":["https:\/\/www.eurofacto.com\/wp-content\/uploads\/2022\/09\/parasol_renforce_ex2.jpg",1000,1000,false],"1536x1536":["https:\/\/www.eurofacto.com\/wp-content\/uploads\/2022\/09\/parasol_renforce_ex2.jpg",1000,1000,false],"2048x2048":["https:\/\/www.eurofacto.com\/wp-content\/uploads\/2022\/09\/parasol_renforce_ex2.jpg",1000,1000,false],"trp-custom-language-flag":["https:\/\/www.eurofacto.com\/wp-content\/uploads\/2022\/09\/parasol_renforce_ex2-12x12.jpg",12,12,true],"woocommerce_archive_thumbnail":["https:\/\/www.eurofacto.com\/wp-content\/uploads\/2022\/09\/parasol_renforce_ex2-300x300.jpg",300,300,true],"woocommerce_thumbnail":["https:\/\/www.eurofacto.com\/wp-content\/uploads\/2022\/09\/parasol_renforce_ex2-300x300.jpg",300,300,true],"woocommerce_single":["https:\/\/www.eurofacto.com\/wp-content\/uploads\/2022\/09\/parasol_renforce_ex2-600x600.jpg",600,600,true],"woocommerce_gallery_thumbnail":["https:\/\/www.eurofacto.com\/wp-content\/uploads\/2022\/09\/parasol_renforce_ex2-100x100.jpg",100,100,true]},"uagb_author_info":{"display_name":"Antoine Ninat","author_link":"https:\/5ac1d44055f195d1\/5ac1d44055f195d1www.eurofacto.com\/5ac1d44055f195d1en\/5ac1d44055f195d1author\/5ac1d44055f195d1"},"uagb_comment_info":0,"uagb_excerpt":"Parasol robuste adapt\u00e9 \u00e0 une utilisation dans des conditions ext\u00e9rieures difficiles, gr\u00e2ce \u00e0 sa structure renforc\u00e9e. M\u00e9canisme d'ouverture \u00e0 poign\u00e9e, avec syst\u00e8me t\u00e9lescopique. Toile avec a\u00e9ration sup\u00e9rieure et double toit en option. R\u00e9sistance au vent 45 km\/h max. M\u00e2t en aluminium 75mm laqu\u00e9 blanc, structure 8 baleines 45x18mm Toile blanche en polyester tiss\u00e9 200 g\/m\u00b2&hellip;","_links":{"self":[{"href":"https:\/\/www.eurofacto.com\/en\/wp-json\/wp\/v2\/product\/3969","targetHints":{"allow":["GET"]}}],"collection":[{"href":"https:\/\/www.eurofacto.com\/en\/wp-json\/wp\/v2\/product"}],"about":[{"href":"https:\/\/www.eurofacto.com\/en\/wp-json\/wp\/v2\/types\/product"}],"wp:featuredmedia":[{"embeddable":true,"href":"https:\/\/www.eurofacto.com\/en\/wp-json\/wp\/v2\/media\/3988"}],"wp:attachment":[{"href":"https:\/\/www.eurofacto.com\/en\/wp-json\/wp\/v2\/media?parent=3969"}],"wp:term":[{"taxonomy":"product_brand","embeddable":true,"href":"https:\/\/www.eurofacto.com\/en\/wp-json\/wp\/v2\/product_brand?post=3969"},{"taxonomy":"product_cat","embeddable":true,"href":"https:\/\/www.eurofacto.com\/en\/wp-json\/wp\/v2\/product_cat?post=3969"},{"taxonomy":"product_tag","embeddable":true,"href":"https:\/\/www.eurofacto.com\/en\/wp-json\/wp\/v2\/product_tag?post=3969"}],"curies":[{"name":"wp","href":"https:\/\/api.w.org\/{rel}","templated":true}]}}