{"id":4353,"date":"2023-01-20T15:11:42","date_gmt":"2023-01-20T14:11:42","guid":{"rendered":"https:\/\/www.eurofacto.com\/?post_type=product&#038;p=4353"},"modified":"2026-01-20T14:51:45","modified_gmt":"2026-01-20T13:51:45","slug":"main-geante-en-carton","status":"publish","type":"product","link":"https:\/\/www.eurofacto.com\/en\/product\/main-geante-en-carton\/","title":{"rendered":"Giant cardboard fan hand"},"content":{"rendered":"<p>&nbsp;<\/p>\n<p>&nbsp;<\/p>\n<p>B319<\/p>","protected":false},"excerpt":{"rendered":"<p>270gsm white cardboard<br \/>\nGlued contours with bottom opening to slip your hand in<\/p>\n<p>Format A4 selon 5 formes de d\u00e9coupe au choix<\/p>\n<p><strong>Seule la forme standard est disponible pour les quantit\u00e9s inf\u00e9rieures \u00e0 1.000 pcs<\/strong><\/p>","protected":false},"featured_media":4358,"template":"","meta":{"_uag_custom_page_level_css":""},"product_brand":[],"product_cat":[34,33],"product_tag":[],"class_list":{"0":"post-4353","1":"product","2":"type-product","3":"status-publish","4":"has-post-thumbnail","6":"product_cat-fete","7":"product_cat-loisirs","9":"first","10":"instock","11":"shipping-taxable","12":"product-type-variable"},"uagb_featured_image_src":{"full":["https:\/\/www.eurofacto.com\/wp-content\/uploads\/2023\/01\/main_geante_ex3.jpg",1000,1000,false],"thumbnail":["https:\/\/www.eurofacto.com\/wp-content\/uploads\/2023\/01\/main_geante_ex3-150x150.jpg",150,150,true],"medium":["https:\/\/www.eurofacto.com\/wp-content\/uploads\/2023\/01\/main_geante_ex3-300x300.jpg",300,300,true],"medium_large":["https:\/\/www.eurofacto.com\/wp-content\/uploads\/2023\/01\/main_geante_ex3-768x768.jpg",768,768,true],"large":["https:\/\/www.eurofacto.com\/wp-content\/uploads\/2023\/01\/main_geante_ex3.jpg",1000,1000,false],"1536x1536":["https:\/\/www.eurofacto.com\/wp-content\/uploads\/2023\/01\/main_geante_ex3.jpg",1000,1000,false],"2048x2048":["https:\/\/www.eurofacto.com\/wp-content\/uploads\/2023\/01\/main_geante_ex3.jpg",1000,1000,false],"trp-custom-language-flag":["https:\/\/www.eurofacto.com\/wp-content\/uploads\/2023\/01\/main_geante_ex3-12x12.jpg",12,12,true],"woocommerce_archive_thumbnail":["https:\/\/www.eurofacto.com\/wp-content\/uploads\/2023\/01\/main_geante_ex3-300x300.jpg",300,300,true],"woocommerce_thumbnail":["https:\/\/www.eurofacto.com\/wp-content\/uploads\/2023\/01\/main_geante_ex3-300x300.jpg",300,300,true],"woocommerce_single":["https:\/\/www.eurofacto.com\/wp-content\/uploads\/2023\/01\/main_geante_ex3-600x600.jpg",600,600,true],"woocommerce_gallery_thumbnail":["https:\/\/www.eurofacto.com\/wp-content\/uploads\/2023\/01\/main_geante_ex3-100x100.jpg",100,100,true]},"uagb_author_info":{"display_name":"Antoine Ninat","author_link":"https:\/5ac1d44055f195d1\/5ac1d44055f195d1www.eurofacto.com\/5ac1d44055f195d1en\/5ac1d44055f195d1author\/5ac1d44055f195d1"},"uagb_comment_info":0,"uagb_excerpt":"Corps en carton blanc 270 g\/m\u00b2 Contours encoll\u00e9s avec ouverture inf\u00e9rieure pour y glisser la main Format A4 selon 5 formes de d\u00e9coupe au choix Seule la forme standard est disponible pour les quantit\u00e9s inf\u00e9rieures \u00e0 1.000 pcs","_links":{"self":[{"href":"https:\/\/www.eurofacto.com\/en\/wp-json\/wp\/v2\/product\/4353","targetHints":{"allow":["GET"]}}],"collection":[{"href":"https:\/\/www.eurofacto.com\/en\/wp-json\/wp\/v2\/product"}],"about":[{"href":"https:\/\/www.eurofacto.com\/en\/wp-json\/wp\/v2\/types\/product"}],"wp:featuredmedia":[{"embeddable":true,"href":"https:\/\/www.eurofacto.com\/en\/wp-json\/wp\/v2\/media\/4358"}],"wp:attachment":[{"href":"https:\/\/www.eurofacto.com\/en\/wp-json\/wp\/v2\/media?parent=4353"}],"wp:term":[{"taxonomy":"product_brand","embeddable":true,"href":"https:\/\/www.eurofacto.com\/en\/wp-json\/wp\/v2\/product_brand?post=4353"},{"taxonomy":"product_cat","embeddable":true,"href":"https:\/\/www.eurofacto.com\/en\/wp-json\/wp\/v2\/product_cat?post=4353"},{"taxonomy":"product_tag","embeddable":true,"href":"https:\/\/www.eurofacto.com\/en\/wp-json\/wp\/v2\/product_tag?post=4353"}],"curies":[{"name":"wp","href":"https:\/\/api.w.org\/{rel}","templated":true}]}}