{"id":4468,"date":"2023-02-14T17:58:05","date_gmt":"2023-02-14T16:58:05","guid":{"rendered":"https:\/\/www.eurofacto.com\/?post_type=product&#038;p=4468"},"modified":"2025-11-17T14:27:28","modified_gmt":"2025-11-17T13:27:28","slug":"tasse-a-cafe-en-verre-8cl","status":"publish","type":"product","link":"https:\/\/www.eurofacto.com\/en\/product\/tasse-a-cafe-en-verre-8cl\/","title":{"rendered":"Glass coffee cup 9cl"},"content":{"rendered":"<p><a href=\"https:\/\/www.eurofacto.com\/wp-content\/uploads\/2023\/02\/Gabarit-tasse-verre-9cl-1.pdf\"><strong>Download<\/strong> le gabarit d&rsquo;impression (tasse \u00e0 caf\u00e9 9cl)<\/a><\/p>\n<p>&nbsp;<\/p>\n<p>B322<\/p>","protected":false},"excerpt":{"rendered":"<p>Tempered glass - <strong>Made in France<\/strong><br \/>\nDishwasher safe and temperature changes resistant<br \/>\nExpresso cup - Max. capacity 90ml<\/p>\n<p>Special inks and high temperature firing for long-lasting marking<br \/>\nSuitable for intensive use in a professional environment<\/p>\n<p><strong>En option<\/strong>, conditionnement sous <strong>bo\u00eete<\/strong> <strong>individuelle<\/strong> en carton +0,65 \u20ac\/pc<\/p>\n<p><strong>Important notice:<\/strong> fragile item delivered on pallets<br \/>\nSpecific shipping costs (see below)<\/p>","protected":false},"featured_media":4488,"template":"","meta":{"_uag_custom_page_level_css":""},"product_brand":[],"product_cat":[22,1237],"product_tag":[],"class_list":{"0":"post-4468","1":"product","2":"type-product","3":"status-publish","4":"has-post-thumbnail","6":"product_cat-maison","7":"product_cat-verres-et-mugs","9":"first","10":"instock","11":"shipping-taxable","12":"product-type-variable"},"uagb_featured_image_src":{"full":["https:\/\/www.eurofacto.com\/wp-content\/uploads\/2023\/02\/tasse_a_cafe_verre_ex1.jpg",1000,1000,false],"thumbnail":["https:\/\/www.eurofacto.com\/wp-content\/uploads\/2023\/02\/tasse_a_cafe_verre_ex1-150x150.jpg",150,150,true],"medium":["https:\/\/www.eurofacto.com\/wp-content\/uploads\/2023\/02\/tasse_a_cafe_verre_ex1-300x300.jpg",300,300,true],"medium_large":["https:\/\/www.eurofacto.com\/wp-content\/uploads\/2023\/02\/tasse_a_cafe_verre_ex1-768x768.jpg",768,768,true],"large":["https:\/\/www.eurofacto.com\/wp-content\/uploads\/2023\/02\/tasse_a_cafe_verre_ex1.jpg",1000,1000,false],"1536x1536":["https:\/\/www.eurofacto.com\/wp-content\/uploads\/2023\/02\/tasse_a_cafe_verre_ex1.jpg",1000,1000,false],"2048x2048":["https:\/\/www.eurofacto.com\/wp-content\/uploads\/2023\/02\/tasse_a_cafe_verre_ex1.jpg",1000,1000,false],"trp-custom-language-flag":["https:\/\/www.eurofacto.com\/wp-content\/uploads\/2023\/02\/tasse_a_cafe_verre_ex1-12x12.jpg",12,12,true],"woocommerce_archive_thumbnail":["https:\/\/www.eurofacto.com\/wp-content\/uploads\/2023\/02\/tasse_a_cafe_verre_ex1-300x300.jpg",300,300,true],"woocommerce_thumbnail":["https:\/\/www.eurofacto.com\/wp-content\/uploads\/2023\/02\/tasse_a_cafe_verre_ex1-300x300.jpg",300,300,true],"woocommerce_single":["https:\/\/www.eurofacto.com\/wp-content\/uploads\/2023\/02\/tasse_a_cafe_verre_ex1-600x600.jpg",600,600,true],"woocommerce_gallery_thumbnail":["https:\/\/www.eurofacto.com\/wp-content\/uploads\/2023\/02\/tasse_a_cafe_verre_ex1-100x100.jpg",100,100,true]},"uagb_author_info":{"display_name":"Antoine Ninat","author_link":"https:\/5ac1d44055f195d1\/5ac1d44055f195d1www.eurofacto.com\/5ac1d44055f195d1en\/5ac1d44055f195d1author\/5ac1d44055f195d1"},"uagb_comment_info":0,"uagb_excerpt":"Corps en verre tremp\u00e9 - Fabriqu\u00e9 en France Passe au lave-vaisselle et r\u00e9siste aux variations de temp\u00e9rature Mod\u00e8le expresso - Capacit\u00e9 max. 90ml Encres sp\u00e9ciales et cuisson post-impression pour un marquage durable Adapt\u00e9 \u00e0 un usage intensif en milieu professionnel En option, conditionnement sous bo\u00eete individuelle en carton +0,65 \u20ac\/pc Attention : article fragile livr\u00e9&hellip;","_links":{"self":[{"href":"https:\/\/www.eurofacto.com\/en\/wp-json\/wp\/v2\/product\/4468","targetHints":{"allow":["GET"]}}],"collection":[{"href":"https:\/\/www.eurofacto.com\/en\/wp-json\/wp\/v2\/product"}],"about":[{"href":"https:\/\/www.eurofacto.com\/en\/wp-json\/wp\/v2\/types\/product"}],"wp:featuredmedia":[{"embeddable":true,"href":"https:\/\/www.eurofacto.com\/en\/wp-json\/wp\/v2\/media\/4488"}],"wp:attachment":[{"href":"https:\/\/www.eurofacto.com\/en\/wp-json\/wp\/v2\/media?parent=4468"}],"wp:term":[{"taxonomy":"product_brand","embeddable":true,"href":"https:\/\/www.eurofacto.com\/en\/wp-json\/wp\/v2\/product_brand?post=4468"},{"taxonomy":"product_cat","embeddable":true,"href":"https:\/\/www.eurofacto.com\/en\/wp-json\/wp\/v2\/product_cat?post=4468"},{"taxonomy":"product_tag","embeddable":true,"href":"https:\/\/www.eurofacto.com\/en\/wp-json\/wp\/v2\/product_tag?post=4468"}],"curies":[{"name":"wp","href":"https:\/\/api.w.org\/{rel}","templated":true}]}}