{"id":4580,"date":"2023-05-02T22:21:53","date_gmt":"2023-05-02T20:21:53","guid":{"rendered":"https:\/\/www.eurofacto.com\/?post_type=product&#038;p=4580"},"modified":"2025-12-04T11:09:55","modified_gmt":"2025-12-04T10:09:55","slug":"verre-a-vin-classique","status":"publish","type":"product","link":"https:\/\/www.eurofacto.com\/en\/product\/verre-a-vin-classique\/","title":{"rendered":"Classic wine glass"},"content":{"rendered":"<p><a href=\"https:\/\/www.eurofacto.com\/wp-content\/uploads\/2023\/05\/FT-Verre-a-vin-classique.pdf\"><strong>Download<\/strong> la fiche technique (Verre \u00e0 vin classique)<\/a><\/p>\n<p>&nbsp;<\/p>\n<p>&nbsp;<\/p>\n<p>B338<\/p>","protected":false},"excerpt":{"rendered":"<p>Glass body for food contact<br \/>\nDishwasher safe and temperature changes resistant<br \/>\nConditionn\u00e9 par bo\u00eetes de 6 verres<\/p>\n<p>Special inks and high temperature firing for long-lasting marking<br \/>\nSuitable for intensive use in a professional environment<\/p>\n<p><strong>Important notice:<\/strong> fragile item delivered on pallets<br \/>\nSpecific shipping costs (see below)<\/p>","protected":false},"featured_media":5278,"template":"","meta":{"_uag_custom_page_level_css":""},"product_brand":[],"product_cat":[22,1237],"product_tag":[],"class_list":{"0":"post-4580","1":"product","2":"type-product","3":"status-publish","4":"has-post-thumbnail","6":"product_cat-maison","7":"product_cat-verres-et-mugs","9":"first","10":"instock","11":"shipping-taxable","12":"product-type-variable"},"uagb_featured_image_src":{"full":["https:\/\/www.eurofacto.com\/wp-content\/uploads\/2023\/05\/verre_a_vin_classique_ex77-2.jpg",1084,1084,false],"thumbnail":["https:\/\/www.eurofacto.com\/wp-content\/uploads\/2023\/05\/verre_a_vin_classique_ex77-2-150x150.jpg",150,150,true],"medium":["https:\/\/www.eurofacto.com\/wp-content\/uploads\/2023\/05\/verre_a_vin_classique_ex77-2-300x300.jpg",300,300,true],"medium_large":["https:\/\/www.eurofacto.com\/wp-content\/uploads\/2023\/05\/verre_a_vin_classique_ex77-2-768x768.jpg",768,768,true],"large":["https:\/\/www.eurofacto.com\/wp-content\/uploads\/2023\/05\/verre_a_vin_classique_ex77-2-1024x1024.jpg",1024,1024,true],"1536x1536":["https:\/\/www.eurofacto.com\/wp-content\/uploads\/2023\/05\/verre_a_vin_classique_ex77-2.jpg",1084,1084,false],"2048x2048":["https:\/\/www.eurofacto.com\/wp-content\/uploads\/2023\/05\/verre_a_vin_classique_ex77-2.jpg",1084,1084,false],"trp-custom-language-flag":["https:\/\/www.eurofacto.com\/wp-content\/uploads\/2023\/05\/verre_a_vin_classique_ex77-2-12x12.jpg",12,12,true],"woocommerce_archive_thumbnail":["https:\/\/www.eurofacto.com\/wp-content\/uploads\/2023\/05\/verre_a_vin_classique_ex77-2-300x300.jpg",300,300,true],"woocommerce_thumbnail":["https:\/\/www.eurofacto.com\/wp-content\/uploads\/2023\/05\/verre_a_vin_classique_ex77-2-300x300.jpg",300,300,true],"woocommerce_single":["https:\/\/www.eurofacto.com\/wp-content\/uploads\/2023\/05\/verre_a_vin_classique_ex77-2-600x600.jpg",600,600,true],"woocommerce_gallery_thumbnail":["https:\/\/www.eurofacto.com\/wp-content\/uploads\/2023\/05\/verre_a_vin_classique_ex77-2-100x100.jpg",100,100,true]},"uagb_author_info":{"display_name":"Antoine Ninat","author_link":"https:\/5ac1d44055f195d1\/5ac1d44055f195d1www.eurofacto.com\/5ac1d44055f195d1en\/5ac1d44055f195d1author\/5ac1d44055f195d1"},"uagb_comment_info":0,"uagb_excerpt":"Corps en verre \u00e0 usage alimentaire Passe au lave-vaisselle et r\u00e9siste aux variations de temp\u00e9rature Conditionn\u00e9 par bo\u00eetes de 6 verres Encres sp\u00e9ciales et cuisson post-impression pour un marquage durable Adapt\u00e9 \u00e0 un usage intensif en milieu professionnel Attention : article fragile livr\u00e9 sur palette Frais de port sp\u00e9cifiques (voir ci-dessous)","_links":{"self":[{"href":"https:\/\/www.eurofacto.com\/en\/wp-json\/wp\/v2\/product\/4580","targetHints":{"allow":["GET"]}}],"collection":[{"href":"https:\/\/www.eurofacto.com\/en\/wp-json\/wp\/v2\/product"}],"about":[{"href":"https:\/\/www.eurofacto.com\/en\/wp-json\/wp\/v2\/types\/product"}],"wp:featuredmedia":[{"embeddable":true,"href":"https:\/\/www.eurofacto.com\/en\/wp-json\/wp\/v2\/media\/5278"}],"wp:attachment":[{"href":"https:\/\/www.eurofacto.com\/en\/wp-json\/wp\/v2\/media?parent=4580"}],"wp:term":[{"taxonomy":"product_brand","embeddable":true,"href":"https:\/\/www.eurofacto.com\/en\/wp-json\/wp\/v2\/product_brand?post=4580"},{"taxonomy":"product_cat","embeddable":true,"href":"https:\/\/www.eurofacto.com\/en\/wp-json\/wp\/v2\/product_cat?post=4580"},{"taxonomy":"product_tag","embeddable":true,"href":"https:\/\/www.eurofacto.com\/en\/wp-json\/wp\/v2\/product_tag?post=4580"}],"curies":[{"name":"wp","href":"https:\/\/api.w.org\/{rel}","templated":true}]}}